{"id":581,"date":"2023-08-09T19:48:13","date_gmt":"2023-08-09T17:48:13","guid":{"rendered":"https:\/\/babgyaloglo.hu\/shop\/"},"modified":"2023-10-03T19:18:50","modified_gmt":"2023-10-03T17:18:50","slug":"shop","status":"publish","type":"page","link":"https:\/\/babgyaloglo.hu\/hu\/shop\/","title":{"rendered":"Webshop"},"content":{"rendered":"<p>[et_pb_section fb_built=&#8221;1&#8243; custom_padding_last_edited=&#8221;off|desktop&#8221; admin_label=&#8221;Header&#8221; _builder_version=&#8221;4.21.2&#8243; background_enable_color=&#8221;off&#8221; background_image=&#8221;https:\/\/babgyaloglo.hu\/wp-content\/uploads\/2023\/08\/csik-transp-light.png&#8221; background_size=&#8221;contain&#8221; background_position=&#8221;top_right&#8221; custom_padding=&#8221;||3px|||&#8221; custom_padding_tablet=&#8221;||0px||false|false&#8221; background_last_edited=&#8221;on|phone&#8221; background_image_phone=&#8221;https:\/\/babgyaloglo.hu\/wp-content\/uploads\/2023\/08\/varacska.png&#8221; background_enable_image_phone=&#8221;on&#8221; locked=&#8221;off&#8221; global_colors_info=&#8221;{}&#8221;][et_pb_row _builder_version=&#8221;4.16&#8243; custom_margin=&#8221;|auto|3px|auto||&#8221; custom_padding=&#8221;16px|||||&#8221; global_colors_info=&#8221;{}&#8221;][et_pb_column type=&#8221;4_4&#8243; _builder_version=&#8221;4.16&#8243; global_colors_info=&#8221;{}&#8221;][et_pb_image src=&#8221;https:\/\/babgyaloglo.hu\/wp-content\/uploads\/2023\/08\/web-logo-figura.jpg&#8221; title_text=&#8221;babgyaloglo_logo_final&#8221; align=&#8221;center&#8221; _builder_version=&#8221;4.21.2&#8243; _module_preset=&#8221;default&#8221; width=&#8221;22%&#8221; width_tablet=&#8221;34%&#8221; width_phone=&#8221;58%&#8221; width_last_edited=&#8221;on|tablet&#8221; custom_margin=&#8221;25px||||false|false&#8221; custom_margin_tablet=&#8221;-47px||||false|false&#8221; custom_margin_phone=&#8221;9px||||false|false&#8221; custom_margin_last_edited=&#8221;on|phone&#8221; custom_padding=&#8221;52px|||||&#8221; custom_padding_tablet=&#8221;0px||||false|false&#8221; custom_padding_phone=&#8221;0px||||false|false&#8221; custom_padding_last_edited=&#8221;on|tablet&#8221; animation_style=&#8221;roll&#8221; animation_delay=&#8221;250ms&#8221; animation_intensity_roll=&#8221;10%&#8221; border_radii=&#8221;on|454px|454px|454px|454px&#8221; box_shadow_style=&#8221;preset1&#8243; box_shadow_vertical=&#8221;-12px&#8221; box_shadow_blur=&#8221;46px&#8221; box_shadow_color=&#8221;rgba(0,0,0,0.26)&#8221; global_colors_info=&#8221;{}&#8221;][\/et_pb_image][et_pb_text _builder_version=&#8221;4.21.2&#8243; _module_preset=&#8221;default&#8221; header_text_align=&#8221;center&#8221; header_font_size=&#8221;56px&#8221; header_font_size_tablet=&#8221;50px&#8221; header_font_size_phone=&#8221;40px&#8221; header_font_size_last_edited=&#8221;on|phone&#8221; global_colors_info=&#8221;{}&#8221;]<\/p>\n<h1>Web\u00e1ruh\u00e1z<\/h1>\n<p>[\/et_pb_text][\/et_pb_column][\/et_pb_row][et_pb_row _builder_version=&#8221;4.21.2&#8243; _module_preset=&#8221;default&#8221; global_colors_info=&#8221;{}&#8221;][et_pb_column type=&#8221;4_4&#8243; _builder_version=&#8221;4.21.2&#8243; _module_preset=&#8221;default&#8221; global_colors_info=&#8221;{}&#8221;][et_pb_text _builder_version=&#8221;4.21.2&#8243; _module_preset=&#8221;default&#8221; text_text_color=&#8221;#874773&#8243; text_line_height=&#8221;1.8em&#8221; background_enable_color=&#8221;off&#8221; use_background_color_gradient=&#8221;on&#8221; background_color_gradient_direction=&#8221;90deg&#8221; background_color_gradient_stops=&#8221;rgba(255,255,255,0) 1%|rgba(135,71,115,0.27) 50%|rgba(255,255,255,0) 100%&#8221; text_orientation=&#8221;center&#8221; custom_padding=&#8221;20px|20px|20px|20px|true|true&#8221; global_colors_info=&#8221;{}&#8221;]<\/p>\n<p><strong>FONTOS INFORM\u00c1CI\u00d3<\/strong><br \/>A k\u00f6nyv \u00e9s a t\u00f6bbi term\u00e9k csak mag\u00e1nszem\u00e9lyek sz\u00e1m\u00e1ra megv\u00e1s\u00e1rolhat\u00f3 a KATA szab\u00e1lyoz\u00e1sra val\u00f3 tekintettel. C\u00e9gk\u00e9nt \u00e9s egy\u00e9ni v\u00e1llalkoz\u00f3k\u00e9nt nem tudsz v\u00e1s\u00e1rolni az oldalunkon.<\/p>\n<p>[\/et_pb_text][\/et_pb_column][\/et_pb_row][\/et_pb_section][et_pb_section fb_built=&#8221;1&#8243; admin_label=&#8221;section&#8221; _builder_version=&#8221;4.16&#8243; custom_padding=&#8221;3px||70px|||&#8221; global_colors_info=&#8221;{}&#8221;][et_pb_row admin_label=&#8221;row&#8221; _builder_version=&#8221;4.21.2&#8243; use_background_color_gradient=&#8221;on&#8221; background_color_gradient_direction=&#8221;90deg&#8221; background_color_gradient_stops=&#8221;rgba(255,255,255,0) 0%|rgba(233,215,191,0.2) 49%|rgba(255,255,255,0) 100%&#8221; background_size=&#8221;initial&#8221; background_position=&#8221;top_left&#8221; background_repeat=&#8221;repeat&#8221; global_colors_info=&#8221;{}&#8221;][et_pb_column type=&#8221;4_4&#8243; _builder_version=&#8221;4.16&#8243; custom_padding=&#8221;|||&#8221; global_colors_info=&#8221;{}&#8221; custom_padding__hover=&#8221;|||&#8221;][et_pb_shop posts_number=&#8221;50&#8243; show_pagination=&#8221;on&#8221; sale_badge_color=&#8221;#874773&#8243; show_rating=&#8221;off&#8221; _builder_version=&#8221;4.22.2&#8243; _module_preset=&#8221;default&#8221; sale_badge_custom_padding=&#8221;8px|20px|6px|20px|false|true&#8221; title_font=&#8221;Josefin Sans|||on|||||&#8221; title_text_align=&#8221;center&#8221; price_font=&#8221;|||on|||||&#8221; price_text_align=&#8221;center&#8221; price_text_color=&#8221;#874773&#8243; price_font_size=&#8221;16px&#8221; sale_badge_font=&#8221;|700||on|||||&#8221; sale_badge_text_color=&#8221;#e8d6c5&#8243; sale_badge_font_size=&#8221;19px&#8221; sale_badge_letter_spacing=&#8221;1px&#8221; hover_enabled=&#8221;0&#8243; border_radii_sale_badge=&#8221;on|0px|0px|0px|0px&#8221; border_width_all_sale_badge=&#8221;2px&#8221; border_color_all_sale_badge=&#8221;#ffffff&#8221; global_colors_info=&#8221;{}&#8221; columns_number=&#8221;3&#8243; sticky_enabled=&#8221;0&#8243;][\/et_pb_shop][\/et_pb_column][\/et_pb_row][et_pb_row _builder_version=&#8221;4.21.2&#8243; _module_preset=&#8221;default&#8221; custom_padding=&#8221;85px|||||&#8221; global_colors_info=&#8221;{}&#8221;][et_pb_column type=&#8221;4_4&#8243; _builder_version=&#8221;4.21.2&#8243; _module_preset=&#8221;default&#8221; global_colors_info=&#8221;{}&#8221;][et_pb_text content_tablet=&#8221;<\/p>\n<p><a href=%22https:\/\/babgyaloglo.hu\/hu\/adatvedelmi-iranyelvek\/%22 data-et-target-link=%22_blank%22 rel=%22noopener%22>ADATKEZEL\u00c9SI IR\u00c1NYELVEK<\/a><\/p>\n<p><a href=%22https:\/\/babgyaloglo.hu\/tc\/%22 data-et-target-link=%22_blank%22 rel=%22noopener%22>\u00c1SZF<\/a><\/p>\n<p><a href=%22https:\/\/babgyaloglo.hu\/refund_returns\/%22 data-et-target-link=%22_blank%22 rel=%22noopener%22>Visszak\u00fcld\u00e9s \u00e9s Visszat\u00e9r\u00edt\u00e9s<\/a><\/p>\n<p>&#8221; content_phone=&#8221;<\/p>\n<p><a href=%22https:\/\/babgyaloglo.hu\/hu\/adatvedelmi-iranyelvek\/%22 data-et-target-link=%22_blank%22 rel=%22noopener%22>ADATKEZEL\u00c9SI IR\u00c1NYELVEK<\/a><\/p>\n<p><a href=%22https:\/\/babgyaloglo.hu\/tc\/%22 data-et-target-link=%22_blank%22 rel=%22noopener%22>\u00c1SZF<\/a><\/p>\n<p><a href=%22https:\/\/babgyaloglo.hu\/refund_returns\/%22 data-et-target-link=%22_blank%22 rel=%22noopener%22>Visszak\u00fcld\u00e9s \u00e9s Visszat\u00e9r\u00edt\u00e9s<\/a><\/p>\n<p>&#8221; content_last_edited=&#8221;on|phone&#8221; _builder_version=&#8221;4.21.2&#8243; _module_preset=&#8221;default&#8221; text_text_color=&#8221;#874773&#8243; text_line_height=&#8221;1.8em&#8221; link_font=&#8221;|||on|||||&#8221; link_text_color=&#8221;#874773&#8243; background_enable_color=&#8221;off&#8221; use_background_color_gradient=&#8221;on&#8221; background_color_gradient_direction=&#8221;90deg&#8221; background_color_gradient_stops=&#8221;rgba(255,255,255,0) 1%|rgba(135,71,115,0.27) 50%|rgba(255,255,255,0) 100%&#8221; text_orientation=&#8221;center&#8221; custom_padding=&#8221;20px|20px|20px|20px|true|true&#8221; global_colors_info=&#8221;{}&#8221;]<\/p>\n<p><a href=\"https:\/\/babgyaloglo.hu\/hu\/adatvedelmi-iranyelvek\/\" target=\"_blank\" rel=\"noopener\">ADATKEZEL\u00c9SI IR\u00c1NYELVEK<\/a> I <a href=\"https:\/\/babgyaloglo.hu\/hu\/?page_id=1498\" target=\"_blank\" rel=\"noopener\">\u00c1SZF<\/a> I <a href=\"https:\/\/babgyaloglo.hu\/hu\/?page_id=1498\" target=\"_blank\" rel=\"noopener\">Visszak\u00fcld\u00e9s \u00e9s Visszat\u00e9r\u00edt\u00e9s<\/a><\/p>\n<p>[\/et_pb_text][\/et_pb_column][\/et_pb_row][\/et_pb_section]<\/p>\n","protected":false},"excerpt":{"rendered":"<p>Web\u00e1ruh\u00e1zFONTOS INFORM\u00c1CI\u00d3A k\u00f6nyv \u00e9s a t\u00f6bbi term\u00e9k csak mag\u00e1nszem\u00e9lyek sz\u00e1m\u00e1ra megv\u00e1s\u00e1rolhat\u00f3 a KATA szab\u00e1lyoz\u00e1sra val\u00f3 tekintettel. C\u00e9gk\u00e9nt \u00e9s egy\u00e9ni v\u00e1llalkoz\u00f3k\u00e9nt nem tudsz v\u00e1s\u00e1rolni az oldalunkon.ADATKEZEL\u00c9SI IR\u00c1NYELVEK I \u00c1SZF I Visszak\u00fcld\u00e9s \u00e9s Visszat\u00e9r\u00edt\u00e9s<\/p>\n","protected":false},"author":2,"featured_media":0,"parent":0,"menu_order":0,"comment_status":"closed","ping_status":"closed","template":"","meta":{"_et_pb_use_builder":"on","_et_pb_old_content":"","_et_gb_content_width":"","footnotes":""},"class_list":["post-581","page","type-page","status-publish","hentry"],"yoast_head":"<!-- This site is optimized with the Yoast SEO plugin v26.8 - https:\/\/yoast.com\/product\/yoast-seo-wordpress\/ -->\n<title>Webshop - B\u00e1bgyalogl\u00f3<\/title>\n<meta name=\"robots\" content=\"index, follow, max-snippet:-1, max-image-preview:large, max-video-preview:-1\" \/>\n<link rel=\"canonical\" href=\"https:\/\/babgyaloglo.hu\/hu\/shop\/\" \/>\n<meta property=\"og:locale\" content=\"hu_HU\" \/>\n<meta property=\"og:type\" content=\"article\" \/>\n<meta property=\"og:title\" content=\"Webshop - B\u00e1bgyalogl\u00f3\" \/>\n<meta property=\"og:description\" content=\"Web\u00e1ruh\u00e1zFONTOS INFORM\u00c1CI\u00d3A k\u00f6nyv \u00e9s a t\u00f6bbi term\u00e9k csak mag\u00e1nszem\u00e9lyek sz\u00e1m\u00e1ra megv\u00e1s\u00e1rolhat\u00f3 a KATA szab\u00e1lyoz\u00e1sra val\u00f3 tekintettel. C\u00e9gk\u00e9nt \u00e9s egy\u00e9ni v\u00e1llalkoz\u00f3k\u00e9nt nem tudsz v\u00e1s\u00e1rolni az oldalunkon.ADATKEZEL\u00c9SI IR\u00c1NYELVEK I \u00c1SZF I Visszak\u00fcld\u00e9s \u00e9s Visszat\u00e9r\u00edt\u00e9s\" \/>\n<meta property=\"og:url\" content=\"https:\/\/babgyaloglo.hu\/hu\/shop\/\" \/>\n<meta property=\"og:site_name\" content=\"B\u00e1bgyalogl\u00f3\" \/>\n<meta property=\"article:modified_time\" content=\"2023-10-03T17:18:50+00:00\" \/>\n<meta name=\"twitter:card\" content=\"summary_large_image\" \/>\n<meta name=\"twitter:label1\" content=\"Becs\u00fclt olvas\u00e1si id\u0151\" \/>\n\t<meta name=\"twitter:data1\" content=\"4 perc\" \/>\n<script type=\"application\/ld+json\" class=\"yoast-schema-graph\">{\"@context\":\"https:\/\/schema.org\",\"@graph\":[{\"@type\":\"WebPage\",\"@id\":\"https:\/\/babgyaloglo.hu\/hu\/shop\/\",\"url\":\"https:\/\/babgyaloglo.hu\/hu\/shop\/\",\"name\":\"Webshop - B\u00e1bgyalogl\u00f3\",\"isPartOf\":{\"@id\":\"https:\/\/babgyaloglo.hu\/hu\/#website\"},\"datePublished\":\"2023-08-09T17:48:13+00:00\",\"dateModified\":\"2023-10-03T17:18:50+00:00\",\"breadcrumb\":{\"@id\":\"https:\/\/babgyaloglo.hu\/hu\/shop\/#breadcrumb\"},\"inLanguage\":\"hu\",\"potentialAction\":[{\"@type\":\"ReadAction\",\"target\":[\"https:\/\/babgyaloglo.hu\/hu\/shop\/\"]}]},{\"@type\":\"BreadcrumbList\",\"@id\":\"https:\/\/babgyaloglo.hu\/hu\/shop\/#breadcrumb\",\"itemListElement\":[{\"@type\":\"ListItem\",\"position\":1,\"name\":\"Home\",\"item\":\"https:\/\/babgyaloglo.hu\/hu\/\"},{\"@type\":\"ListItem\",\"position\":2,\"name\":\"Webshop\"}]},{\"@type\":\"WebSite\",\"@id\":\"https:\/\/babgyaloglo.hu\/hu\/#website\",\"url\":\"https:\/\/babgyaloglo.hu\/hu\/\",\"name\":\"B\u00e1bgyalogl\u00f3\",\"description\":\"M\u0171v\u00e9szfalu\",\"potentialAction\":[{\"@type\":\"SearchAction\",\"target\":{\"@type\":\"EntryPoint\",\"urlTemplate\":\"https:\/\/babgyaloglo.hu\/hu\/?s={search_term_string}\"},\"query-input\":{\"@type\":\"PropertyValueSpecification\",\"valueRequired\":true,\"valueName\":\"search_term_string\"}}],\"inLanguage\":\"hu\"}]}<\/script>\n<!-- \/ Yoast SEO plugin. -->","yoast_head_json":{"title":"Webshop - B\u00e1bgyalogl\u00f3","robots":{"index":"index","follow":"follow","max-snippet":"max-snippet:-1","max-image-preview":"max-image-preview:large","max-video-preview":"max-video-preview:-1"},"canonical":"https:\/\/babgyaloglo.hu\/hu\/shop\/","og_locale":"hu_HU","og_type":"article","og_title":"Webshop - B\u00e1bgyalogl\u00f3","og_description":"Web\u00e1ruh\u00e1zFONTOS INFORM\u00c1CI\u00d3A k\u00f6nyv \u00e9s a t\u00f6bbi term\u00e9k csak mag\u00e1nszem\u00e9lyek sz\u00e1m\u00e1ra megv\u00e1s\u00e1rolhat\u00f3 a KATA szab\u00e1lyoz\u00e1sra val\u00f3 tekintettel. C\u00e9gk\u00e9nt \u00e9s egy\u00e9ni v\u00e1llalkoz\u00f3k\u00e9nt nem tudsz v\u00e1s\u00e1rolni az oldalunkon.ADATKEZEL\u00c9SI IR\u00c1NYELVEK I \u00c1SZF I Visszak\u00fcld\u00e9s \u00e9s Visszat\u00e9r\u00edt\u00e9s","og_url":"https:\/\/babgyaloglo.hu\/hu\/shop\/","og_site_name":"B\u00e1bgyalogl\u00f3","article_modified_time":"2023-10-03T17:18:50+00:00","twitter_card":"summary_large_image","twitter_misc":{"Becs\u00fclt olvas\u00e1si id\u0151":"4 perc"},"schema":{"@context":"https:\/\/schema.org","@graph":[{"@type":"WebPage","@id":"https:\/\/babgyaloglo.hu\/hu\/shop\/","url":"https:\/\/babgyaloglo.hu\/hu\/shop\/","name":"Webshop - B\u00e1bgyalogl\u00f3","isPartOf":{"@id":"https:\/\/babgyaloglo.hu\/hu\/#website"},"datePublished":"2023-08-09T17:48:13+00:00","dateModified":"2023-10-03T17:18:50+00:00","breadcrumb":{"@id":"https:\/\/babgyaloglo.hu\/hu\/shop\/#breadcrumb"},"inLanguage":"hu","potentialAction":[{"@type":"ReadAction","target":["https:\/\/babgyaloglo.hu\/hu\/shop\/"]}]},{"@type":"BreadcrumbList","@id":"https:\/\/babgyaloglo.hu\/hu\/shop\/#breadcrumb","itemListElement":[{"@type":"ListItem","position":1,"name":"Home","item":"https:\/\/babgyaloglo.hu\/hu\/"},{"@type":"ListItem","position":2,"name":"Webshop"}]},{"@type":"WebSite","@id":"https:\/\/babgyaloglo.hu\/hu\/#website","url":"https:\/\/babgyaloglo.hu\/hu\/","name":"B\u00e1bgyalogl\u00f3","description":"M\u0171v\u00e9szfalu","potentialAction":[{"@type":"SearchAction","target":{"@type":"EntryPoint","urlTemplate":"https:\/\/babgyaloglo.hu\/hu\/?s={search_term_string}"},"query-input":{"@type":"PropertyValueSpecification","valueRequired":true,"valueName":"search_term_string"}}],"inLanguage":"hu"}]}},"_links":{"self":[{"href":"https:\/\/babgyaloglo.hu\/hu\/wp-json\/wp\/v2\/pages\/581","targetHints":{"allow":["GET"]}}],"collection":[{"href":"https:\/\/babgyaloglo.hu\/hu\/wp-json\/wp\/v2\/pages"}],"about":[{"href":"https:\/\/babgyaloglo.hu\/hu\/wp-json\/wp\/v2\/types\/page"}],"author":[{"embeddable":true,"href":"https:\/\/babgyaloglo.hu\/hu\/wp-json\/wp\/v2\/users\/2"}],"replies":[{"embeddable":true,"href":"https:\/\/babgyaloglo.hu\/hu\/wp-json\/wp\/v2\/comments?post=581"}],"version-history":[{"count":9,"href":"https:\/\/babgyaloglo.hu\/hu\/wp-json\/wp\/v2\/pages\/581\/revisions"}],"predecessor-version":[{"id":1440,"href":"https:\/\/babgyaloglo.hu\/hu\/wp-json\/wp\/v2\/pages\/581\/revisions\/1440"}],"wp:attachment":[{"href":"https:\/\/babgyaloglo.hu\/hu\/wp-json\/wp\/v2\/media?parent=581"}],"curies":[{"name":"wp","href":"https:\/\/api.w.org\/{rel}","templated":true}]}}