{"id":796,"date":"2023-08-11T11:37:35","date_gmt":"2023-08-11T09:37:35","guid":{"rendered":"https:\/\/babgyaloglo.hu\/visszajelzesek\/"},"modified":"2024-04-08T10:44:15","modified_gmt":"2024-04-08T08:44:15","slug":"visszajelzesek","status":"publish","type":"page","link":"https:\/\/babgyaloglo.hu\/hu\/visszajelzesek\/","title":{"rendered":"Visszajelz\u00e9sek"},"content":{"rendered":"<p>[et_pb_section fb_built=&#8221;1&#8243; custom_padding_last_edited=&#8221;on|phone&#8221; next_background_color=&#8221;#ffffff&#8221; admin_label=&#8221;Hero&#8221; _builder_version=&#8221;4.21.2&#8243; background_enable_color=&#8221;off&#8221; background_image=&#8221;https:\/\/babgyaloglo.hu\/wp-content\/uploads\/2023\/08\/alnyomat4.jpg&#8221; background_enable_pattern_style=&#8221;on&#8221; background_pattern_color=&#8221;rgba(233,215,191,0.69)&#8221; background_pattern_size=&#8221;custom&#8221; background_pattern_width=&#8221;12px&#8221; background_pattern_blend_mode=&#8221;multiply&#8221; overflow-x=&#8221;hidden&#8221; overflow-y=&#8221;hidden&#8221; custom_padding=&#8221;2vw||2vw||true|false&#8221; custom_padding_tablet=&#8221;||120px||false|false&#8221; custom_padding_phone=&#8221;&#8221; bottom_divider_style=&#8221;wave2&#8243; bottom_divider_height=&#8221;130px&#8221; bottom_divider_flip=&#8221;horizontal&#8221; bottom_divider_height_tablet=&#8221;130px&#8221; bottom_divider_height_phone=&#8221;60px&#8221; bottom_divider_height_last_edited=&#8221;on|phone&#8221; background_last_edited=&#8221;on|phone&#8221; background_position_phone=&#8221;center_right&#8221; locked=&#8221;off&#8221; global_colors_info=&#8221;{}&#8221;][et_pb_row use_custom_gutter=&#8221;on&#8221; gutter_width=&#8221;2&#8243; custom_padding_last_edited=&#8221;on|tablet&#8221; padding_top_bottom_link_1=&#8221;true&#8221; padding_left_right_link_1=&#8221;true&#8221; _builder_version=&#8221;4.21.2&#8243; background_enable_color=&#8221;off&#8221; use_background_color_gradient=&#8221;on&#8221; background_color_gradient_direction=&#8221;90deg&#8221; background_color_gradient_stops=&#8221;rgba(255,255,255,0) 1%|rgba(255,255,255,0) 98%&#8221; background_enable_image=&#8221;off&#8221; background_position=&#8221;bottom_center&#8221; max_width=&#8221;1200px&#8221; custom_margin_tablet=&#8221;&#8221; custom_margin_phone=&#8221;46px||-48px||false|false&#8221; custom_margin_last_edited=&#8221;on|phone&#8221; custom_padding=&#8221;|60px||60px|false|true&#8221; custom_padding_tablet=&#8221;|30px||30px|false|true&#8221; custom_padding_phone=&#8221;|20px|7px|20px|false|true&#8221; use_custom_width=&#8221;on&#8221; width_unit=&#8221;off&#8221; custom_width_percent=&#8221;100%&#8221; global_colors_info=&#8221;{}&#8221;][et_pb_column type=&#8221;4_4&#8243; _builder_version=&#8221;4.16&#8243; custom_padding=&#8221;10%||||false|false&#8221; custom_padding_tablet=&#8221;0%||||false|false&#8221; custom_padding_phone=&#8221;&#8221; custom_padding_last_edited=&#8221;on|tablet&#8221; global_colors_info=&#8221;{}&#8221;][et_pb_text _builder_version=&#8221;4.21.2&#8243; header_font=&#8221;||||||||&#8221; header_text_align=&#8221;left&#8221; header_text_color=&#8221;#4A413D&#8221; header_font_size=&#8221;6vw&#8221; header_line_height=&#8221;1.5em&#8221; header_2_font=&#8221;Pacifico||||||||&#8221; header_2_text_color=&#8221;#596c5e&#8221; header_2_font_size=&#8221;3vw&#8221; header_2_line_height=&#8221;1.6em&#8221; max_width_tablet=&#8221;70%&#8221; max_width_last_edited=&#8221;off|phone&#8221; custom_margin=&#8221;-28px||72px||false|false&#8221; custom_margin_tablet=&#8221;||-6px||false|false&#8221; custom_margin_phone=&#8221;-28px||-26px||false|false&#8221; custom_margin_last_edited=&#8221;on|phone&#8221; custom_padding=&#8221;||||false|false&#8221; header_text_align_tablet=&#8221;center&#8221; header_text_align_phone=&#8221;center&#8221; header_text_align_last_edited=&#8221;on|phone&#8221; header_font_size_tablet=&#8221;82px&#8221; header_font_size_phone=&#8221;46px&#8221; header_font_size_last_edited=&#8221;on|phone&#8221; header_2_text_align_tablet=&#8221;center&#8221; header_2_text_align_phone=&#8221;center&#8221; header_2_text_align_last_edited=&#8221;on|phone&#8221; header_2_font_size_tablet=&#8221;40px&#8221; header_2_font_size_phone=&#8221;24px&#8221; header_2_font_size_last_edited=&#8221;on|tablet&#8221; global_colors_info=&#8221;{}&#8221;]<\/p>\n<h1 style=\"text-align: center;\">Visszajelz\u00e9sek<\/h1>\n<h2 style=\"text-align: center;\">R\u00f3lunk \u00edrt\u00e1k<\/h2>\n<p>[\/et_pb_text][\/et_pb_column][\/et_pb_row][\/et_pb_section][et_pb_section fb_built=&#8221;1&#8243; admin_label=&#8221;About&#8221; _builder_version=&#8221;4.21.2&#8243; background_enable_color=&#8221;off&#8221; background_enable_image=&#8221;off&#8221; background_size=&#8221;initial&#8221; background_position=&#8221;top_center&#8221; overflow-x=&#8221;hidden&#8221; overflow-y=&#8221;hidden&#8221; custom_padding=&#8221;4px|||||&#8221; global_colors_info=&#8221;{}&#8221;][et_pb_row column_structure=&#8221;1_2,1_2&#8243; custom_padding_last_edited=&#8221;on|desktop&#8221; _builder_version=&#8221;4.22.0&#8243; use_background_color_gradient=&#8221;on&#8221; background_color_gradient_stops=&#8221;rgba(255,255,255,0) 0%|#e9d7bf 30%|#f0e4d3 61%|rgba(255,255,255,0) 99%&#8221; background_enable_pattern_style=&#8221;on&#8221; background_pattern_color=&#8221;#ffffff&#8221; background_pattern_size=&#8221;custom&#8221; background_pattern_width=&#8221;13px&#8221; width=&#8221;100%&#8221; custom_margin=&#8221;||||false|false&#8221; custom_margin_tablet=&#8221;||||false|false&#8221; custom_margin_phone=&#8221;|||0px|false|false&#8221; custom_margin_last_edited=&#8221;on|tablet&#8221; custom_padding=&#8221;|20px||20px|false|true&#8221; custom_padding_tablet=&#8221;|20px||20px|false|true&#8221; custom_padding_phone=&#8221;|20px||20px|false|true&#8221; global_colors_info=&#8221;{}&#8221;][et_pb_column type=&#8221;1_2&#8243; _builder_version=&#8221;4.21.2&#8243; global_colors_info=&#8221;{}&#8221;][et_pb_testimonial author=&#8221;Bir\u00f3 Eszter&#8221; job_title=&#8221;grafikus, illusztr\u00e1tor &#8221; _builder_version=&#8221;4.22.2&#8243; _module_preset=&#8221;default&#8221; position_font=&#8221;||on||||||&#8221; global_colors_info=&#8221;{}&#8221;]<\/p>\n<p><span style=\"font-weight: 400;\">Barbi olyan p\u00e1ratlan vil\u00e1got teremtett meg a M\u0171v\u00e9szfaluban, amit receptre \u00edrn\u00e9k fel az embereknek. Olyan megtart\u00f3 \u00e9s biztons\u00e1gos l\u00e9gk\u00f6rt var\u00e1zsol, ahol egyszer\u0171en j\u00f3 lenni: a gyerekek \u00e9s a feln\u0151ttek is megny\u00edlhatnak, megpihenhetnek, t\u00f6lt\u0151dhetnek a mindennapok forgatag\u00e1ban &#8211; Paul pedig, mint egy b\u00e1stya, t\u00e1mogatja \u00e9s tartja \u0151t \u00e9s ezt az eg\u00e9szet.<\/span> <span style=\"font-weight: 400;\">Klassz csapatot alkotnak, \u00e9s rengeteget k\u00f6sz\u00f6nhetek a M\u0171v\u00e9szfalunak &#8211; ha \u0151k nem t\u00e1mogatnak \u00fagy, ahogy teszik, ma nem tartan\u00e9k ott, ahol tartok &#8211; sem szakmailag, sem emberileg.<\/span><\/p>\n<p>[\/et_pb_testimonial][et_pb_testimonial author=&#8221;Kom\u00e1romi Anett&#8221; job_title=&#8221;sz\u00ednm\u0171v\u00e9szn\u0151&#8221; _builder_version=&#8221;4.22.2&#8243; _module_preset=&#8221;default&#8221; position_font=&#8221;||on||||||&#8221; global_colors_info=&#8221;{}&#8221;]<\/p>\n<p><span style=\"font-weight: 400;\">Dr\u00e1ga Barbi! M\u00e1rpedig csod\u00e1k vannak&#8230;Te vagy az!!!!<\/span><\/p>\n<p>[\/et_pb_testimonial][\/et_pb_column][et_pb_column type=&#8221;1_2&#8243; _builder_version=&#8221;4.21.2&#8243; global_colors_info=&#8221;{}&#8221;][et_pb_testimonial author=&#8221;Zeleny\u00e1nszki Erika&#8221; job_title=&#8221; egy kedves M\u0171v\u00e9szfalusi anyuka&#8221; _builder_version=&#8221;4.22.2&#8243; _module_preset=&#8221;default&#8221; position_font=&#8221;||on||||||&#8221; global_colors_info=&#8221;{}&#8221;]<\/p>\n<p><span style=\"font-weight: 400;\">Kedves Barbi! T\u00f6bbsz\u00f6r is elolvastam a mes\u00e9t, el\u0151sz\u00f6r hangosan, Andork\u00e1val. L\u00e1ttad volna az arc\u00e1t, hogy mosolygott, amikor elkezdt\u00fck olvasni. A v\u00e9g\u00e9n k\u00e9rtem mes\u00e9ljen r\u00f3la, mir\u0151l sz\u00f3l. \u0150 a man\u00f3kat \u00e9s t\u00f6rt\u00e9n\u00e9seket elmondta, di\u00f3h\u00e9jban, de pontosan. \u00c9n viszont m\u00f6g\u00e9 l\u00e1ttam, de nagyon. Nagyon j\u00f3l \u00e1br\u00e1zolod a val\u00f3 \u00e9letet ebben a mesevil\u00e1gban, tiszt\u00e1n \u00e1tj\u00f6n az, hogy kik a man\u00f3k, mik a b\u0151r\u00f6nd\u00f6k, a mer\u00e9sz \u00e1lmok, az \u00fat maga, a b\u00e1tors\u00e1g&#8230; nagyon elgondolkodtat\u00f3 az eg\u00e9sz, \u00e9n biztos, hogy fogok m\u00e9g sokat gondolkodni. A feln\u0151tteknek eg\u00e9szen m\u00e1st jelent ez a mese, mint a gyerekeknek. A betegeknek rem\u00e9nyt adhat, er\u0151t, hogy viselj\u00e9k a terhet, mert b\u00edrj\u00e1k. Sz\u00edvb\u0151l merem mindenkinek aj\u00e1nlani, aki k\u00fczd, annak is, aki nem k\u00fczd, annak is, mert sokszor a k\u00f6nny\u0171 kis retik\u00fcl\u00f6k elrep\u00fclnek \u00e9s hirtelen neh\u00e9z b\u0151r\u00f6nd\u00f6kkel a kez\u00fcnkben tal\u00e1ljuk magunkat.<\/span><\/p>\n<p>[\/et_pb_testimonial][\/et_pb_column][\/et_pb_row][et_pb_row _builder_version=&#8221;4.22.0&#8243; _module_preset=&#8221;default&#8221; global_colors_info=&#8221;{}&#8221;][et_pb_column type=&#8221;4_4&#8243; _builder_version=&#8221;4.22.0&#8243; _module_preset=&#8221;default&#8221; global_colors_info=&#8221;{}&#8221;][et_pb_image src=&#8221;https:\/\/babgyaloglo.hu\/wp-content\/uploads\/2023\/08\/web-logo-figura.jpg&#8221; title_text=&#8221;babgyaloglo_logo_final&#8221; align=&#8221;center&#8221; _builder_version=&#8221;4.22.0&#8243; _module_preset=&#8221;default&#8221; width=&#8221;13vw&#8221; width_tablet=&#8221;43%&#8221; width_phone=&#8221;59%&#8221; width_last_edited=&#8221;on|phone&#8221; custom_margin=&#8221;-32px||-32px||true|false&#8221; custom_margin_tablet=&#8221;-55px||-44px||false|false&#8221; custom_margin_phone=&#8221;-64px||||false|false&#8221; custom_margin_last_edited=&#8221;on|desktop&#8221; animation_style=&#8221;roll&#8221; animation_delay=&#8221;150ms&#8221; animation_intensity_roll=&#8221;6%&#8221; global_colors_info=&#8221;{}&#8221;][\/et_pb_image][\/et_pb_column][\/et_pb_row][et_pb_row _builder_version=&#8221;4.22.0&#8243; _module_preset=&#8221;default&#8221; use_background_color_gradient=&#8221;on&#8221; background_color_gradient_stops=&#8221;rgba(255,255,255,0) 1%|#e9d7bf 49%|rgba(255,255,255,0) 100%&#8221; background_enable_pattern_style=&#8221;on&#8221; background_pattern_color=&#8221;#ffffff&#8221; background_pattern_size=&#8221;custom&#8221; background_pattern_width=&#8221;13px&#8221; global_colors_info=&#8221;{}&#8221;][et_pb_column type=&#8221;4_4&#8243; _builder_version=&#8221;4.22.0&#8243; _module_preset=&#8221;default&#8221; global_colors_info=&#8221;{}&#8221;][et_pb_testimonial author=&#8221; Guly\u00e1s S\u00e1ra&#8221; job_title=&#8221;a B\u00e1bgyalogl\u00f3 n\u00f6vend\u00e9ke&#8221; _builder_version=&#8221;4.22.2&#8243; _module_preset=&#8221;default&#8221; position_font=&#8221;||on||||||&#8221; width=&#8221;84%&#8221; module_alignment=&#8221;center&#8221; global_colors_info=&#8221;{}&#8221;]<\/p>\n<p><span style=\"font-weight: 400;\">Barbi n\u00e9nivel 3-os koromban tal\u00e1lkoztam el\u0151sz\u00f6r a waldorf iskol\u00e1ban. Egyb\u0151l \u00e9reztem, hogy amit \u0151 tud adni nek\u00fcnk gyerekeknek, az valami nagyon k\u00fcl\u00f6nleges \u00e9s m\u00e1s. Azt \u00e9reztem, hogy \u0151 meg\u00e9rti azt a t\u00fcnd\u00e9rvil\u00e1got feln\u0151ttk\u00e9nt is, amiben \u00e9n 10 \u00e9vesen im\u00e1dtam kalandozni. Majd amikor el\u0151sz\u00f6r bel\u00e9ptem a faluba, r\u00f6gt\u00f6n mag\u00e1val ragadott az a vil\u00e1g, amit ott l\u00e1ttam. Azut\u00e1n az \u00f6sszes nyaram \u00e9s szerda d\u00e9lut\u00e1njaim a m\u0171v\u00e9szfaluban t\u00f6lt\u00f6ttem, eg\u00e9szen feln\u0151tt\u00e9 v\u00e1l\u00e1somig, ott n\u0151ttem fel. Ez volt a m\u00e1sodik otthonom, \u00e9s a m\u00e1sodik csal\u00e1dom. Azok az \u00e9lm\u00e9nyek a gyerekkorom legszebb pillanataiv\u00e1 v\u00e1ltak, amiket ott meg\u00e9lhettem a t\u00f6bbi m\u0171v\u00e9szfalusi gyerekkel, vagy ahogy mi h\u00edvjuk egym\u00e1st a falusiakkal. Ott kaptam meg a mostani \u00e9rt\u00e9krendem j\u00f3r\u00e9sz\u00e9t, \u00e9s a magabiztoss\u00e1gom az alkot\u00e1shoz. Barbi n\u00e9ni alapot \u00e9s biztons\u00e1gos h\u00e1tteret ny\u00fajtott, hogy kibonthassam sz\u00e1rnyaim, fejl\u0151dhessek, megmutathassam magam a nagyvil\u00e1gnak. Mindig b\u00edztatott, hitt bennem, \u00fagy \u00e9rzem en\u00e9lk\u00fcl most nem boldoguln\u00e9k \u00edgy a feln\u0151ttek vil\u00e1g\u00e1ban sem. Barbi n\u00e9ni nekem egy hatalmas p\u00e9ldak\u00e9p \u00e9s egy t\u00fcnd\u00e9rbar\u00e1tn\u0151 lesz \u00f6r\u00f6kk\u00e9. A M\u0171v\u00e9szfalu pedig egy olyan hely, ahol b\u00e9k\u00e9re, meg\u00e9rt\u00e9sre, r\u00e9gi bar\u00e1tokra, \u00e9s szeretetre lelhetek b\u00e1rmkor. Nagyon h\u00e1l\u00e1s vagyok neki, hogy ismerhetem, \u00e9s hogy egy ilyen gyermekkort kaphattam a faluban.<\/span><\/p>\n<p>[\/et_pb_testimonial][et_pb_testimonial author=&#8221;Perei Gr\u00e9ta&#8221; job_title=&#8221;egy gy\u00f6ngyszem&#8221; _builder_version=&#8221;4.22.2&#8243; _module_preset=&#8221;default&#8221; position_font=&#8221;||on||||||&#8221; width=&#8221;84%&#8221; module_alignment=&#8221;center&#8221; global_colors_info=&#8221;{}&#8221;]<\/p>\n<p><span style=\"font-weight: 400;\">Hogy mit jelent sz\u00e1momra a M\u0171v\u00e9szfalu? A m\u00faltamat, a jelenemet \u00e9s a j\u00f6v\u0151met. Barbival t\u00f6bb, mint 10 \u00e9ve sodortak minket egym\u00e1s mell\u00e9 a t\u00fcnd\u00e9rek. Eleinte csak szeml\u00e9l\u0151k\u00e9nt, majd kisman\u00f3 j\u00f3gaoktat\u00f3k\u00e9nt, k\u00e9s\u0151bb kismamak\u00e9nt, majd Anyak\u00e9nt t\u00e9rhettem vissza hozz\u00e1. Oda, abba az er\u0151dbe, ami eleinte az \u0151 saj\u00e1t h\u00e1z\u00e1ban volt megeleven\u00edtve, majd k\u00e9s\u0151bb akkor\u00e1ra n\u0151tte mag\u00e1t, hogy M\u0171v\u00e9szfaluv\u00e1 cseperedett. Furcsa is visszagondolni, hogy \u00e9letem k\u00fcl\u00f6nf\u00e9le szakaszaiban, \u00e9letmin\u0151s\u00e9geimben vehettem r\u00e9szt abban, amit \u0150 adott \u00e9s ad a mai napig. Ez nem m\u00e1s, mint a nyugodt, kiegyens\u00falyozott l\u00e9tez\u00e9s. A jelenben lev\u00e9s. A boldog jelenben lev\u00e9s. Manaps\u00e1g tal\u00e1n ez a legnehezebb az \u00e9letben, jelen lenni, de ott siker\u00fcl, mindig. Hiszen elvar\u00e1zsol, ahogy bel\u00e9psz ajt\u00f3n \u00e9s megl\u00e1tod az els\u0151 man\u00f3t, ahogy mindenhol cs\u00fcngnek-l\u00f3gnak a t\u00fcnd\u00e9rk\u00e9k, m\u00e1sznak a csig\u00e1k, mosolyognak r\u00e1d a t\u00fcnd\u00e9rk\u00e9k \u00e9s egyszer csak meg\u00e9rzed a levendula illatot. Olyan ez a hely, mint a sivatagban egy csod\u00e1s o\u00e1zis, amire mindenki v\u00e1gyik, mindenki szomjas lelke ebben a v\u00edzben lubickolna. V\u00e9gtelen h\u00e1l\u00e1s vagyok, hogy hossz\u00fa-hossz\u00fa \u00e9vek \u00f3ta \u00faszk\u00e1lhatok ebben a l\u00e9tben, ebben a szeretet felh\u0151ben, ha ott vagyok. K\u00edv\u00e1nok m\u00e9g sokszor ennyi \u00e9vet ennek a t\u00fcnd\u00e9r birodalomnak, hogy min\u00e9l t\u00f6bb kis-, \u00e9s nagy gyermek illetve feln\u0151tt is megtapasztalhassa azt, amit szavakkal neh\u00e9z le\u00edrni; a boldog l\u00e9tez\u00e9st.<\/span><\/p>\n<p>[\/et_pb_testimonial][\/et_pb_column][\/et_pb_row][\/et_pb_section][et_pb_section fb_built=&#8221;1&#8243; admin_label=&#8221;gal\u00e9ria&#8221; module_id=&#8221;galeria&#8221; _builder_version=&#8221;4.24.3&#8243; _module_preset=&#8221;default&#8221; custom_padding=&#8221;14px||24px|||&#8221; hover_enabled=&#8221;0&#8243; saved_tabs=&#8221;all&#8221; global_colors_info=&#8221;{}&#8221; sticky_enabled=&#8221;0&#8243;][et_pb_row _builder_version=&#8221;4.21.2&#8243; _module_preset=&#8221;default&#8221; global_colors_info=&#8221;{}&#8221;][et_pb_column type=&#8221;4_4&#8243; _builder_version=&#8221;4.21.2&#8243; _module_preset=&#8221;default&#8221; global_colors_info=&#8221;{}&#8221;][et_pb_divider color=&#8221;rgba(135,71,115,0.77)&#8221; divider_weight=&#8221;15px&#8221; _builder_version=&#8221;4.21.2&#8243; _module_preset=&#8221;default&#8221; width=&#8221;20%&#8221; width_tablet=&#8221;20%&#8221; width_phone=&#8221;46%&#8221; width_last_edited=&#8221;on|tablet&#8221; module_alignment=&#8221;center&#8221; custom_margin=&#8221;||51px|||&#8221; global_colors_info=&#8221;{}&#8221;][\/et_pb_divider][et_pb_text module_id=&#8221;gallery&#8221; _builder_version=&#8221;4.21.2&#8243; _module_preset=&#8221;default&#8221; header_text_align=&#8221;center&#8221; header_font_size=&#8221;63px&#8221; custom_padding=&#8221;||22px|||&#8221; header_font_size_tablet=&#8221;50px&#8221; header_font_size_phone=&#8221;40px&#8221; header_font_size_last_edited=&#8221;on|phone&#8221; global_colors_info=&#8221;{}&#8221;]<\/p>\n<h1>Gal\u00e9ria<\/h1>\n<p>[\/et_pb_text][\/et_pb_column][\/et_pb_row][et_pb_row _builder_version=&#8221;4.22.0&#8243; _module_preset=&#8221;default&#8221; width=&#8221;54%&#8221; width_tablet=&#8221;79%&#8221; width_phone=&#8221;100%&#8221; width_last_edited=&#8221;on|phone&#8221; module_alignment=&#8221;center&#8221; custom_padding=&#8221;2px||4px|||&#8221; global_colors_info=&#8221;{}&#8221;][et_pb_column type=&#8221;4_4&#8243; _builder_version=&#8221;4.21.2&#8243; _module_preset=&#8221;default&#8221; global_colors_info=&#8221;{}&#8221;][et_pb_gallery gallery_ids=&#8221;276,270,280,114,115,119,273,308,309,310,311,312,313,314,315,316,317,318,319,320,321,322,323,324,325&#8243; gallery_orderby=&#8221;rand&#8221; fullwidth=&#8221;on&#8221; _builder_version=&#8221;4.22.0&#8243; _module_preset=&#8221;default&#8221; module_alignment=&#8221;center&#8221; animation_style=&#8221;slide&#8221; animation_direction=&#8221;top&#8221; animation_delay=&#8221;100ms&#8221; animation_intensity_slide=&#8221;5%&#8221; global_colors_info=&#8221;{}&#8221;][\/et_pb_gallery][\/et_pb_column][\/et_pb_row][\/et_pb_section]<\/p>\n","protected":false},"excerpt":{"rendered":"<p>Visszajelz\u00e9sek R\u00f3lunk \u00edrt\u00e1kBarbi olyan p\u00e1ratlan vil\u00e1got teremtett meg a M\u0171v\u00e9szfaluban, amit receptre \u00edrn\u00e9k fel az embereknek. Olyan megtart\u00f3 \u00e9s biztons\u00e1gos l\u00e9gk\u00f6rt var\u00e1zsol, ahol egyszer\u0171en j\u00f3 lenni: a gyerekek \u00e9s a feln\u0151ttek is megny\u00edlhatnak, megpihenhetnek, t\u00f6lt\u0151dhetnek a mindennapok forgatag\u00e1ban &#8211; Paul pedig, mint egy b\u00e1stya, t\u00e1mogatja \u00e9s tartja \u0151t \u00e9s ezt az eg\u00e9szet. Klassz csapatot alkotnak, [&hellip;]<\/p>\n","protected":false},"author":2,"featured_media":0,"parent":0,"menu_order":0,"comment_status":"closed","ping_status":"closed","template":"","meta":{"_et_pb_use_builder":"on","_et_pb_old_content":"","_et_gb_content_width":"","footnotes":""},"class_list":["post-796","page","type-page","status-publish","hentry"],"yoast_head":"<!-- This site is optimized with the Yoast SEO plugin v26.8 - https:\/\/yoast.com\/product\/yoast-seo-wordpress\/ -->\n<title>Visszajelz\u00e9sek - B\u00e1bgyalogl\u00f3<\/title>\n<meta name=\"robots\" content=\"index, follow, max-snippet:-1, max-image-preview:large, max-video-preview:-1\" \/>\n<link rel=\"canonical\" href=\"https:\/\/babgyaloglo.hu\/hu\/visszajelzesek\/\" \/>\n<meta property=\"og:locale\" content=\"hu_HU\" \/>\n<meta property=\"og:type\" content=\"article\" \/>\n<meta property=\"og:title\" content=\"Visszajelz\u00e9sek - B\u00e1bgyalogl\u00f3\" \/>\n<meta property=\"og:description\" content=\"Visszajelz\u00e9sek R\u00f3lunk \u00edrt\u00e1kBarbi olyan p\u00e1ratlan vil\u00e1got teremtett meg a M\u0171v\u00e9szfaluban, amit receptre \u00edrn\u00e9k fel az embereknek. Olyan megtart\u00f3 \u00e9s biztons\u00e1gos l\u00e9gk\u00f6rt var\u00e1zsol, ahol egyszer\u0171en j\u00f3 lenni: a gyerekek \u00e9s a feln\u0151ttek is megny\u00edlhatnak, megpihenhetnek, t\u00f6lt\u0151dhetnek a mindennapok forgatag\u00e1ban - Paul pedig, mint egy b\u00e1stya, t\u00e1mogatja \u00e9s tartja \u0151t \u00e9s ezt az eg\u00e9szet. Klassz csapatot alkotnak, [&hellip;]\" \/>\n<meta property=\"og:url\" content=\"https:\/\/babgyaloglo.hu\/hu\/visszajelzesek\/\" \/>\n<meta property=\"og:site_name\" content=\"B\u00e1bgyalogl\u00f3\" \/>\n<meta property=\"article:modified_time\" content=\"2024-04-08T08:44:15+00:00\" \/>\n<meta name=\"twitter:card\" content=\"summary_large_image\" \/>\n<meta name=\"twitter:label1\" content=\"Becs\u00fclt olvas\u00e1si id\u0151\" \/>\n\t<meta name=\"twitter:data1\" content=\"10 perc\" \/>\n<script type=\"application\/ld+json\" class=\"yoast-schema-graph\">{\"@context\":\"https:\/\/schema.org\",\"@graph\":[{\"@type\":\"WebPage\",\"@id\":\"https:\/\/babgyaloglo.hu\/hu\/visszajelzesek\/\",\"url\":\"https:\/\/babgyaloglo.hu\/hu\/visszajelzesek\/\",\"name\":\"Visszajelz\u00e9sek - B\u00e1bgyalogl\u00f3\",\"isPartOf\":{\"@id\":\"https:\/\/babgyaloglo.hu\/hu\/#website\"},\"datePublished\":\"2023-08-11T09:37:35+00:00\",\"dateModified\":\"2024-04-08T08:44:15+00:00\",\"breadcrumb\":{\"@id\":\"https:\/\/babgyaloglo.hu\/hu\/visszajelzesek\/#breadcrumb\"},\"inLanguage\":\"hu\",\"potentialAction\":[{\"@type\":\"ReadAction\",\"target\":[\"https:\/\/babgyaloglo.hu\/hu\/visszajelzesek\/\"]}]},{\"@type\":\"BreadcrumbList\",\"@id\":\"https:\/\/babgyaloglo.hu\/hu\/visszajelzesek\/#breadcrumb\",\"itemListElement\":[{\"@type\":\"ListItem\",\"position\":1,\"name\":\"Home\",\"item\":\"https:\/\/babgyaloglo.hu\/hu\/\"},{\"@type\":\"ListItem\",\"position\":2,\"name\":\"Visszajelz\u00e9sek\"}]},{\"@type\":\"WebSite\",\"@id\":\"https:\/\/babgyaloglo.hu\/hu\/#website\",\"url\":\"https:\/\/babgyaloglo.hu\/hu\/\",\"name\":\"B\u00e1bgyalogl\u00f3\",\"description\":\"M\u0171v\u00e9szfalu\",\"potentialAction\":[{\"@type\":\"SearchAction\",\"target\":{\"@type\":\"EntryPoint\",\"urlTemplate\":\"https:\/\/babgyaloglo.hu\/hu\/?s={search_term_string}\"},\"query-input\":{\"@type\":\"PropertyValueSpecification\",\"valueRequired\":true,\"valueName\":\"search_term_string\"}}],\"inLanguage\":\"hu\"}]}<\/script>\n<!-- \/ Yoast SEO plugin. -->","yoast_head_json":{"title":"Visszajelz\u00e9sek - B\u00e1bgyalogl\u00f3","robots":{"index":"index","follow":"follow","max-snippet":"max-snippet:-1","max-image-preview":"max-image-preview:large","max-video-preview":"max-video-preview:-1"},"canonical":"https:\/\/babgyaloglo.hu\/hu\/visszajelzesek\/","og_locale":"hu_HU","og_type":"article","og_title":"Visszajelz\u00e9sek - B\u00e1bgyalogl\u00f3","og_description":"Visszajelz\u00e9sek R\u00f3lunk \u00edrt\u00e1kBarbi olyan p\u00e1ratlan vil\u00e1got teremtett meg a M\u0171v\u00e9szfaluban, amit receptre \u00edrn\u00e9k fel az embereknek. Olyan megtart\u00f3 \u00e9s biztons\u00e1gos l\u00e9gk\u00f6rt var\u00e1zsol, ahol egyszer\u0171en j\u00f3 lenni: a gyerekek \u00e9s a feln\u0151ttek is megny\u00edlhatnak, megpihenhetnek, t\u00f6lt\u0151dhetnek a mindennapok forgatag\u00e1ban - Paul pedig, mint egy b\u00e1stya, t\u00e1mogatja \u00e9s tartja \u0151t \u00e9s ezt az eg\u00e9szet. Klassz csapatot alkotnak, [&hellip;]","og_url":"https:\/\/babgyaloglo.hu\/hu\/visszajelzesek\/","og_site_name":"B\u00e1bgyalogl\u00f3","article_modified_time":"2024-04-08T08:44:15+00:00","twitter_card":"summary_large_image","twitter_misc":{"Becs\u00fclt olvas\u00e1si id\u0151":"10 perc"},"schema":{"@context":"https:\/\/schema.org","@graph":[{"@type":"WebPage","@id":"https:\/\/babgyaloglo.hu\/hu\/visszajelzesek\/","url":"https:\/\/babgyaloglo.hu\/hu\/visszajelzesek\/","name":"Visszajelz\u00e9sek - B\u00e1bgyalogl\u00f3","isPartOf":{"@id":"https:\/\/babgyaloglo.hu\/hu\/#website"},"datePublished":"2023-08-11T09:37:35+00:00","dateModified":"2024-04-08T08:44:15+00:00","breadcrumb":{"@id":"https:\/\/babgyaloglo.hu\/hu\/visszajelzesek\/#breadcrumb"},"inLanguage":"hu","potentialAction":[{"@type":"ReadAction","target":["https:\/\/babgyaloglo.hu\/hu\/visszajelzesek\/"]}]},{"@type":"BreadcrumbList","@id":"https:\/\/babgyaloglo.hu\/hu\/visszajelzesek\/#breadcrumb","itemListElement":[{"@type":"ListItem","position":1,"name":"Home","item":"https:\/\/babgyaloglo.hu\/hu\/"},{"@type":"ListItem","position":2,"name":"Visszajelz\u00e9sek"}]},{"@type":"WebSite","@id":"https:\/\/babgyaloglo.hu\/hu\/#website","url":"https:\/\/babgyaloglo.hu\/hu\/","name":"B\u00e1bgyalogl\u00f3","description":"M\u0171v\u00e9szfalu","potentialAction":[{"@type":"SearchAction","target":{"@type":"EntryPoint","urlTemplate":"https:\/\/babgyaloglo.hu\/hu\/?s={search_term_string}"},"query-input":{"@type":"PropertyValueSpecification","valueRequired":true,"valueName":"search_term_string"}}],"inLanguage":"hu"}]}},"_links":{"self":[{"href":"https:\/\/babgyaloglo.hu\/hu\/wp-json\/wp\/v2\/pages\/796","targetHints":{"allow":["GET"]}}],"collection":[{"href":"https:\/\/babgyaloglo.hu\/hu\/wp-json\/wp\/v2\/pages"}],"about":[{"href":"https:\/\/babgyaloglo.hu\/hu\/wp-json\/wp\/v2\/types\/page"}],"author":[{"embeddable":true,"href":"https:\/\/babgyaloglo.hu\/hu\/wp-json\/wp\/v2\/users\/2"}],"replies":[{"embeddable":true,"href":"https:\/\/babgyaloglo.hu\/hu\/wp-json\/wp\/v2\/comments?post=796"}],"version-history":[{"count":5,"href":"https:\/\/babgyaloglo.hu\/hu\/wp-json\/wp\/v2\/pages\/796\/revisions"}],"predecessor-version":[{"id":1661,"href":"https:\/\/babgyaloglo.hu\/hu\/wp-json\/wp\/v2\/pages\/796\/revisions\/1661"}],"wp:attachment":[{"href":"https:\/\/babgyaloglo.hu\/hu\/wp-json\/wp\/v2\/media?parent=796"}],"curies":[{"name":"wp","href":"https:\/\/api.w.org\/{rel}","templated":true}]}}