{"id":802,"date":"2023-08-07T23:02:54","date_gmt":"2023-08-07T21:02:54","guid":{"rendered":"https:\/\/babgyaloglo.hu\/hirlevel-feliratkozas\/"},"modified":"2023-10-03T12:34:13","modified_gmt":"2023-10-03T10:34:13","slug":"hirlevel-feliratkozas","status":"publish","type":"page","link":"https:\/\/babgyaloglo.hu\/hu\/hirlevel-feliratkozas\/","title":{"rendered":"H\u00edrlev\u00e9l feliratkoz\u00e1s"},"content":{"rendered":"<p>[et_pb_section fb_built=&#8221;1&#8243; custom_padding_last_edited=&#8221;on|phone&#8221; next_background_color=&#8221;#ffffff&#8221; admin_label=&#8221;Hero&#8221; _builder_version=&#8221;4.21.2&#8243; background_enable_color=&#8221;off&#8221; background_image=&#8221;https:\/\/babgyaloglo.hu\/wp-content\/uploads\/2023\/08\/alnyomat4.jpg&#8221; background_enable_pattern_style=&#8221;on&#8221; background_pattern_color=&#8221;rgba(233,215,191,0.69)&#8221; background_pattern_size=&#8221;custom&#8221; background_pattern_width=&#8221;12px&#8221; background_pattern_blend_mode=&#8221;multiply&#8221; overflow-x=&#8221;hidden&#8221; overflow-y=&#8221;hidden&#8221; custom_padding=&#8221;2vw||2vw||true|false&#8221; custom_padding_tablet=&#8221;||120px||false|false&#8221; custom_padding_phone=&#8221;&#8221; bottom_divider_style=&#8221;wave2&#8243; bottom_divider_height=&#8221;130px&#8221; bottom_divider_flip=&#8221;horizontal&#8221; bottom_divider_height_tablet=&#8221;130px&#8221; bottom_divider_height_phone=&#8221;60px&#8221; bottom_divider_height_last_edited=&#8221;on|phone&#8221; background_last_edited=&#8221;on|phone&#8221; background_position_phone=&#8221;center_right&#8221; locked=&#8221;off&#8221; global_colors_info=&#8221;{}&#8221;][et_pb_row use_custom_gutter=&#8221;on&#8221; gutter_width=&#8221;2&#8243; custom_padding_last_edited=&#8221;on|tablet&#8221; padding_top_bottom_link_1=&#8221;true&#8221; padding_left_right_link_1=&#8221;true&#8221; _builder_version=&#8221;4.21.2&#8243; background_enable_color=&#8221;off&#8221; use_background_color_gradient=&#8221;on&#8221; background_color_gradient_direction=&#8221;90deg&#8221; background_color_gradient_stops=&#8221;rgba(255,255,255,0) 1%|rgba(255,255,255,0) 98%&#8221; background_enable_image=&#8221;off&#8221; background_position=&#8221;bottom_center&#8221; max_width=&#8221;1200px&#8221; custom_margin_tablet=&#8221;&#8221; custom_margin_phone=&#8221;46px||-48px||false|false&#8221; custom_margin_last_edited=&#8221;on|phone&#8221; custom_padding=&#8221;|60px||60px|false|true&#8221; custom_padding_tablet=&#8221;|30px||30px|false|true&#8221; custom_padding_phone=&#8221;|20px|7px|20px|false|true&#8221; use_custom_width=&#8221;on&#8221; width_unit=&#8221;off&#8221; custom_width_percent=&#8221;100%&#8221; global_colors_info=&#8221;{}&#8221;][et_pb_column type=&#8221;4_4&#8243; _builder_version=&#8221;4.16&#8243; custom_padding=&#8221;10%||||false|false&#8221; custom_padding_tablet=&#8221;0%||||false|false&#8221; custom_padding_phone=&#8221;&#8221; custom_padding_last_edited=&#8221;on|tablet&#8221; global_colors_info=&#8221;{}&#8221;][et_pb_text _builder_version=&#8221;4.21.2&#8243; header_font=&#8221;||||||||&#8221; header_text_align=&#8221;left&#8221; header_text_color=&#8221;#4A413D&#8221; header_font_size=&#8221;6vw&#8221; header_line_height=&#8221;1.5em&#8221; header_2_font=&#8221;Pacifico||||||||&#8221; header_2_text_color=&#8221;#596c5e&#8221; header_2_font_size=&#8221;3vw&#8221; header_2_line_height=&#8221;1.6em&#8221; max_width_tablet=&#8221;70%&#8221; max_width_last_edited=&#8221;off|phone&#8221; custom_margin=&#8221;-28px||72px||false|false&#8221; custom_margin_tablet=&#8221;||-6px||false|false&#8221; custom_margin_phone=&#8221;-28px||-26px||false|false&#8221; custom_margin_last_edited=&#8221;on|phone&#8221; custom_padding=&#8221;||||false|false&#8221; header_text_align_tablet=&#8221;center&#8221; header_text_align_phone=&#8221;center&#8221; header_text_align_last_edited=&#8221;on|phone&#8221; header_font_size_tablet=&#8221;82px&#8221; header_font_size_phone=&#8221;46px&#8221; header_font_size_last_edited=&#8221;on|phone&#8221; header_2_text_align_tablet=&#8221;center&#8221; header_2_text_align_phone=&#8221;center&#8221; header_2_text_align_last_edited=&#8221;on|phone&#8221; header_2_font_size_tablet=&#8221;40px&#8221; header_2_font_size_phone=&#8221;24px&#8221; header_2_font_size_last_edited=&#8221;on|tablet&#8221; global_colors_info=&#8221;{}&#8221;]<\/p>\n<h1 style=\"text-align: center;\">H\u00edrlev\u00e9l<\/h1>\n<h2 style=\"text-align: center;\">Feliratkoz\u00e1s<\/h2>\n<p>[\/et_pb_text][\/et_pb_column][\/et_pb_row][\/et_pb_section][et_pb_section fb_built=&#8221;1&#8243; admin_label=&#8221;About&#8221; _builder_version=&#8221;4.21.2&#8243; background_enable_color=&#8221;off&#8221; background_enable_image=&#8221;off&#8221; background_size=&#8221;initial&#8221; background_position=&#8221;top_center&#8221; overflow-x=&#8221;hidden&#8221; overflow-y=&#8221;hidden&#8221; custom_padding=&#8221;4px|||||&#8221; global_colors_info=&#8221;{}&#8221;][et_pb_row custom_padding_last_edited=&#8221;on|desktop&#8221; _builder_version=&#8221;4.21.2&#8243; use_background_color_gradient=&#8221;on&#8221; background_color_gradient_stops=&#8221;rgba(255,255,255,0) 0%|#e9d7bf 30%|#f0e4d3 61%|rgba(255,255,255,0) 99%&#8221; width=&#8221;100%&#8221; custom_margin=&#8221;||||false|false&#8221; custom_margin_tablet=&#8221;||||false|false&#8221; custom_margin_phone=&#8221;|||0px|false|false&#8221; custom_margin_last_edited=&#8221;on|tablet&#8221; custom_padding=&#8221;||||false|true&#8221; custom_padding_tablet=&#8221;|20px||20px|false|true&#8221; custom_padding_phone=&#8221;|20px||20px|false|true&#8221; global_colors_info=&#8221;{}&#8221;][et_pb_column type=&#8221;4_4&#8243; _builder_version=&#8221;4.21.2&#8243; global_colors_info=&#8221;{}&#8221;][et_pb_text _builder_version=&#8221;4.21.2&#8243; _module_preset=&#8221;default&#8221; global_colors_info=&#8221;{}&#8221;]<\/p>\n<p style=\"text-align: center;\"><span><div class=\"tnp tnp-subscription \">\n<form method=\"post\" action=\"https:\/\/babgyaloglo.hu\/wp-admin\/admin-ajax.php?action=tnp&amp;na=s\">\n<input type=\"hidden\" name=\"nlang\" value=\"hu\">\n<div class=\"tnp-field tnp-field-firstname\"><label for=\"tnp-1\">Vezet\u00e9kn\u00e9v<\/label>\n<input class=\"tnp-name\" type=\"text\" name=\"nn\" id=\"tnp-1\" value=\"\" placeholder=\"\" required><\/div>\n<div class=\"tnp-field tnp-field-surname\"><label for=\"tnp-2\">Keresztn\u00e9v<\/label>\n<input class=\"tnp-surname\" type=\"text\" name=\"ns\" id=\"tnp-2\" value=\"\" placeholder=\"\" required><\/div><div class=\"tnp-field tnp-field-email\"><label for=\"tnp-3\">E-mail c\u00edm<\/label>\n<input class=\"tnp-email\" type=\"email\" name=\"ne\" id=\"tnp-3\" value=\"\" placeholder=\"\" required><\/div>\n<div class=\"tnp-field tnp-lists\"><div class=\"tnp-field tnp-field-checkbox tnp-field-list\"><label for=\"nl5\"><input type=\"checkbox\" id=\"nl5\" name=\"nl[]\" value=\"1\"> English Newsletters<\/label><\/div>\n<div class=\"tnp-field tnp-field-checkbox tnp-field-list\"><label for=\"nl6\"><input type=\"checkbox\" id=\"nl6\" name=\"nl[]\" value=\"2\"> Magyar H\u00edrlev\u00e9l<\/label><\/div>\n<div class=\"tnp-field tnp-field-checkbox tnp-field-list\"><label for=\"nl7\"><input type=\"checkbox\" id=\"nl7\" name=\"nl[]\" value=\"3\"> Buletin Rom\u00e2nesc<\/label><\/div>\n<div class=\"tnp-field tnp-field-checkbox tnp-field-list\"><label for=\"nl8\"><input type=\"checkbox\" id=\"nl8\" name=\"nl[]\" value=\"4\"> Bulletin en Fran\u00e7ais<\/label><\/div>\n<\/div><div class=\"tnp-field tnp-privacy-field\"><label><input type=\"checkbox\" name=\"ny\" required class=\"tnp-privacy\"> <a target=\"_blank\" href=\"https:\/\/babgyaloglo.hu\/pp\/\">Elfogadom a B\u00e1bgyalogl\u00f3 emaileket. Egyet\u00e9rtek az adatv\u00e9delmi ir\u00e1nyelvekkel.<\/a><\/label><\/div><div class=\"tnp-field tnp-field-button\" style=\"text-align: left\"><input class=\"tnp-submit\" type=\"submit\" value=\"Feliratkoz\u00e1s\" style=\"\">\n<\/div>\n<\/form>\n<\/div>\n<\/span><\/p>\n<p>[\/et_pb_text][\/et_pb_column][\/et_pb_row][\/et_pb_section]<\/p>\n","protected":false},"excerpt":{"rendered":"<p>H\u00edrlev\u00e9l Feliratkoz\u00e1s<div class=\"tnp tnp-subscription \">\n<form method=\"post\" action=\"https:\/\/babgyaloglo.hu\/wp-admin\/admin-ajax.php?action=tnp&amp;na=s\">\n<input type=\"hidden\" name=\"nlang\" value=\"hu\">\n<div class=\"tnp-field tnp-field-firstname\"><label for=\"tnp-9\">Vezet\u00e9kn\u00e9v<\/label>\n<input class=\"tnp-name\" type=\"text\" name=\"nn\" id=\"tnp-9\" value=\"\" placeholder=\"\" required><\/div>\n<div class=\"tnp-field tnp-field-surname\"><label for=\"tnp-10\">Keresztn\u00e9v<\/label>\n<input class=\"tnp-surname\" type=\"text\" name=\"ns\" id=\"tnp-10\" value=\"\" placeholder=\"\" required><\/div><div class=\"tnp-field tnp-field-email\"><label for=\"tnp-11\">E-mail c\u00edm<\/label>\n<input class=\"tnp-email\" type=\"email\" name=\"ne\" id=\"tnp-11\" value=\"\" placeholder=\"\" required><\/div>\n<div class=\"tnp-field tnp-lists\"><div class=\"tnp-field tnp-field-checkbox tnp-field-list\"><label for=\"nl13\"><input type=\"checkbox\" id=\"nl13\" name=\"nl[]\" value=\"1\"> English Newsletters<\/label><\/div>\n<div class=\"tnp-field tnp-field-checkbox tnp-field-list\"><label for=\"nl14\"><input type=\"checkbox\" id=\"nl14\" name=\"nl[]\" value=\"2\"> Magyar H\u00edrlev\u00e9l<\/label><\/div>\n<div class=\"tnp-field tnp-field-checkbox tnp-field-list\"><label for=\"nl15\"><input type=\"checkbox\" id=\"nl15\" name=\"nl[]\" value=\"3\"> Buletin Rom\u00e2nesc<\/label><\/div>\n<div class=\"tnp-field tnp-field-checkbox tnp-field-list\"><label for=\"nl16\"><input type=\"checkbox\" id=\"nl16\" name=\"nl[]\" value=\"4\"> Bulletin en Fran\u00e7ais<\/label><\/div>\n<\/div><div class=\"tnp-field tnp-privacy-field\"><label><input type=\"checkbox\" name=\"ny\" required class=\"tnp-privacy\"> <a target=\"_blank\" href=\"https:\/\/babgyaloglo.hu\/pp\/\">Elfogadom a B\u00e1bgyalogl\u00f3 emaileket. Egyet\u00e9rtek az adatv\u00e9delmi ir\u00e1nyelvekkel.<\/a><\/label><\/div><div class=\"tnp-field tnp-field-button\" style=\"text-align: left\"><input class=\"tnp-submit\" type=\"submit\" value=\"Feliratkoz\u00e1s\" style=\"\">\n<\/div>\n<\/form>\n<\/div>\n<\/p>\n","protected":false},"author":2,"featured_media":0,"parent":0,"menu_order":0,"comment_status":"closed","ping_status":"closed","template":"","meta":{"_et_pb_use_builder":"on","_et_pb_old_content":"","_et_gb_content_width":"","footnotes":""},"class_list":["post-802","page","type-page","status-publish","hentry"],"yoast_head":"<!-- This site is optimized with the Yoast SEO plugin v26.8 - https:\/\/yoast.com\/product\/yoast-seo-wordpress\/ -->\n<title>H\u00edrlev\u00e9l feliratkoz\u00e1s - B\u00e1bgyalogl\u00f3<\/title>\n<meta name=\"robots\" content=\"index, follow, max-snippet:-1, max-image-preview:large, max-video-preview:-1\" \/>\n<link rel=\"canonical\" href=\"https:\/\/babgyaloglo.hu\/hu\/hirlevel-feliratkozas\/\" \/>\n<meta property=\"og:locale\" content=\"hu_HU\" \/>\n<meta property=\"og:type\" content=\"article\" \/>\n<meta property=\"og:title\" content=\"H\u00edrlev\u00e9l feliratkoz\u00e1s - B\u00e1bgyalogl\u00f3\" \/>\n<meta property=\"og:description\" content=\"H\u00edrlev\u00e9l Feliratkoz\u00e1s\" \/>\n<meta property=\"og:url\" content=\"https:\/\/babgyaloglo.hu\/hu\/hirlevel-feliratkozas\/\" \/>\n<meta property=\"og:site_name\" content=\"B\u00e1bgyalogl\u00f3\" \/>\n<meta property=\"article:modified_time\" content=\"2023-10-03T10:34:13+00:00\" \/>\n<meta name=\"twitter:card\" content=\"summary_large_image\" \/>\n<meta name=\"twitter:label1\" content=\"Becs\u00fclt olvas\u00e1si id\u0151\" \/>\n\t<meta name=\"twitter:data1\" content=\"3 perc\" \/>\n<script type=\"application\/ld+json\" class=\"yoast-schema-graph\">{\"@context\":\"https:\/\/schema.org\",\"@graph\":[{\"@type\":\"WebPage\",\"@id\":\"https:\/\/babgyaloglo.hu\/hu\/hirlevel-feliratkozas\/\",\"url\":\"https:\/\/babgyaloglo.hu\/hu\/hirlevel-feliratkozas\/\",\"name\":\"H\u00edrlev\u00e9l feliratkoz\u00e1s - B\u00e1bgyalogl\u00f3\",\"isPartOf\":{\"@id\":\"https:\/\/babgyaloglo.hu\/hu\/#website\"},\"datePublished\":\"2023-08-07T21:02:54+00:00\",\"dateModified\":\"2023-10-03T10:34:13+00:00\",\"breadcrumb\":{\"@id\":\"https:\/\/babgyaloglo.hu\/hu\/hirlevel-feliratkozas\/#breadcrumb\"},\"inLanguage\":\"hu\",\"potentialAction\":[{\"@type\":\"ReadAction\",\"target\":[\"https:\/\/babgyaloglo.hu\/hu\/hirlevel-feliratkozas\/\"]}]},{\"@type\":\"BreadcrumbList\",\"@id\":\"https:\/\/babgyaloglo.hu\/hu\/hirlevel-feliratkozas\/#breadcrumb\",\"itemListElement\":[{\"@type\":\"ListItem\",\"position\":1,\"name\":\"Home\",\"item\":\"https:\/\/babgyaloglo.hu\/hu\/\"},{\"@type\":\"ListItem\",\"position\":2,\"name\":\"H\u00edrlev\u00e9l feliratkoz\u00e1s\"}]},{\"@type\":\"WebSite\",\"@id\":\"https:\/\/babgyaloglo.hu\/hu\/#website\",\"url\":\"https:\/\/babgyaloglo.hu\/hu\/\",\"name\":\"B\u00e1bgyalogl\u00f3\",\"description\":\"M\u0171v\u00e9szfalu\",\"potentialAction\":[{\"@type\":\"SearchAction\",\"target\":{\"@type\":\"EntryPoint\",\"urlTemplate\":\"https:\/\/babgyaloglo.hu\/hu\/?s={search_term_string}\"},\"query-input\":{\"@type\":\"PropertyValueSpecification\",\"valueRequired\":true,\"valueName\":\"search_term_string\"}}],\"inLanguage\":\"hu\"}]}<\/script>\n<!-- \/ Yoast SEO plugin. -->","yoast_head_json":{"title":"H\u00edrlev\u00e9l feliratkoz\u00e1s - B\u00e1bgyalogl\u00f3","robots":{"index":"index","follow":"follow","max-snippet":"max-snippet:-1","max-image-preview":"max-image-preview:large","max-video-preview":"max-video-preview:-1"},"canonical":"https:\/\/babgyaloglo.hu\/hu\/hirlevel-feliratkozas\/","og_locale":"hu_HU","og_type":"article","og_title":"H\u00edrlev\u00e9l feliratkoz\u00e1s - B\u00e1bgyalogl\u00f3","og_description":"H\u00edrlev\u00e9l Feliratkoz\u00e1s","og_url":"https:\/\/babgyaloglo.hu\/hu\/hirlevel-feliratkozas\/","og_site_name":"B\u00e1bgyalogl\u00f3","article_modified_time":"2023-10-03T10:34:13+00:00","twitter_card":"summary_large_image","twitter_misc":{"Becs\u00fclt olvas\u00e1si id\u0151":"3 perc"},"schema":{"@context":"https:\/\/schema.org","@graph":[{"@type":"WebPage","@id":"https:\/\/babgyaloglo.hu\/hu\/hirlevel-feliratkozas\/","url":"https:\/\/babgyaloglo.hu\/hu\/hirlevel-feliratkozas\/","name":"H\u00edrlev\u00e9l feliratkoz\u00e1s - B\u00e1bgyalogl\u00f3","isPartOf":{"@id":"https:\/\/babgyaloglo.hu\/hu\/#website"},"datePublished":"2023-08-07T21:02:54+00:00","dateModified":"2023-10-03T10:34:13+00:00","breadcrumb":{"@id":"https:\/\/babgyaloglo.hu\/hu\/hirlevel-feliratkozas\/#breadcrumb"},"inLanguage":"hu","potentialAction":[{"@type":"ReadAction","target":["https:\/\/babgyaloglo.hu\/hu\/hirlevel-feliratkozas\/"]}]},{"@type":"BreadcrumbList","@id":"https:\/\/babgyaloglo.hu\/hu\/hirlevel-feliratkozas\/#breadcrumb","itemListElement":[{"@type":"ListItem","position":1,"name":"Home","item":"https:\/\/babgyaloglo.hu\/hu\/"},{"@type":"ListItem","position":2,"name":"H\u00edrlev\u00e9l feliratkoz\u00e1s"}]},{"@type":"WebSite","@id":"https:\/\/babgyaloglo.hu\/hu\/#website","url":"https:\/\/babgyaloglo.hu\/hu\/","name":"B\u00e1bgyalogl\u00f3","description":"M\u0171v\u00e9szfalu","potentialAction":[{"@type":"SearchAction","target":{"@type":"EntryPoint","urlTemplate":"https:\/\/babgyaloglo.hu\/hu\/?s={search_term_string}"},"query-input":{"@type":"PropertyValueSpecification","valueRequired":true,"valueName":"search_term_string"}}],"inLanguage":"hu"}]}},"_links":{"self":[{"href":"https:\/\/babgyaloglo.hu\/hu\/wp-json\/wp\/v2\/pages\/802","targetHints":{"allow":["GET"]}}],"collection":[{"href":"https:\/\/babgyaloglo.hu\/hu\/wp-json\/wp\/v2\/pages"}],"about":[{"href":"https:\/\/babgyaloglo.hu\/hu\/wp-json\/wp\/v2\/types\/page"}],"author":[{"embeddable":true,"href":"https:\/\/babgyaloglo.hu\/hu\/wp-json\/wp\/v2\/users\/2"}],"replies":[{"embeddable":true,"href":"https:\/\/babgyaloglo.hu\/hu\/wp-json\/wp\/v2\/comments?post=802"}],"version-history":[{"count":3,"href":"https:\/\/babgyaloglo.hu\/hu\/wp-json\/wp\/v2\/pages\/802\/revisions"}],"predecessor-version":[{"id":1260,"href":"https:\/\/babgyaloglo.hu\/hu\/wp-json\/wp\/v2\/pages\/802\/revisions\/1260"}],"wp:attachment":[{"href":"https:\/\/babgyaloglo.hu\/hu\/wp-json\/wp\/v2\/media?parent=802"}],"curies":[{"name":"wp","href":"https:\/\/api.w.org\/{rel}","templated":true}]}}