{"id":1432,"date":"2023-10-03T18:19:08","date_gmt":"2023-10-03T16:19:08","guid":{"rendered":"https:\/\/babgyaloglo.hu\/product\/oszi-fuvallat-varazszsak-bezs\/"},"modified":"2023-10-05T13:20:59","modified_gmt":"2023-10-05T11:20:59","slug":"oszi-fuvalallat-varazszsak-bezs","status":"publish","type":"product","link":"https:\/\/babgyaloglo.hu\/hu\/termek\/oszi-fuvalallat-varazszsak-bezs\/","title":{"rendered":"\u0150szi fuvallat var\u00e1zszs\u00e1k &#8211; b\u00e9zs"},"content":{"rendered":"<p><span style=\"font-weight: 400;\">Egyedi tervez\u00e9s\u0171 vil\u00e1gos b\u00e9zs sz\u00edn\u0171 pamut zs\u00e1k. <\/span><\/p>\n<p><span style=\"font-weight: 400;\">Term\u00e9k adatok: <\/span><span style=\"font-weight: 400;\">100% pamut<\/span><\/p>\n<p><span style=\"font-weight: 400;\">&#8211; M\u00e9ret: 35 cm x 45 cm<\/span><\/p>\n<p><span style=\"font-weight: 400;\">A grafik\u00e1t tervezte Bir\u00f3 Eszter grafikus, illusztr\u00e1tor<\/span><\/p>\n","protected":false},"excerpt":{"rendered":"<p><span style=\"font-weight: 400;\">Egyedi tervez\u00e9s\u0171 vil\u00e1gos b\u00e9zs sz\u00edn\u0171 pamut zs\u00e1k. <\/span><\/p>\n<p><span style=\"font-weight: 400;\">Term\u00e9k adatok: <\/span><span style=\"font-weight: 400;\">100% pamut<\/span><\/p>\n<p><span style=\"font-weight: 400;\">&#8211; M\u00e9ret: 35 cm x 45 cm<\/span><\/p>\n<p><span style=\"font-weight: 400;\">A grafik\u00e1t tervezte Bir\u00f3 Eszter grafikus, illusztr\u00e1tor<\/span><\/p>\n","protected":false},"featured_media":1614,"template":"","meta":{"_et_pb_use_builder":"","_et_pb_old_content":"","_et_gb_content_width":""},"product_brand":[],"product_cat":[99],"product_tag":[],"class_list":{"0":"post-1432","1":"product","2":"type-product","3":"status-publish","4":"has-post-thumbnail","6":"product_cat-szatyrok-es-zsakok","8":"first","9":"instock","10":"taxable","11":"shipping-taxable","12":"purchasable","13":"product-type-simple"},"yoast_head":"<!-- This site is optimized with the Yoast SEO plugin v26.8 - https:\/\/yoast.com\/product\/yoast-seo-wordpress\/ -->\n<title>\u0150szi fuvallat var\u00e1zszs\u00e1k - b\u00e9zs - B\u00e1bgyalogl\u00f3<\/title>\n<meta name=\"robots\" content=\"index, follow, max-snippet:-1, max-image-preview:large, max-video-preview:-1\" \/>\n<link rel=\"canonical\" href=\"https:\/\/babgyaloglo.hu\/hu\/termek\/oszi-fuvalallat-varazszsak-bezs\/\" \/>\n<meta property=\"og:locale\" content=\"hu_HU\" \/>\n<meta property=\"og:type\" content=\"article\" \/>\n<meta property=\"og:title\" content=\"\u0150szi fuvallat var\u00e1zszs\u00e1k - b\u00e9zs - B\u00e1bgyalogl\u00f3\" \/>\n<meta property=\"og:description\" content=\"Egyedi tervez\u00e9s\u0171 vil\u00e1gos b\u00e9zs sz\u00edn\u0171 pamut zs\u00e1k.  Term\u00e9k adatok: 100% pamut - M\u00e9ret: 35 cm x 45 cm A grafik\u00e1t tervezte Bir\u00f3 Eszter grafikus, illusztr\u00e1tor\" \/>\n<meta property=\"og:url\" content=\"https:\/\/babgyaloglo.hu\/hu\/termek\/oszi-fuvalallat-varazszsak-bezs\/\" \/>\n<meta property=\"og:site_name\" content=\"B\u00e1bgyalogl\u00f3\" \/>\n<meta property=\"article:modified_time\" content=\"2023-10-05T11:20:59+00:00\" \/>\n<meta name=\"twitter:card\" content=\"summary_large_image\" \/>\n<script type=\"application\/ld+json\" class=\"yoast-schema-graph\">{\"@context\":\"https:\/\/schema.org\",\"@graph\":[{\"@type\":\"WebPage\",\"@id\":\"https:\/\/babgyaloglo.hu\/hu\/termek\/oszi-fuvalallat-varazszsak-bezs\/\",\"url\":\"https:\/\/babgyaloglo.hu\/hu\/termek\/oszi-fuvalallat-varazszsak-bezs\/\",\"name\":\"\u0150szi fuvallat var\u00e1zszs\u00e1k - b\u00e9zs - B\u00e1bgyalogl\u00f3\",\"isPartOf\":{\"@id\":\"https:\/\/babgyaloglo.hu\/hu\/#website\"},\"primaryImageOfPage\":{\"@id\":\"https:\/\/babgyaloglo.hu\/hu\/termek\/oszi-fuvalallat-varazszsak-bezs\/#primaryimage\"},\"image\":{\"@id\":\"https:\/\/babgyaloglo.hu\/hu\/termek\/oszi-fuvalallat-varazszsak-bezs\/#primaryimage\"},\"thumbnailUrl\":\"https:\/\/babgyaloglo.hu\/wp-content\/uploads\/2023\/10\/bezs-zsak2.jpg\",\"datePublished\":\"2023-10-03T16:19:08+00:00\",\"dateModified\":\"2023-10-05T11:20:59+00:00\",\"breadcrumb\":{\"@id\":\"https:\/\/babgyaloglo.hu\/hu\/termek\/oszi-fuvalallat-varazszsak-bezs\/#breadcrumb\"},\"inLanguage\":\"hu\",\"potentialAction\":[{\"@type\":\"ReadAction\",\"target\":[\"https:\/\/babgyaloglo.hu\/hu\/termek\/oszi-fuvalallat-varazszsak-bezs\/\"]}]},{\"@type\":\"ImageObject\",\"inLanguage\":\"hu\",\"@id\":\"https:\/\/babgyaloglo.hu\/hu\/termek\/oszi-fuvalallat-varazszsak-bezs\/#primaryimage\",\"url\":\"https:\/\/babgyaloglo.hu\/wp-content\/uploads\/2023\/10\/bezs-zsak2.jpg\",\"contentUrl\":\"https:\/\/babgyaloglo.hu\/wp-content\/uploads\/2023\/10\/bezs-zsak2.jpg\",\"width\":1024,\"height\":1024},{\"@type\":\"BreadcrumbList\",\"@id\":\"https:\/\/babgyaloglo.hu\/hu\/termek\/oszi-fuvalallat-varazszsak-bezs\/#breadcrumb\",\"itemListElement\":[{\"@type\":\"ListItem\",\"position\":1,\"name\":\"Home\",\"item\":\"https:\/\/babgyaloglo.hu\/hu\/\"},{\"@type\":\"ListItem\",\"position\":2,\"name\":\"Webshop\",\"item\":\"https:\/\/babgyaloglo.hu\/webshop\/\"},{\"@type\":\"ListItem\",\"position\":3,\"name\":\"\u0150szi fuvallat var\u00e1zszs\u00e1k &#8211; b\u00e9zs\"}]},{\"@type\":\"WebSite\",\"@id\":\"https:\/\/babgyaloglo.hu\/hu\/#website\",\"url\":\"https:\/\/babgyaloglo.hu\/hu\/\",\"name\":\"B\u00e1bgyalogl\u00f3\",\"description\":\"M\u0171v\u00e9szfalu\",\"potentialAction\":[{\"@type\":\"SearchAction\",\"target\":{\"@type\":\"EntryPoint\",\"urlTemplate\":\"https:\/\/babgyaloglo.hu\/hu\/?s={search_term_string}\"},\"query-input\":{\"@type\":\"PropertyValueSpecification\",\"valueRequired\":true,\"valueName\":\"search_term_string\"}}],\"inLanguage\":\"hu\"}]}<\/script>\n<!-- \/ Yoast SEO plugin. -->","yoast_head_json":{"title":"\u0150szi fuvallat var\u00e1zszs\u00e1k - b\u00e9zs - B\u00e1bgyalogl\u00f3","robots":{"index":"index","follow":"follow","max-snippet":"max-snippet:-1","max-image-preview":"max-image-preview:large","max-video-preview":"max-video-preview:-1"},"canonical":"https:\/\/babgyaloglo.hu\/hu\/termek\/oszi-fuvalallat-varazszsak-bezs\/","og_locale":"hu_HU","og_type":"article","og_title":"\u0150szi fuvallat var\u00e1zszs\u00e1k - b\u00e9zs - B\u00e1bgyalogl\u00f3","og_description":"Egyedi tervez\u00e9s\u0171 vil\u00e1gos b\u00e9zs sz\u00edn\u0171 pamut zs\u00e1k.  Term\u00e9k adatok: 100% pamut - M\u00e9ret: 35 cm x 45 cm A grafik\u00e1t tervezte Bir\u00f3 Eszter grafikus, illusztr\u00e1tor","og_url":"https:\/\/babgyaloglo.hu\/hu\/termek\/oszi-fuvalallat-varazszsak-bezs\/","og_site_name":"B\u00e1bgyalogl\u00f3","article_modified_time":"2023-10-05T11:20:59+00:00","twitter_card":"summary_large_image","schema":{"@context":"https:\/\/schema.org","@graph":[{"@type":"WebPage","@id":"https:\/\/babgyaloglo.hu\/hu\/termek\/oszi-fuvalallat-varazszsak-bezs\/","url":"https:\/\/babgyaloglo.hu\/hu\/termek\/oszi-fuvalallat-varazszsak-bezs\/","name":"\u0150szi fuvallat var\u00e1zszs\u00e1k - b\u00e9zs - B\u00e1bgyalogl\u00f3","isPartOf":{"@id":"https:\/\/babgyaloglo.hu\/hu\/#website"},"primaryImageOfPage":{"@id":"https:\/\/babgyaloglo.hu\/hu\/termek\/oszi-fuvalallat-varazszsak-bezs\/#primaryimage"},"image":{"@id":"https:\/\/babgyaloglo.hu\/hu\/termek\/oszi-fuvalallat-varazszsak-bezs\/#primaryimage"},"thumbnailUrl":"https:\/\/babgyaloglo.hu\/wp-content\/uploads\/2023\/10\/bezs-zsak2.jpg","datePublished":"2023-10-03T16:19:08+00:00","dateModified":"2023-10-05T11:20:59+00:00","breadcrumb":{"@id":"https:\/\/babgyaloglo.hu\/hu\/termek\/oszi-fuvalallat-varazszsak-bezs\/#breadcrumb"},"inLanguage":"hu","potentialAction":[{"@type":"ReadAction","target":["https:\/\/babgyaloglo.hu\/hu\/termek\/oszi-fuvalallat-varazszsak-bezs\/"]}]},{"@type":"ImageObject","inLanguage":"hu","@id":"https:\/\/babgyaloglo.hu\/hu\/termek\/oszi-fuvalallat-varazszsak-bezs\/#primaryimage","url":"https:\/\/babgyaloglo.hu\/wp-content\/uploads\/2023\/10\/bezs-zsak2.jpg","contentUrl":"https:\/\/babgyaloglo.hu\/wp-content\/uploads\/2023\/10\/bezs-zsak2.jpg","width":1024,"height":1024},{"@type":"BreadcrumbList","@id":"https:\/\/babgyaloglo.hu\/hu\/termek\/oszi-fuvalallat-varazszsak-bezs\/#breadcrumb","itemListElement":[{"@type":"ListItem","position":1,"name":"Home","item":"https:\/\/babgyaloglo.hu\/hu\/"},{"@type":"ListItem","position":2,"name":"Webshop","item":"https:\/\/babgyaloglo.hu\/webshop\/"},{"@type":"ListItem","position":3,"name":"\u0150szi fuvallat var\u00e1zszs\u00e1k &#8211; b\u00e9zs"}]},{"@type":"WebSite","@id":"https:\/\/babgyaloglo.hu\/hu\/#website","url":"https:\/\/babgyaloglo.hu\/hu\/","name":"B\u00e1bgyalogl\u00f3","description":"M\u0171v\u00e9szfalu","potentialAction":[{"@type":"SearchAction","target":{"@type":"EntryPoint","urlTemplate":"https:\/\/babgyaloglo.hu\/hu\/?s={search_term_string}"},"query-input":{"@type":"PropertyValueSpecification","valueRequired":true,"valueName":"search_term_string"}}],"inLanguage":"hu"}]}},"_links":{"self":[{"href":"https:\/\/babgyaloglo.hu\/hu\/wp-json\/wp\/v2\/product\/1432","targetHints":{"allow":["GET"]}}],"collection":[{"href":"https:\/\/babgyaloglo.hu\/hu\/wp-json\/wp\/v2\/product"}],"about":[{"href":"https:\/\/babgyaloglo.hu\/hu\/wp-json\/wp\/v2\/types\/product"}],"wp:featuredmedia":[{"embeddable":true,"href":"https:\/\/babgyaloglo.hu\/hu\/wp-json\/wp\/v2\/media\/1614"}],"wp:attachment":[{"href":"https:\/\/babgyaloglo.hu\/hu\/wp-json\/wp\/v2\/media?parent=1432"}],"wp:term":[{"taxonomy":"product_brand","embeddable":true,"href":"https:\/\/babgyaloglo.hu\/hu\/wp-json\/wp\/v2\/product_brand?post=1432"},{"taxonomy":"product_cat","embeddable":true,"href":"https:\/\/babgyaloglo.hu\/hu\/wp-json\/wp\/v2\/product_cat?post=1432"},{"taxonomy":"product_tag","embeddable":true,"href":"https:\/\/babgyaloglo.hu\/hu\/wp-json\/wp\/v2\/product_tag?post=1432"}],"curies":[{"name":"wp","href":"https:\/\/api.w.org\/{rel}","templated":true}]}}