{"id":1437,"date":"2023-10-03T18:29:32","date_gmt":"2023-10-03T16:29:32","guid":{"rendered":"https:\/\/babgyaloglo.hu\/product\/manok-famanok-gyapjufilc-ruhaval-es-sapkaval\/"},"modified":"2023-10-05T13:18:02","modified_gmt":"2023-10-05T11:18:02","slug":"famanok-sapkaval","status":"publish","type":"product","link":"https:\/\/babgyaloglo.hu\/hu\/termek\/famanok-sapkaval\/","title":{"rendered":"Man\u00f3k Faman\u00f3k, gyapj\u00fafilc ruh\u00e1val \u00e9s sapk\u00e1val."},"content":{"rendered":"<p><span style=\"font-weight: 400;\">K\u00e9zzel k\u00e9sz\u00fclt, egyedi h\u00edmz\u00e9s\u0171 man\u00f3k. <\/span><\/p>\n<p><span style=\"font-weight: 400;\">Term\u00e9k adatok: <\/span><span style=\"font-weight: 400;\"> fa \u00e9s gyapj\u00fafilc <\/span> <\/p>\n<p><span style=\"font-weight: 400;\">&#8211; man\u00f3m\u00e9ret sapk\u00e1val: 10 cm <\/span><\/p>\n<p><span style=\"font-weight: 400;\">A man\u00f3kat tervezte \u00e9s k\u00e9sz\u00edtette Rus Barbara<\/span><\/p>\n","protected":false},"excerpt":{"rendered":"<p><span style=\"font-weight: 400;\">K\u00e9zzel k\u00e9sz\u00fclt, egyedi h\u00edmz\u00e9s\u0171 man\u00f3k. <\/span><\/p>\n<p><span style=\"font-weight: 400;\">Term\u00e9k adatok: <\/span><span style=\"font-weight: 400;\"> fa \u00e9s gyapj\u00fafilc <\/span> <\/p>\n<p><span style=\"font-weight: 400;\">&#8211; man\u00f3m\u00e9ret sapk\u00e1val: 10 cm <\/span><\/p>\n<p><span style=\"font-weight: 400;\">A man\u00f3kat tervezte \u00e9s k\u00e9sz\u00edtette Rus Barbara<\/span><\/p>\n","protected":false},"featured_media":1572,"template":"","meta":{"_et_pb_use_builder":"","_et_pb_old_content":"","_et_gb_content_width":""},"product_brand":[],"product_cat":[97],"product_tag":[],"class_list":{"0":"post-1437","1":"product","2":"type-product","3":"status-publish","4":"has-post-thumbnail","6":"product_cat-dekoracio","8":"first","9":"instock","10":"taxable","11":"shipping-taxable","12":"purchasable","13":"product-type-simple"},"yoast_head":"<!-- This site is optimized with the Yoast SEO plugin v26.8 - https:\/\/yoast.com\/product\/yoast-seo-wordpress\/ -->\n<title>Man\u00f3k Faman\u00f3k, gyapj\u00fafilc ruh\u00e1val \u00e9s sapk\u00e1val. - B\u00e1bgyalogl\u00f3<\/title>\n<meta name=\"robots\" content=\"index, follow, max-snippet:-1, max-image-preview:large, max-video-preview:-1\" \/>\n<link rel=\"canonical\" href=\"https:\/\/babgyaloglo.hu\/hu\/termek\/famanok-sapkaval\/\" \/>\n<meta property=\"og:locale\" content=\"hu_HU\" \/>\n<meta property=\"og:type\" content=\"article\" \/>\n<meta property=\"og:title\" content=\"Man\u00f3k Faman\u00f3k, gyapj\u00fafilc ruh\u00e1val \u00e9s sapk\u00e1val. - B\u00e1bgyalogl\u00f3\" \/>\n<meta property=\"og:description\" content=\"K\u00e9zzel k\u00e9sz\u00fclt, egyedi h\u00edmz\u00e9s\u0171 man\u00f3k.  Term\u00e9k adatok: fa \u00e9s gyapj\u00fafilc  - man\u00f3m\u00e9ret sapk\u00e1val: 10 cm  A man\u00f3kat tervezte \u00e9s k\u00e9sz\u00edtette Rus Barbara\" \/>\n<meta property=\"og:url\" content=\"https:\/\/babgyaloglo.hu\/hu\/termek\/famanok-sapkaval\/\" \/>\n<meta property=\"og:site_name\" content=\"B\u00e1bgyalogl\u00f3\" \/>\n<meta property=\"article:modified_time\" content=\"2023-10-05T11:18:02+00:00\" \/>\n<meta property=\"og:image\" content=\"https:\/\/babgyaloglo.hu\/wp-content\/uploads\/2023\/10\/Manok-.jpg\" \/>\n\t<meta property=\"og:image:width\" content=\"1000\" \/>\n\t<meta property=\"og:image:height\" content=\"1000\" \/>\n\t<meta property=\"og:image:type\" content=\"image\/jpeg\" \/>\n<meta name=\"twitter:card\" content=\"summary_large_image\" \/>\n<script type=\"application\/ld+json\" class=\"yoast-schema-graph\">{\"@context\":\"https:\/\/schema.org\",\"@graph\":[{\"@type\":\"WebPage\",\"@id\":\"https:\/\/babgyaloglo.hu\/hu\/termek\/famanok-sapkaval\/\",\"url\":\"https:\/\/babgyaloglo.hu\/hu\/termek\/famanok-sapkaval\/\",\"name\":\"Man\u00f3k Faman\u00f3k, gyapj\u00fafilc ruh\u00e1val \u00e9s sapk\u00e1val. - B\u00e1bgyalogl\u00f3\",\"isPartOf\":{\"@id\":\"https:\/\/babgyaloglo.hu\/hu\/#website\"},\"primaryImageOfPage\":{\"@id\":\"https:\/\/babgyaloglo.hu\/hu\/termek\/famanok-sapkaval\/#primaryimage\"},\"image\":{\"@id\":\"https:\/\/babgyaloglo.hu\/hu\/termek\/famanok-sapkaval\/#primaryimage\"},\"thumbnailUrl\":\"https:\/\/babgyaloglo.hu\/wp-content\/uploads\/2023\/10\/babak1.jpg\",\"datePublished\":\"2023-10-03T16:29:32+00:00\",\"dateModified\":\"2023-10-05T11:18:02+00:00\",\"breadcrumb\":{\"@id\":\"https:\/\/babgyaloglo.hu\/hu\/termek\/famanok-sapkaval\/#breadcrumb\"},\"inLanguage\":\"hu\",\"potentialAction\":[{\"@type\":\"ReadAction\",\"target\":[\"https:\/\/babgyaloglo.hu\/hu\/termek\/famanok-sapkaval\/\"]}]},{\"@type\":\"ImageObject\",\"inLanguage\":\"hu\",\"@id\":\"https:\/\/babgyaloglo.hu\/hu\/termek\/famanok-sapkaval\/#primaryimage\",\"url\":\"https:\/\/babgyaloglo.hu\/wp-content\/uploads\/2023\/10\/babak1.jpg\",\"contentUrl\":\"https:\/\/babgyaloglo.hu\/wp-content\/uploads\/2023\/10\/babak1.jpg\",\"width\":1024,\"height\":1024},{\"@type\":\"BreadcrumbList\",\"@id\":\"https:\/\/babgyaloglo.hu\/hu\/termek\/famanok-sapkaval\/#breadcrumb\",\"itemListElement\":[{\"@type\":\"ListItem\",\"position\":1,\"name\":\"Home\",\"item\":\"https:\/\/babgyaloglo.hu\/hu\/\"},{\"@type\":\"ListItem\",\"position\":2,\"name\":\"Webshop\",\"item\":\"https:\/\/babgyaloglo.hu\/webshop\/\"},{\"@type\":\"ListItem\",\"position\":3,\"name\":\"Man\u00f3k. Faman\u00f3k, gyapj\u00fafilc ruh\u00e1val \u00e9s sapk\u00e1val.\"}]},{\"@type\":\"WebSite\",\"@id\":\"https:\/\/babgyaloglo.hu\/hu\/#website\",\"url\":\"https:\/\/babgyaloglo.hu\/hu\/\",\"name\":\"B\u00e1bgyalogl\u00f3\",\"description\":\"M\u0171v\u00e9szfalu\",\"potentialAction\":[{\"@type\":\"SearchAction\",\"target\":{\"@type\":\"EntryPoint\",\"urlTemplate\":\"https:\/\/babgyaloglo.hu\/hu\/?s={search_term_string}\"},\"query-input\":{\"@type\":\"PropertyValueSpecification\",\"valueRequired\":true,\"valueName\":\"search_term_string\"}}],\"inLanguage\":\"hu\"}]}<\/script>\n<!-- \/ Yoast SEO plugin. -->","yoast_head_json":{"title":"Man\u00f3k Faman\u00f3k, gyapj\u00fafilc ruh\u00e1val \u00e9s sapk\u00e1val. - B\u00e1bgyalogl\u00f3","robots":{"index":"index","follow":"follow","max-snippet":"max-snippet:-1","max-image-preview":"max-image-preview:large","max-video-preview":"max-video-preview:-1"},"canonical":"https:\/\/babgyaloglo.hu\/hu\/termek\/famanok-sapkaval\/","og_locale":"hu_HU","og_type":"article","og_title":"Man\u00f3k Faman\u00f3k, gyapj\u00fafilc ruh\u00e1val \u00e9s sapk\u00e1val. - B\u00e1bgyalogl\u00f3","og_description":"K\u00e9zzel k\u00e9sz\u00fclt, egyedi h\u00edmz\u00e9s\u0171 man\u00f3k.  Term\u00e9k adatok: fa \u00e9s gyapj\u00fafilc  - man\u00f3m\u00e9ret sapk\u00e1val: 10 cm  A man\u00f3kat tervezte \u00e9s k\u00e9sz\u00edtette Rus Barbara","og_url":"https:\/\/babgyaloglo.hu\/hu\/termek\/famanok-sapkaval\/","og_site_name":"B\u00e1bgyalogl\u00f3","article_modified_time":"2023-10-05T11:18:02+00:00","og_image":[{"width":1000,"height":1000,"url":"https:\/\/babgyaloglo.hu\/wp-content\/uploads\/2023\/10\/Manok-.jpg","type":"image\/jpeg"}],"twitter_card":"summary_large_image","schema":{"@context":"https:\/\/schema.org","@graph":[{"@type":"WebPage","@id":"https:\/\/babgyaloglo.hu\/hu\/termek\/famanok-sapkaval\/","url":"https:\/\/babgyaloglo.hu\/hu\/termek\/famanok-sapkaval\/","name":"Man\u00f3k Faman\u00f3k, gyapj\u00fafilc ruh\u00e1val \u00e9s sapk\u00e1val. - B\u00e1bgyalogl\u00f3","isPartOf":{"@id":"https:\/\/babgyaloglo.hu\/hu\/#website"},"primaryImageOfPage":{"@id":"https:\/\/babgyaloglo.hu\/hu\/termek\/famanok-sapkaval\/#primaryimage"},"image":{"@id":"https:\/\/babgyaloglo.hu\/hu\/termek\/famanok-sapkaval\/#primaryimage"},"thumbnailUrl":"https:\/\/babgyaloglo.hu\/wp-content\/uploads\/2023\/10\/babak1.jpg","datePublished":"2023-10-03T16:29:32+00:00","dateModified":"2023-10-05T11:18:02+00:00","breadcrumb":{"@id":"https:\/\/babgyaloglo.hu\/hu\/termek\/famanok-sapkaval\/#breadcrumb"},"inLanguage":"hu","potentialAction":[{"@type":"ReadAction","target":["https:\/\/babgyaloglo.hu\/hu\/termek\/famanok-sapkaval\/"]}]},{"@type":"ImageObject","inLanguage":"hu","@id":"https:\/\/babgyaloglo.hu\/hu\/termek\/famanok-sapkaval\/#primaryimage","url":"https:\/\/babgyaloglo.hu\/wp-content\/uploads\/2023\/10\/babak1.jpg","contentUrl":"https:\/\/babgyaloglo.hu\/wp-content\/uploads\/2023\/10\/babak1.jpg","width":1024,"height":1024},{"@type":"BreadcrumbList","@id":"https:\/\/babgyaloglo.hu\/hu\/termek\/famanok-sapkaval\/#breadcrumb","itemListElement":[{"@type":"ListItem","position":1,"name":"Home","item":"https:\/\/babgyaloglo.hu\/hu\/"},{"@type":"ListItem","position":2,"name":"Webshop","item":"https:\/\/babgyaloglo.hu\/webshop\/"},{"@type":"ListItem","position":3,"name":"Man\u00f3k. Faman\u00f3k, gyapj\u00fafilc ruh\u00e1val \u00e9s sapk\u00e1val."}]},{"@type":"WebSite","@id":"https:\/\/babgyaloglo.hu\/hu\/#website","url":"https:\/\/babgyaloglo.hu\/hu\/","name":"B\u00e1bgyalogl\u00f3","description":"M\u0171v\u00e9szfalu","potentialAction":[{"@type":"SearchAction","target":{"@type":"EntryPoint","urlTemplate":"https:\/\/babgyaloglo.hu\/hu\/?s={search_term_string}"},"query-input":{"@type":"PropertyValueSpecification","valueRequired":true,"valueName":"search_term_string"}}],"inLanguage":"hu"}]}},"_links":{"self":[{"href":"https:\/\/babgyaloglo.hu\/hu\/wp-json\/wp\/v2\/product\/1437","targetHints":{"allow":["GET"]}}],"collection":[{"href":"https:\/\/babgyaloglo.hu\/hu\/wp-json\/wp\/v2\/product"}],"about":[{"href":"https:\/\/babgyaloglo.hu\/hu\/wp-json\/wp\/v2\/types\/product"}],"wp:featuredmedia":[{"embeddable":true,"href":"https:\/\/babgyaloglo.hu\/hu\/wp-json\/wp\/v2\/media\/1572"}],"wp:attachment":[{"href":"https:\/\/babgyaloglo.hu\/hu\/wp-json\/wp\/v2\/media?parent=1437"}],"wp:term":[{"taxonomy":"product_brand","embeddable":true,"href":"https:\/\/babgyaloglo.hu\/hu\/wp-json\/wp\/v2\/product_brand?post=1437"},{"taxonomy":"product_cat","embeddable":true,"href":"https:\/\/babgyaloglo.hu\/hu\/wp-json\/wp\/v2\/product_cat?post=1437"},{"taxonomy":"product_tag","embeddable":true,"href":"https:\/\/babgyaloglo.hu\/hu\/wp-json\/wp\/v2\/product_tag?post=1437"}],"curies":[{"name":"wp","href":"https:\/\/api.w.org\/{rel}","templated":true}]}}