{"id":1454,"date":"2023-10-05T11:29:38","date_gmt":"2023-10-05T09:29:38","guid":{"rendered":"https:\/\/babgyaloglo.hu\/product\/oszi-fuvallat-bevasarlo-szatyor\/"},"modified":"2023-10-05T11:29:38","modified_gmt":"2023-10-05T09:29:38","slug":"autumn-breeze-shopping-bag","status":"publish","type":"product","link":"https:\/\/babgyaloglo.hu\/hu\/termek\/autumn-breeze-shopping-bag\/","title":{"rendered":"\u0150szi fuvallat bev\u00e1s\u00e1rl\u00f3 szatyor"},"content":{"rendered":"<p><span style=\"font-weight: 400;\">Egyedi tervez\u00e9s\u0171 pamut bev\u00e1s\u00e1rl\u00f3 szatyor. <\/span><\/p>\n<p><span style=\"font-weight: 400;\">Term\u00e9k adatok: <\/span><span style=\"font-weight: 400;\">100% pamut<\/span><\/p>\n<p><span style=\"font-weight: 400;\">&#8211; M\u00e9ret: 34.5 cm x 43 cm<\/span><\/p>\n<p><span style=\"font-weight: 400;\">A grafik\u00e1t tervezte Bir\u00f3 Eszter grafikus, illusztr\u00e1tor<\/span><\/p>\n","protected":false},"excerpt":{"rendered":"<p><span style=\"font-weight: 400;\">Egyedi tervez\u00e9s\u0171 pamut bev\u00e1s\u00e1rl\u00f3 szatyor. <\/span><\/p>\n<p><span style=\"font-weight: 400;\">Term\u00e9k adatok: <\/span><span style=\"font-weight: 400;\">100% pamut<\/span><\/p>\n<p><span style=\"font-weight: 400;\">&#8211; M\u00e9ret: 34.5 cm x 43 cm<\/span><\/p>\n<p><span style=\"font-weight: 400;\">A grafik\u00e1t tervezte Bir\u00f3 Eszter grafikus, illusztr\u00e1tor<\/span><\/p>\n","protected":false},"featured_media":1566,"template":"","meta":{"_et_pb_use_builder":"","_et_pb_old_content":"","_et_gb_content_width":""},"product_brand":[],"product_cat":[99],"product_tag":[],"class_list":{"0":"post-1454","1":"product","2":"type-product","3":"status-publish","4":"has-post-thumbnail","6":"product_cat-szatyrok-es-zsakok","8":"first","9":"instock","10":"taxable","11":"shipping-taxable","12":"purchasable","13":"product-type-simple"},"yoast_head":"<!-- This site is optimized with the Yoast SEO plugin v26.8 - https:\/\/yoast.com\/product\/yoast-seo-wordpress\/ -->\n<title>\u0150szi fuvallat bev\u00e1s\u00e1rl\u00f3 szatyor - B\u00e1bgyalogl\u00f3<\/title>\n<meta name=\"robots\" content=\"index, follow, max-snippet:-1, max-image-preview:large, max-video-preview:-1\" \/>\n<link rel=\"canonical\" href=\"https:\/\/babgyaloglo.hu\/hu\/termek\/autumn-breeze-shopping-bag\/\" \/>\n<meta property=\"og:locale\" content=\"hu_HU\" \/>\n<meta property=\"og:type\" content=\"article\" \/>\n<meta property=\"og:title\" content=\"\u0150szi fuvallat bev\u00e1s\u00e1rl\u00f3 szatyor - B\u00e1bgyalogl\u00f3\" \/>\n<meta property=\"og:description\" content=\"Egyedi tervez\u00e9s\u0171 pamut bev\u00e1s\u00e1rl\u00f3 szatyor.  Term\u00e9k adatok: 100% pamut - M\u00e9ret: 34.5 cm x 43 cm A grafik\u00e1t tervezte Bir\u00f3 Eszter grafikus, illusztr\u00e1tor\" \/>\n<meta property=\"og:url\" content=\"https:\/\/babgyaloglo.hu\/hu\/termek\/autumn-breeze-shopping-bag\/\" \/>\n<meta property=\"og:site_name\" content=\"B\u00e1bgyalogl\u00f3\" \/>\n<meta property=\"og:image\" content=\"https:\/\/babgyaloglo.hu\/wp-content\/uploads\/2023\/10\/rozsda-szatyor.jpg\" \/>\n\t<meta property=\"og:image:width\" content=\"1024\" \/>\n\t<meta property=\"og:image:height\" content=\"1024\" \/>\n\t<meta property=\"og:image:type\" content=\"image\/jpeg\" \/>\n<meta name=\"twitter:card\" content=\"summary_large_image\" \/>\n<script type=\"application\/ld+json\" class=\"yoast-schema-graph\">{\"@context\":\"https:\/\/schema.org\",\"@graph\":[{\"@type\":\"WebPage\",\"@id\":\"https:\/\/babgyaloglo.hu\/hu\/termek\/autumn-breeze-shopping-bag\/\",\"url\":\"https:\/\/babgyaloglo.hu\/hu\/termek\/autumn-breeze-shopping-bag\/\",\"name\":\"\u0150szi fuvallat bev\u00e1s\u00e1rl\u00f3 szatyor - B\u00e1bgyalogl\u00f3\",\"isPartOf\":{\"@id\":\"https:\/\/babgyaloglo.hu\/hu\/#website\"},\"primaryImageOfPage\":{\"@id\":\"https:\/\/babgyaloglo.hu\/hu\/termek\/autumn-breeze-shopping-bag\/#primaryimage\"},\"image\":{\"@id\":\"https:\/\/babgyaloglo.hu\/hu\/termek\/autumn-breeze-shopping-bag\/#primaryimage\"},\"thumbnailUrl\":\"https:\/\/babgyaloglo.hu\/wp-content\/uploads\/2023\/10\/rozsda-szatyor.jpg\",\"datePublished\":\"2023-10-05T09:29:38+00:00\",\"breadcrumb\":{\"@id\":\"https:\/\/babgyaloglo.hu\/hu\/termek\/autumn-breeze-shopping-bag\/#breadcrumb\"},\"inLanguage\":\"hu\",\"potentialAction\":[{\"@type\":\"ReadAction\",\"target\":[\"https:\/\/babgyaloglo.hu\/hu\/termek\/autumn-breeze-shopping-bag\/\"]}]},{\"@type\":\"ImageObject\",\"inLanguage\":\"hu\",\"@id\":\"https:\/\/babgyaloglo.hu\/hu\/termek\/autumn-breeze-shopping-bag\/#primaryimage\",\"url\":\"https:\/\/babgyaloglo.hu\/wp-content\/uploads\/2023\/10\/rozsda-szatyor.jpg\",\"contentUrl\":\"https:\/\/babgyaloglo.hu\/wp-content\/uploads\/2023\/10\/rozsda-szatyor.jpg\",\"width\":1024,\"height\":1024},{\"@type\":\"BreadcrumbList\",\"@id\":\"https:\/\/babgyaloglo.hu\/hu\/termek\/autumn-breeze-shopping-bag\/#breadcrumb\",\"itemListElement\":[{\"@type\":\"ListItem\",\"position\":1,\"name\":\"Home\",\"item\":\"https:\/\/babgyaloglo.hu\/hu\/\"},{\"@type\":\"ListItem\",\"position\":2,\"name\":\"Webshop\",\"item\":\"https:\/\/babgyaloglo.hu\/webshop\/\"},{\"@type\":\"ListItem\",\"position\":3,\"name\":\"\u0150szi fuvallat bev\u00e1s\u00e1rl\u00f3 szatyor\"}]},{\"@type\":\"WebSite\",\"@id\":\"https:\/\/babgyaloglo.hu\/hu\/#website\",\"url\":\"https:\/\/babgyaloglo.hu\/hu\/\",\"name\":\"B\u00e1bgyalogl\u00f3\",\"description\":\"M\u0171v\u00e9szfalu\",\"potentialAction\":[{\"@type\":\"SearchAction\",\"target\":{\"@type\":\"EntryPoint\",\"urlTemplate\":\"https:\/\/babgyaloglo.hu\/hu\/?s={search_term_string}\"},\"query-input\":{\"@type\":\"PropertyValueSpecification\",\"valueRequired\":true,\"valueName\":\"search_term_string\"}}],\"inLanguage\":\"hu\"}]}<\/script>\n<!-- \/ Yoast SEO plugin. -->","yoast_head_json":{"title":"\u0150szi fuvallat bev\u00e1s\u00e1rl\u00f3 szatyor - B\u00e1bgyalogl\u00f3","robots":{"index":"index","follow":"follow","max-snippet":"max-snippet:-1","max-image-preview":"max-image-preview:large","max-video-preview":"max-video-preview:-1"},"canonical":"https:\/\/babgyaloglo.hu\/hu\/termek\/autumn-breeze-shopping-bag\/","og_locale":"hu_HU","og_type":"article","og_title":"\u0150szi fuvallat bev\u00e1s\u00e1rl\u00f3 szatyor - B\u00e1bgyalogl\u00f3","og_description":"Egyedi tervez\u00e9s\u0171 pamut bev\u00e1s\u00e1rl\u00f3 szatyor.  Term\u00e9k adatok: 100% pamut - M\u00e9ret: 34.5 cm x 43 cm A grafik\u00e1t tervezte Bir\u00f3 Eszter grafikus, illusztr\u00e1tor","og_url":"https:\/\/babgyaloglo.hu\/hu\/termek\/autumn-breeze-shopping-bag\/","og_site_name":"B\u00e1bgyalogl\u00f3","og_image":[{"width":1024,"height":1024,"url":"https:\/\/babgyaloglo.hu\/wp-content\/uploads\/2023\/10\/rozsda-szatyor.jpg","type":"image\/jpeg"}],"twitter_card":"summary_large_image","schema":{"@context":"https:\/\/schema.org","@graph":[{"@type":"WebPage","@id":"https:\/\/babgyaloglo.hu\/hu\/termek\/autumn-breeze-shopping-bag\/","url":"https:\/\/babgyaloglo.hu\/hu\/termek\/autumn-breeze-shopping-bag\/","name":"\u0150szi fuvallat bev\u00e1s\u00e1rl\u00f3 szatyor - B\u00e1bgyalogl\u00f3","isPartOf":{"@id":"https:\/\/babgyaloglo.hu\/hu\/#website"},"primaryImageOfPage":{"@id":"https:\/\/babgyaloglo.hu\/hu\/termek\/autumn-breeze-shopping-bag\/#primaryimage"},"image":{"@id":"https:\/\/babgyaloglo.hu\/hu\/termek\/autumn-breeze-shopping-bag\/#primaryimage"},"thumbnailUrl":"https:\/\/babgyaloglo.hu\/wp-content\/uploads\/2023\/10\/rozsda-szatyor.jpg","datePublished":"2023-10-05T09:29:38+00:00","breadcrumb":{"@id":"https:\/\/babgyaloglo.hu\/hu\/termek\/autumn-breeze-shopping-bag\/#breadcrumb"},"inLanguage":"hu","potentialAction":[{"@type":"ReadAction","target":["https:\/\/babgyaloglo.hu\/hu\/termek\/autumn-breeze-shopping-bag\/"]}]},{"@type":"ImageObject","inLanguage":"hu","@id":"https:\/\/babgyaloglo.hu\/hu\/termek\/autumn-breeze-shopping-bag\/#primaryimage","url":"https:\/\/babgyaloglo.hu\/wp-content\/uploads\/2023\/10\/rozsda-szatyor.jpg","contentUrl":"https:\/\/babgyaloglo.hu\/wp-content\/uploads\/2023\/10\/rozsda-szatyor.jpg","width":1024,"height":1024},{"@type":"BreadcrumbList","@id":"https:\/\/babgyaloglo.hu\/hu\/termek\/autumn-breeze-shopping-bag\/#breadcrumb","itemListElement":[{"@type":"ListItem","position":1,"name":"Home","item":"https:\/\/babgyaloglo.hu\/hu\/"},{"@type":"ListItem","position":2,"name":"Webshop","item":"https:\/\/babgyaloglo.hu\/webshop\/"},{"@type":"ListItem","position":3,"name":"\u0150szi fuvallat bev\u00e1s\u00e1rl\u00f3 szatyor"}]},{"@type":"WebSite","@id":"https:\/\/babgyaloglo.hu\/hu\/#website","url":"https:\/\/babgyaloglo.hu\/hu\/","name":"B\u00e1bgyalogl\u00f3","description":"M\u0171v\u00e9szfalu","potentialAction":[{"@type":"SearchAction","target":{"@type":"EntryPoint","urlTemplate":"https:\/\/babgyaloglo.hu\/hu\/?s={search_term_string}"},"query-input":{"@type":"PropertyValueSpecification","valueRequired":true,"valueName":"search_term_string"}}],"inLanguage":"hu"}]}},"_links":{"self":[{"href":"https:\/\/babgyaloglo.hu\/hu\/wp-json\/wp\/v2\/product\/1454","targetHints":{"allow":["GET"]}}],"collection":[{"href":"https:\/\/babgyaloglo.hu\/hu\/wp-json\/wp\/v2\/product"}],"about":[{"href":"https:\/\/babgyaloglo.hu\/hu\/wp-json\/wp\/v2\/types\/product"}],"wp:featuredmedia":[{"embeddable":true,"href":"https:\/\/babgyaloglo.hu\/hu\/wp-json\/wp\/v2\/media\/1566"}],"wp:attachment":[{"href":"https:\/\/babgyaloglo.hu\/hu\/wp-json\/wp\/v2\/media?parent=1454"}],"wp:term":[{"taxonomy":"product_brand","embeddable":true,"href":"https:\/\/babgyaloglo.hu\/hu\/wp-json\/wp\/v2\/product_brand?post=1454"},{"taxonomy":"product_cat","embeddable":true,"href":"https:\/\/babgyaloglo.hu\/hu\/wp-json\/wp\/v2\/product_cat?post=1454"},{"taxonomy":"product_tag","embeddable":true,"href":"https:\/\/babgyaloglo.hu\/hu\/wp-json\/wp\/v2\/product_tag?post=1454"}],"curies":[{"name":"wp","href":"https:\/\/api.w.org\/{rel}","templated":true}]}}