{"id":1456,"date":"2023-10-05T12:05:02","date_gmt":"2023-10-05T10:05:02","guid":{"rendered":"https:\/\/babgyaloglo.hu\/product\/humbuk-es-bukhum-kepeslap\/"},"modified":"2023-10-05T12:58:32","modified_gmt":"2023-10-05T10:58:32","slug":"humbuk-es-bukhum-csomag","status":"publish","type":"product","link":"https:\/\/babgyaloglo.hu\/hu\/termek\/humbuk-es-bukhum-csomag\/","title":{"rendered":"Humbuk \u00e9s Bukhum k\u00e9peslapok, matric\u00e1k, tetov\u00e1l\u00e1sok"},"content":{"rendered":"<p>Ez a csomag a Humbuk \u00e9s Bukhum mese alapj\u00e1n k\u00e9sz\u00fclt. Tartalmaz 3 db k\u00e9peslapot a legkedvesebb jelenetekb\u0151l, 1 \u00edv fekete mint\u00e1s m\u0171anyag matricagy\u0171jtem\u00e9nyt \u00e9s 1 \u00edv b\u0151rbar\u00e1t, id\u0151vel elt\u0171n\u0151 tetov\u00e1l\u00e1s-gy\u0171jtem\u00e9nyt.<\/p>\n<p>A 3 db k\u00e9peslap m\u00e9rete: A6 &#8211; 148&#215;105 mm<br \/>\nAz 1 \u00edv matricagy\u0171jtem\u00e9ny m\u00e9rete: A6 &#8211; 148&#215;105 mm<br \/>\nAz 1 \u00edv tetov\u00e1l\u00e1sok m\u00e9rete: A6 &#8211; 148&#215;105 mm<\/p>\n<p>A grafik\u00e1t tervezte Bir\u00f3 Eszter grafikus, illusztr\u00e1tor.<\/p>\n<p>A tetov\u00e1l\u00e1s felhaszn\u00e1l\u00e1sa:<br \/>\nFelhaszn\u00e1l\u00e1s el\u0151tt v\u00e1gd k\u00f6rbe az adott mint\u00e1t, majd a b\u0151rfel\u00fcletet, amire felhelyezed, tiszt\u00edtsd meg szappanos v\u00edzzel. H\u00fazd le a m\u0171anyag f\u00f3li\u00e1t a mint\u00e1r\u00f3l, \u00e9s helyezd r\u00e1 a megtiszt\u00edtott b\u0151rfel\u00fcletre \u00fagy, hogy a pap\u00edr legyen felfel\u00e9 \u00e9s a ragad\u00f3s r\u00e9sz \u00e9rintkezzen a b\u0151r\u00f6ddel. Ezut\u00e1n vizezd be a pap\u00edrt, v\u00e1rj egy keveset, m\u00edg az lecs\u00faszik, vagy leh\u00fazhat\u00f3v\u00e1 nem v\u00e1lik a mint\u00e1r\u00f3l. K\u00e9sz is vagy.<\/p>\n","protected":false},"excerpt":{"rendered":"<p>Ez a csomag a Humbuk \u00e9s Bukhum mese alapj\u00e1n k\u00e9sz\u00fclt. Tartalmaz 3 db k\u00e9peslapot a legkedvesebb jelenetekb\u0151l, 1 \u00edv fekete mint\u00e1s m\u0171anyag matricagy\u0171jtem\u00e9nyt \u00e9s 1 \u00edv b\u0151rbar\u00e1t, id\u0151vel elt\u0171n\u0151 tetov\u00e1l\u00e1s-gy\u0171jtem\u00e9nyt.<\/p>\n<p>A grafik\u00e1t tervezte Bir\u00f3 Eszter grafikus, illusztr\u00e1tor.<\/p>\n","protected":false},"featured_media":1581,"template":"","meta":{"_et_pb_use_builder":"","_et_pb_old_content":"","_et_gb_content_width":""},"product_brand":[],"product_cat":[97,96,101],"product_tag":[],"class_list":{"0":"post-1456","1":"product","2":"type-product","3":"status-publish","4":"has-post-thumbnail","6":"product_cat-dekoracio","7":"product_cat-jatek","8":"product_cat-kepeslapok","10":"first","11":"instock","12":"taxable","13":"shipping-taxable","14":"purchasable","15":"product-type-simple"},"yoast_head":"<!-- This site is optimized with the Yoast SEO plugin v26.8 - https:\/\/yoast.com\/product\/yoast-seo-wordpress\/ -->\n<title>Humbuk \u00e9s Bukhum k\u00e9peslapok, matric\u00e1k, tetov\u00e1l\u00e1sok - B\u00e1bgyalogl\u00f3<\/title>\n<meta name=\"robots\" content=\"index, follow, max-snippet:-1, max-image-preview:large, max-video-preview:-1\" \/>\n<link rel=\"canonical\" href=\"https:\/\/babgyaloglo.hu\/hu\/termek\/humbuk-es-bukhum-csomag\/\" \/>\n<meta property=\"og:locale\" content=\"hu_HU\" \/>\n<meta property=\"og:type\" content=\"article\" \/>\n<meta property=\"og:title\" content=\"Humbuk \u00e9s Bukhum k\u00e9peslapok, matric\u00e1k, tetov\u00e1l\u00e1sok - B\u00e1bgyalogl\u00f3\" \/>\n<meta property=\"og:description\" content=\"Ez a csomag a Humbuk \u00e9s Bukhum mese alapj\u00e1n k\u00e9sz\u00fclt. Tartalmaz 3 db k\u00e9peslapot a legkedvesebb jelenetekb\u0151l, 1 \u00edv fekete mint\u00e1s m\u0171anyag matricagy\u0171jtem\u00e9nyt \u00e9s 1 \u00edv b\u0151rbar\u00e1t, id\u0151vel elt\u0171n\u0151 tetov\u00e1l\u00e1s-gy\u0171jtem\u00e9nyt.  A grafik\u00e1t tervezte Bir\u00f3 Eszter grafikus, illusztr\u00e1tor.\" \/>\n<meta property=\"og:url\" content=\"https:\/\/babgyaloglo.hu\/hu\/termek\/humbuk-es-bukhum-csomag\/\" \/>\n<meta property=\"og:site_name\" content=\"B\u00e1bgyalogl\u00f3\" \/>\n<meta property=\"article:modified_time\" content=\"2023-10-05T10:58:32+00:00\" \/>\n<meta property=\"og:image\" content=\"https:\/\/babgyaloglo.hu\/wp-content\/uploads\/2023\/10\/matricacsomag.jpg\" \/>\n\t<meta property=\"og:image:width\" content=\"1024\" \/>\n\t<meta property=\"og:image:height\" content=\"1024\" \/>\n\t<meta property=\"og:image:type\" content=\"image\/jpeg\" \/>\n<meta name=\"twitter:card\" content=\"summary_large_image\" \/>\n<meta name=\"twitter:label1\" content=\"Becs\u00fclt olvas\u00e1si id\u0151\" \/>\n\t<meta name=\"twitter:data1\" content=\"1 perc\" \/>\n<script type=\"application\/ld+json\" class=\"yoast-schema-graph\">{\"@context\":\"https:\/\/schema.org\",\"@graph\":[{\"@type\":\"WebPage\",\"@id\":\"https:\/\/babgyaloglo.hu\/hu\/termek\/humbuk-es-bukhum-csomag\/\",\"url\":\"https:\/\/babgyaloglo.hu\/hu\/termek\/humbuk-es-bukhum-csomag\/\",\"name\":\"Humbuk \u00e9s Bukhum k\u00e9peslapok, matric\u00e1k, tetov\u00e1l\u00e1sok - B\u00e1bgyalogl\u00f3\",\"isPartOf\":{\"@id\":\"https:\/\/babgyaloglo.hu\/hu\/#website\"},\"primaryImageOfPage\":{\"@id\":\"https:\/\/babgyaloglo.hu\/hu\/termek\/humbuk-es-bukhum-csomag\/#primaryimage\"},\"image\":{\"@id\":\"https:\/\/babgyaloglo.hu\/hu\/termek\/humbuk-es-bukhum-csomag\/#primaryimage\"},\"thumbnailUrl\":\"https:\/\/babgyaloglo.hu\/wp-content\/uploads\/2023\/10\/matricacsomag.jpg\",\"datePublished\":\"2023-10-05T10:05:02+00:00\",\"dateModified\":\"2023-10-05T10:58:32+00:00\",\"breadcrumb\":{\"@id\":\"https:\/\/babgyaloglo.hu\/hu\/termek\/humbuk-es-bukhum-csomag\/#breadcrumb\"},\"inLanguage\":\"hu\",\"potentialAction\":[{\"@type\":\"ReadAction\",\"target\":[\"https:\/\/babgyaloglo.hu\/hu\/termek\/humbuk-es-bukhum-csomag\/\"]}]},{\"@type\":\"ImageObject\",\"inLanguage\":\"hu\",\"@id\":\"https:\/\/babgyaloglo.hu\/hu\/termek\/humbuk-es-bukhum-csomag\/#primaryimage\",\"url\":\"https:\/\/babgyaloglo.hu\/wp-content\/uploads\/2023\/10\/matricacsomag.jpg\",\"contentUrl\":\"https:\/\/babgyaloglo.hu\/wp-content\/uploads\/2023\/10\/matricacsomag.jpg\",\"width\":1024,\"height\":1024},{\"@type\":\"BreadcrumbList\",\"@id\":\"https:\/\/babgyaloglo.hu\/hu\/termek\/humbuk-es-bukhum-csomag\/#breadcrumb\",\"itemListElement\":[{\"@type\":\"ListItem\",\"position\":1,\"name\":\"Home\",\"item\":\"https:\/\/babgyaloglo.hu\/hu\/\"},{\"@type\":\"ListItem\",\"position\":2,\"name\":\"Webshop\",\"item\":\"https:\/\/babgyaloglo.hu\/webshop\/\"},{\"@type\":\"ListItem\",\"position\":3,\"name\":\"Humbuk \u00e9s Bukhum k\u00e9peslapok, matric\u00e1k, tetov\u00e1l\u00e1sok\"}]},{\"@type\":\"WebSite\",\"@id\":\"https:\/\/babgyaloglo.hu\/hu\/#website\",\"url\":\"https:\/\/babgyaloglo.hu\/hu\/\",\"name\":\"B\u00e1bgyalogl\u00f3\",\"description\":\"M\u0171v\u00e9szfalu\",\"potentialAction\":[{\"@type\":\"SearchAction\",\"target\":{\"@type\":\"EntryPoint\",\"urlTemplate\":\"https:\/\/babgyaloglo.hu\/hu\/?s={search_term_string}\"},\"query-input\":{\"@type\":\"PropertyValueSpecification\",\"valueRequired\":true,\"valueName\":\"search_term_string\"}}],\"inLanguage\":\"hu\"}]}<\/script>\n<!-- \/ Yoast SEO plugin. -->","yoast_head_json":{"title":"Humbuk \u00e9s Bukhum k\u00e9peslapok, matric\u00e1k, tetov\u00e1l\u00e1sok - B\u00e1bgyalogl\u00f3","robots":{"index":"index","follow":"follow","max-snippet":"max-snippet:-1","max-image-preview":"max-image-preview:large","max-video-preview":"max-video-preview:-1"},"canonical":"https:\/\/babgyaloglo.hu\/hu\/termek\/humbuk-es-bukhum-csomag\/","og_locale":"hu_HU","og_type":"article","og_title":"Humbuk \u00e9s Bukhum k\u00e9peslapok, matric\u00e1k, tetov\u00e1l\u00e1sok - B\u00e1bgyalogl\u00f3","og_description":"Ez a csomag a Humbuk \u00e9s Bukhum mese alapj\u00e1n k\u00e9sz\u00fclt. Tartalmaz 3 db k\u00e9peslapot a legkedvesebb jelenetekb\u0151l, 1 \u00edv fekete mint\u00e1s m\u0171anyag matricagy\u0171jtem\u00e9nyt \u00e9s 1 \u00edv b\u0151rbar\u00e1t, id\u0151vel elt\u0171n\u0151 tetov\u00e1l\u00e1s-gy\u0171jtem\u00e9nyt.  A grafik\u00e1t tervezte Bir\u00f3 Eszter grafikus, illusztr\u00e1tor.","og_url":"https:\/\/babgyaloglo.hu\/hu\/termek\/humbuk-es-bukhum-csomag\/","og_site_name":"B\u00e1bgyalogl\u00f3","article_modified_time":"2023-10-05T10:58:32+00:00","og_image":[{"width":1024,"height":1024,"url":"https:\/\/babgyaloglo.hu\/wp-content\/uploads\/2023\/10\/matricacsomag.jpg","type":"image\/jpeg"}],"twitter_card":"summary_large_image","twitter_misc":{"Becs\u00fclt olvas\u00e1si id\u0151":"1 perc"},"schema":{"@context":"https:\/\/schema.org","@graph":[{"@type":"WebPage","@id":"https:\/\/babgyaloglo.hu\/hu\/termek\/humbuk-es-bukhum-csomag\/","url":"https:\/\/babgyaloglo.hu\/hu\/termek\/humbuk-es-bukhum-csomag\/","name":"Humbuk \u00e9s Bukhum k\u00e9peslapok, matric\u00e1k, tetov\u00e1l\u00e1sok - B\u00e1bgyalogl\u00f3","isPartOf":{"@id":"https:\/\/babgyaloglo.hu\/hu\/#website"},"primaryImageOfPage":{"@id":"https:\/\/babgyaloglo.hu\/hu\/termek\/humbuk-es-bukhum-csomag\/#primaryimage"},"image":{"@id":"https:\/\/babgyaloglo.hu\/hu\/termek\/humbuk-es-bukhum-csomag\/#primaryimage"},"thumbnailUrl":"https:\/\/babgyaloglo.hu\/wp-content\/uploads\/2023\/10\/matricacsomag.jpg","datePublished":"2023-10-05T10:05:02+00:00","dateModified":"2023-10-05T10:58:32+00:00","breadcrumb":{"@id":"https:\/\/babgyaloglo.hu\/hu\/termek\/humbuk-es-bukhum-csomag\/#breadcrumb"},"inLanguage":"hu","potentialAction":[{"@type":"ReadAction","target":["https:\/\/babgyaloglo.hu\/hu\/termek\/humbuk-es-bukhum-csomag\/"]}]},{"@type":"ImageObject","inLanguage":"hu","@id":"https:\/\/babgyaloglo.hu\/hu\/termek\/humbuk-es-bukhum-csomag\/#primaryimage","url":"https:\/\/babgyaloglo.hu\/wp-content\/uploads\/2023\/10\/matricacsomag.jpg","contentUrl":"https:\/\/babgyaloglo.hu\/wp-content\/uploads\/2023\/10\/matricacsomag.jpg","width":1024,"height":1024},{"@type":"BreadcrumbList","@id":"https:\/\/babgyaloglo.hu\/hu\/termek\/humbuk-es-bukhum-csomag\/#breadcrumb","itemListElement":[{"@type":"ListItem","position":1,"name":"Home","item":"https:\/\/babgyaloglo.hu\/hu\/"},{"@type":"ListItem","position":2,"name":"Webshop","item":"https:\/\/babgyaloglo.hu\/webshop\/"},{"@type":"ListItem","position":3,"name":"Humbuk \u00e9s Bukhum k\u00e9peslapok, matric\u00e1k, tetov\u00e1l\u00e1sok"}]},{"@type":"WebSite","@id":"https:\/\/babgyaloglo.hu\/hu\/#website","url":"https:\/\/babgyaloglo.hu\/hu\/","name":"B\u00e1bgyalogl\u00f3","description":"M\u0171v\u00e9szfalu","potentialAction":[{"@type":"SearchAction","target":{"@type":"EntryPoint","urlTemplate":"https:\/\/babgyaloglo.hu\/hu\/?s={search_term_string}"},"query-input":{"@type":"PropertyValueSpecification","valueRequired":true,"valueName":"search_term_string"}}],"inLanguage":"hu"}]}},"_links":{"self":[{"href":"https:\/\/babgyaloglo.hu\/hu\/wp-json\/wp\/v2\/product\/1456","targetHints":{"allow":["GET"]}}],"collection":[{"href":"https:\/\/babgyaloglo.hu\/hu\/wp-json\/wp\/v2\/product"}],"about":[{"href":"https:\/\/babgyaloglo.hu\/hu\/wp-json\/wp\/v2\/types\/product"}],"wp:featuredmedia":[{"embeddable":true,"href":"https:\/\/babgyaloglo.hu\/hu\/wp-json\/wp\/v2\/media\/1581"}],"wp:attachment":[{"href":"https:\/\/babgyaloglo.hu\/hu\/wp-json\/wp\/v2\/media?parent=1456"}],"wp:term":[{"taxonomy":"product_brand","embeddable":true,"href":"https:\/\/babgyaloglo.hu\/hu\/wp-json\/wp\/v2\/product_brand?post=1456"},{"taxonomy":"product_cat","embeddable":true,"href":"https:\/\/babgyaloglo.hu\/hu\/wp-json\/wp\/v2\/product_cat?post=1456"},{"taxonomy":"product_tag","embeddable":true,"href":"https:\/\/babgyaloglo.hu\/hu\/wp-json\/wp\/v2\/product_tag?post=1456"}],"curies":[{"name":"wp","href":"https:\/\/api.w.org\/{rel}","templated":true}]}}