{"id":1458,"date":"2023-10-05T11:34:52","date_gmt":"2023-10-05T09:34:52","guid":{"rendered":"https:\/\/babgyaloglo.hu\/product\/korona\/"},"modified":"2023-10-05T11:34:52","modified_gmt":"2023-10-05T09:34:52","slug":"korona","status":"publish","type":"product","link":"https:\/\/babgyaloglo.hu\/hu\/termek\/korona\/","title":{"rendered":"Korona"},"content":{"rendered":"<p><span style=\"font-weight: 400;\">K\u00e9zzel k\u00e9sz\u00fclt, egyedi h\u00edmz\u00e9s\u0171 gyapj\u00fafilc korona, kett\u0151 megk\u00f6t\u0151vel. <\/span><\/p>\n<p><span style=\"font-weight: 400;\">Term\u00e9k adatok: <\/span><span style=\"font-weight: 400;\">gyapj\u00fafilc<\/span><\/p>\n<p><span style=\"font-weight: 400;\">&#8211; M\u00e9ret: korona 31 cm hossz\u00fa, egy megk\u00f6t\u0151 hossza 32 cm<\/span><\/p>\n<p><span style=\"font-weight: 400;\">A koron\u00e1kat tervezte \u00e9s k\u00e9sz\u00edtette Rus Barbara<\/span><\/p>\n","protected":false},"excerpt":{"rendered":"<p><span style=\"font-weight: 400;\">K\u00e9zzel k\u00e9sz\u00fclt, egyedi h\u00edmz\u00e9s\u0171 gyapj\u00fafilc korona, kett\u0151 megk\u00f6t\u0151vel. <\/span><\/p>\n<p><span style=\"font-weight: 400;\">Term\u00e9k adatok: <\/span><span style=\"font-weight: 400;\">gyapj\u00fafilc<\/span><\/p>\n<p><span style=\"font-weight: 400;\">&#8211; M\u00e9ret: korona 31 cm hossz\u00fa, egy megk\u00f6t\u0151 hossza 32 cm<\/span><\/p>\n<p><span style=\"font-weight: 400;\">A koron\u00e1kat tervezte \u00e9s k\u00e9sz\u00edtette Rus Barbara<\/span><\/p>\n","protected":false},"featured_media":1617,"template":"","meta":{"_et_pb_use_builder":"","_et_pb_old_content":"","_et_gb_content_width":""},"product_brand":[],"product_cat":[97,96],"product_tag":[],"class_list":{"0":"post-1458","1":"product","2":"type-product","3":"status-publish","4":"has-post-thumbnail","6":"product_cat-dekoracio","7":"product_cat-jatek","9":"first","10":"instock","11":"taxable","12":"shipping-taxable","13":"purchasable","14":"product-type-simple"},"yoast_head":"<!-- This site is optimized with the Yoast SEO plugin v26.8 - https:\/\/yoast.com\/product\/yoast-seo-wordpress\/ -->\n<title>Korona - B\u00e1bgyalogl\u00f3<\/title>\n<meta name=\"robots\" content=\"index, follow, max-snippet:-1, max-image-preview:large, max-video-preview:-1\" \/>\n<link rel=\"canonical\" href=\"https:\/\/babgyaloglo.hu\/hu\/termek\/korona\/\" \/>\n<meta property=\"og:locale\" content=\"hu_HU\" \/>\n<meta property=\"og:type\" content=\"article\" \/>\n<meta property=\"og:title\" content=\"Korona - B\u00e1bgyalogl\u00f3\" \/>\n<meta property=\"og:description\" content=\"K\u00e9zzel k\u00e9sz\u00fclt, egyedi h\u00edmz\u00e9s\u0171 gyapj\u00fafilc korona, kett\u0151 megk\u00f6t\u0151vel.  Term\u00e9k adatok: gyapj\u00fafilc - M\u00e9ret: korona 31 cm hossz\u00fa, egy megk\u00f6t\u0151 hossza 32 cm A koron\u00e1kat tervezte \u00e9s k\u00e9sz\u00edtette Rus Barbara\" \/>\n<meta property=\"og:url\" content=\"https:\/\/babgyaloglo.hu\/hu\/termek\/korona\/\" \/>\n<meta property=\"og:site_name\" content=\"B\u00e1bgyalogl\u00f3\" \/>\n<meta property=\"og:image\" content=\"https:\/\/babgyaloglo.hu\/wp-content\/uploads\/2023\/10\/korona.jpg\" \/>\n\t<meta property=\"og:image:width\" content=\"1024\" \/>\n\t<meta property=\"og:image:height\" content=\"1024\" \/>\n\t<meta property=\"og:image:type\" content=\"image\/jpeg\" \/>\n<meta name=\"twitter:card\" content=\"summary_large_image\" \/>\n<script type=\"application\/ld+json\" class=\"yoast-schema-graph\">{\"@context\":\"https:\/\/schema.org\",\"@graph\":[{\"@type\":\"WebPage\",\"@id\":\"https:\/\/babgyaloglo.hu\/hu\/termek\/korona\/\",\"url\":\"https:\/\/babgyaloglo.hu\/hu\/termek\/korona\/\",\"name\":\"Korona - B\u00e1bgyalogl\u00f3\",\"isPartOf\":{\"@id\":\"https:\/\/babgyaloglo.hu\/hu\/#website\"},\"primaryImageOfPage\":{\"@id\":\"https:\/\/babgyaloglo.hu\/hu\/termek\/korona\/#primaryimage\"},\"image\":{\"@id\":\"https:\/\/babgyaloglo.hu\/hu\/termek\/korona\/#primaryimage\"},\"thumbnailUrl\":\"https:\/\/babgyaloglo.hu\/wp-content\/uploads\/2023\/10\/korona.jpg\",\"datePublished\":\"2023-10-05T09:34:52+00:00\",\"breadcrumb\":{\"@id\":\"https:\/\/babgyaloglo.hu\/hu\/termek\/korona\/#breadcrumb\"},\"inLanguage\":\"hu\",\"potentialAction\":[{\"@type\":\"ReadAction\",\"target\":[\"https:\/\/babgyaloglo.hu\/hu\/termek\/korona\/\"]}]},{\"@type\":\"ImageObject\",\"inLanguage\":\"hu\",\"@id\":\"https:\/\/babgyaloglo.hu\/hu\/termek\/korona\/#primaryimage\",\"url\":\"https:\/\/babgyaloglo.hu\/wp-content\/uploads\/2023\/10\/korona.jpg\",\"contentUrl\":\"https:\/\/babgyaloglo.hu\/wp-content\/uploads\/2023\/10\/korona.jpg\",\"width\":1024,\"height\":1024},{\"@type\":\"BreadcrumbList\",\"@id\":\"https:\/\/babgyaloglo.hu\/hu\/termek\/korona\/#breadcrumb\",\"itemListElement\":[{\"@type\":\"ListItem\",\"position\":1,\"name\":\"Home\",\"item\":\"https:\/\/babgyaloglo.hu\/hu\/\"},{\"@type\":\"ListItem\",\"position\":2,\"name\":\"Webshop\",\"item\":\"https:\/\/babgyaloglo.hu\/webshop\/\"},{\"@type\":\"ListItem\",\"position\":3,\"name\":\"Korona\"}]},{\"@type\":\"WebSite\",\"@id\":\"https:\/\/babgyaloglo.hu\/hu\/#website\",\"url\":\"https:\/\/babgyaloglo.hu\/hu\/\",\"name\":\"B\u00e1bgyalogl\u00f3\",\"description\":\"M\u0171v\u00e9szfalu\",\"potentialAction\":[{\"@type\":\"SearchAction\",\"target\":{\"@type\":\"EntryPoint\",\"urlTemplate\":\"https:\/\/babgyaloglo.hu\/hu\/?s={search_term_string}\"},\"query-input\":{\"@type\":\"PropertyValueSpecification\",\"valueRequired\":true,\"valueName\":\"search_term_string\"}}],\"inLanguage\":\"hu\"}]}<\/script>\n<!-- \/ Yoast SEO plugin. -->","yoast_head_json":{"title":"Korona - B\u00e1bgyalogl\u00f3","robots":{"index":"index","follow":"follow","max-snippet":"max-snippet:-1","max-image-preview":"max-image-preview:large","max-video-preview":"max-video-preview:-1"},"canonical":"https:\/\/babgyaloglo.hu\/hu\/termek\/korona\/","og_locale":"hu_HU","og_type":"article","og_title":"Korona - B\u00e1bgyalogl\u00f3","og_description":"K\u00e9zzel k\u00e9sz\u00fclt, egyedi h\u00edmz\u00e9s\u0171 gyapj\u00fafilc korona, kett\u0151 megk\u00f6t\u0151vel.  Term\u00e9k adatok: gyapj\u00fafilc - M\u00e9ret: korona 31 cm hossz\u00fa, egy megk\u00f6t\u0151 hossza 32 cm A koron\u00e1kat tervezte \u00e9s k\u00e9sz\u00edtette Rus Barbara","og_url":"https:\/\/babgyaloglo.hu\/hu\/termek\/korona\/","og_site_name":"B\u00e1bgyalogl\u00f3","og_image":[{"width":1024,"height":1024,"url":"https:\/\/babgyaloglo.hu\/wp-content\/uploads\/2023\/10\/korona.jpg","type":"image\/jpeg"}],"twitter_card":"summary_large_image","schema":{"@context":"https:\/\/schema.org","@graph":[{"@type":"WebPage","@id":"https:\/\/babgyaloglo.hu\/hu\/termek\/korona\/","url":"https:\/\/babgyaloglo.hu\/hu\/termek\/korona\/","name":"Korona - B\u00e1bgyalogl\u00f3","isPartOf":{"@id":"https:\/\/babgyaloglo.hu\/hu\/#website"},"primaryImageOfPage":{"@id":"https:\/\/babgyaloglo.hu\/hu\/termek\/korona\/#primaryimage"},"image":{"@id":"https:\/\/babgyaloglo.hu\/hu\/termek\/korona\/#primaryimage"},"thumbnailUrl":"https:\/\/babgyaloglo.hu\/wp-content\/uploads\/2023\/10\/korona.jpg","datePublished":"2023-10-05T09:34:52+00:00","breadcrumb":{"@id":"https:\/\/babgyaloglo.hu\/hu\/termek\/korona\/#breadcrumb"},"inLanguage":"hu","potentialAction":[{"@type":"ReadAction","target":["https:\/\/babgyaloglo.hu\/hu\/termek\/korona\/"]}]},{"@type":"ImageObject","inLanguage":"hu","@id":"https:\/\/babgyaloglo.hu\/hu\/termek\/korona\/#primaryimage","url":"https:\/\/babgyaloglo.hu\/wp-content\/uploads\/2023\/10\/korona.jpg","contentUrl":"https:\/\/babgyaloglo.hu\/wp-content\/uploads\/2023\/10\/korona.jpg","width":1024,"height":1024},{"@type":"BreadcrumbList","@id":"https:\/\/babgyaloglo.hu\/hu\/termek\/korona\/#breadcrumb","itemListElement":[{"@type":"ListItem","position":1,"name":"Home","item":"https:\/\/babgyaloglo.hu\/hu\/"},{"@type":"ListItem","position":2,"name":"Webshop","item":"https:\/\/babgyaloglo.hu\/webshop\/"},{"@type":"ListItem","position":3,"name":"Korona"}]},{"@type":"WebSite","@id":"https:\/\/babgyaloglo.hu\/hu\/#website","url":"https:\/\/babgyaloglo.hu\/hu\/","name":"B\u00e1bgyalogl\u00f3","description":"M\u0171v\u00e9szfalu","potentialAction":[{"@type":"SearchAction","target":{"@type":"EntryPoint","urlTemplate":"https:\/\/babgyaloglo.hu\/hu\/?s={search_term_string}"},"query-input":{"@type":"PropertyValueSpecification","valueRequired":true,"valueName":"search_term_string"}}],"inLanguage":"hu"}]}},"_links":{"self":[{"href":"https:\/\/babgyaloglo.hu\/hu\/wp-json\/wp\/v2\/product\/1458","targetHints":{"allow":["GET"]}}],"collection":[{"href":"https:\/\/babgyaloglo.hu\/hu\/wp-json\/wp\/v2\/product"}],"about":[{"href":"https:\/\/babgyaloglo.hu\/hu\/wp-json\/wp\/v2\/types\/product"}],"wp:featuredmedia":[{"embeddable":true,"href":"https:\/\/babgyaloglo.hu\/hu\/wp-json\/wp\/v2\/media\/1617"}],"wp:attachment":[{"href":"https:\/\/babgyaloglo.hu\/hu\/wp-json\/wp\/v2\/media?parent=1458"}],"wp:term":[{"taxonomy":"product_brand","embeddable":true,"href":"https:\/\/babgyaloglo.hu\/hu\/wp-json\/wp\/v2\/product_brand?post=1458"},{"taxonomy":"product_cat","embeddable":true,"href":"https:\/\/babgyaloglo.hu\/hu\/wp-json\/wp\/v2\/product_cat?post=1458"},{"taxonomy":"product_tag","embeddable":true,"href":"https:\/\/babgyaloglo.hu\/hu\/wp-json\/wp\/v2\/product_tag?post=1458"}],"curies":[{"name":"wp","href":"https:\/\/api.w.org\/{rel}","templated":true}]}}