{"id":1466,"date":"2023-10-05T13:04:43","date_gmt":"2023-10-05T11:04:43","guid":{"rendered":"https:\/\/babgyaloglo.hu\/product\/medve\/"},"modified":"2023-10-05T13:04:43","modified_gmt":"2023-10-05T11:04:43","slug":"medve","status":"publish","type":"product","link":"https:\/\/babgyaloglo.hu\/hu\/termek\/medve\/","title":{"rendered":"Medve"},"content":{"rendered":"<p>K\u00e9zzel k\u00e9sz\u00fclt gyapj\u00fafilc medve.<\/p>\n<p>Kacag\u00f3s medve, kacag\u00f3s gyerekeknek \u00e9s feln\u0151tteknek, 100%-ban k\u00e9zzel varrt \u00e9s h\u00edmzett, gyapj\u00fafilcb\u0151l \u00e9s gyapj\u00faval t\u00f6mve.<\/p>\n<p>Term\u00e9k adatok: 100 % gyapj\u00fa, gyapj\u00fafilc<\/p>\n<p>&#8211; M\u00e9ret: 35 cm magas<\/p>\n<p>A medv\u00e9ket tervezte \u00e9s k\u00e9sz\u00edtette Rus Barbara<\/p>\n","protected":false},"excerpt":{"rendered":"<p>K\u00e9zzel k\u00e9sz\u00fclt gyapj\u00fafilc medve.<\/p>\n<p>Kacag\u00f3s medve, kacag\u00f3s gyerekeknek \u00e9s feln\u0151tteknek, 100%-ban k\u00e9zzel varrt \u00e9s h\u00edmzett, gyapj\u00fafilcb\u0151l \u00e9s gyapj\u00faval t\u00f6mve.<\/p>\n<p>Term\u00e9k adatok: 100 % gyapj\u00fa, gyapj\u00fafilc<\/p>\n<p>&#8211; M\u00e9ret: 35 cm magas<\/p>\n<p>A medv\u00e9ket tervezte \u00e9s k\u00e9sz\u00edtette Rus Barbara<\/p>\n<p>A medv\u00e9ket tervezte \u00e9s k\u00e9sz\u00edtette Rus Barbara<\/p>\n","protected":false},"featured_media":1638,"template":"","meta":{"_et_pb_use_builder":"","_et_pb_old_content":"","_et_gb_content_width":""},"product_brand":[],"product_cat":[97,96],"product_tag":[],"class_list":{"0":"post-1466","1":"product","2":"type-product","3":"status-publish","4":"has-post-thumbnail","6":"product_cat-dekoracio","7":"product_cat-jatek","9":"first","10":"instock","11":"taxable","12":"shipping-taxable","13":"purchasable","14":"product-type-simple"},"yoast_head":"<!-- This site is optimized with the Yoast SEO plugin v26.8 - https:\/\/yoast.com\/product\/yoast-seo-wordpress\/ -->\n<title>Medve - B\u00e1bgyalogl\u00f3<\/title>\n<meta name=\"robots\" content=\"index, follow, max-snippet:-1, max-image-preview:large, max-video-preview:-1\" \/>\n<link rel=\"canonical\" href=\"https:\/\/babgyaloglo.hu\/hu\/termek\/medve\/\" \/>\n<meta property=\"og:locale\" content=\"hu_HU\" \/>\n<meta property=\"og:type\" content=\"article\" \/>\n<meta property=\"og:title\" content=\"Medve - B\u00e1bgyalogl\u00f3\" \/>\n<meta property=\"og:description\" content=\"K\u00e9zzel k\u00e9sz\u00fclt gyapj\u00fafilc medve. Kacag\u00f3s medve, kacag\u00f3s gyerekeknek \u00e9s feln\u0151tteknek, 100%-ban k\u00e9zzel varrt \u00e9s h\u00edmzett, gyapj\u00fafilcb\u0151l \u00e9s gyapj\u00faval t\u00f6mve. Term\u00e9k adatok: 100 % gyapj\u00fa, gyapj\u00fafilc - M\u00e9ret: 35 cm magas A medv\u00e9ket tervezte \u00e9s k\u00e9sz\u00edtette Rus Barbara A medv\u00e9ket tervezte \u00e9s k\u00e9sz\u00edtette Rus Barbara\" \/>\n<meta property=\"og:url\" content=\"https:\/\/babgyaloglo.hu\/hu\/termek\/medve\/\" \/>\n<meta property=\"og:site_name\" content=\"B\u00e1bgyalogl\u00f3\" \/>\n<meta property=\"og:image\" content=\"https:\/\/babgyaloglo.hu\/wp-content\/uploads\/2023\/10\/maci3.jpg\" \/>\n\t<meta property=\"og:image:width\" content=\"1024\" \/>\n\t<meta property=\"og:image:height\" content=\"1024\" \/>\n\t<meta property=\"og:image:type\" content=\"image\/jpeg\" \/>\n<meta name=\"twitter:card\" content=\"summary_large_image\" \/>\n<script type=\"application\/ld+json\" class=\"yoast-schema-graph\">{\"@context\":\"https:\/\/schema.org\",\"@graph\":[{\"@type\":\"WebPage\",\"@id\":\"https:\/\/babgyaloglo.hu\/hu\/termek\/medve\/\",\"url\":\"https:\/\/babgyaloglo.hu\/hu\/termek\/medve\/\",\"name\":\"Medve - B\u00e1bgyalogl\u00f3\",\"isPartOf\":{\"@id\":\"https:\/\/babgyaloglo.hu\/hu\/#website\"},\"primaryImageOfPage\":{\"@id\":\"https:\/\/babgyaloglo.hu\/hu\/termek\/medve\/#primaryimage\"},\"image\":{\"@id\":\"https:\/\/babgyaloglo.hu\/hu\/termek\/medve\/#primaryimage\"},\"thumbnailUrl\":\"https:\/\/babgyaloglo.hu\/wp-content\/uploads\/2023\/10\/maci3.jpg\",\"datePublished\":\"2023-10-05T11:04:43+00:00\",\"breadcrumb\":{\"@id\":\"https:\/\/babgyaloglo.hu\/hu\/termek\/medve\/#breadcrumb\"},\"inLanguage\":\"hu\",\"potentialAction\":[{\"@type\":\"ReadAction\",\"target\":[\"https:\/\/babgyaloglo.hu\/hu\/termek\/medve\/\"]}]},{\"@type\":\"ImageObject\",\"inLanguage\":\"hu\",\"@id\":\"https:\/\/babgyaloglo.hu\/hu\/termek\/medve\/#primaryimage\",\"url\":\"https:\/\/babgyaloglo.hu\/wp-content\/uploads\/2023\/10\/maci3.jpg\",\"contentUrl\":\"https:\/\/babgyaloglo.hu\/wp-content\/uploads\/2023\/10\/maci3.jpg\",\"width\":1024,\"height\":1024},{\"@type\":\"BreadcrumbList\",\"@id\":\"https:\/\/babgyaloglo.hu\/hu\/termek\/medve\/#breadcrumb\",\"itemListElement\":[{\"@type\":\"ListItem\",\"position\":1,\"name\":\"Home\",\"item\":\"https:\/\/babgyaloglo.hu\/hu\/\"},{\"@type\":\"ListItem\",\"position\":2,\"name\":\"Webshop\",\"item\":\"https:\/\/babgyaloglo.hu\/webshop\/\"},{\"@type\":\"ListItem\",\"position\":3,\"name\":\"Medve\"}]},{\"@type\":\"WebSite\",\"@id\":\"https:\/\/babgyaloglo.hu\/hu\/#website\",\"url\":\"https:\/\/babgyaloglo.hu\/hu\/\",\"name\":\"B\u00e1bgyalogl\u00f3\",\"description\":\"M\u0171v\u00e9szfalu\",\"potentialAction\":[{\"@type\":\"SearchAction\",\"target\":{\"@type\":\"EntryPoint\",\"urlTemplate\":\"https:\/\/babgyaloglo.hu\/hu\/?s={search_term_string}\"},\"query-input\":{\"@type\":\"PropertyValueSpecification\",\"valueRequired\":true,\"valueName\":\"search_term_string\"}}],\"inLanguage\":\"hu\"}]}<\/script>\n<!-- \/ Yoast SEO plugin. -->","yoast_head_json":{"title":"Medve - B\u00e1bgyalogl\u00f3","robots":{"index":"index","follow":"follow","max-snippet":"max-snippet:-1","max-image-preview":"max-image-preview:large","max-video-preview":"max-video-preview:-1"},"canonical":"https:\/\/babgyaloglo.hu\/hu\/termek\/medve\/","og_locale":"hu_HU","og_type":"article","og_title":"Medve - B\u00e1bgyalogl\u00f3","og_description":"K\u00e9zzel k\u00e9sz\u00fclt gyapj\u00fafilc medve. Kacag\u00f3s medve, kacag\u00f3s gyerekeknek \u00e9s feln\u0151tteknek, 100%-ban k\u00e9zzel varrt \u00e9s h\u00edmzett, gyapj\u00fafilcb\u0151l \u00e9s gyapj\u00faval t\u00f6mve. Term\u00e9k adatok: 100 % gyapj\u00fa, gyapj\u00fafilc - M\u00e9ret: 35 cm magas A medv\u00e9ket tervezte \u00e9s k\u00e9sz\u00edtette Rus Barbara A medv\u00e9ket tervezte \u00e9s k\u00e9sz\u00edtette Rus Barbara","og_url":"https:\/\/babgyaloglo.hu\/hu\/termek\/medve\/","og_site_name":"B\u00e1bgyalogl\u00f3","og_image":[{"width":1024,"height":1024,"url":"https:\/\/babgyaloglo.hu\/wp-content\/uploads\/2023\/10\/maci3.jpg","type":"image\/jpeg"}],"twitter_card":"summary_large_image","schema":{"@context":"https:\/\/schema.org","@graph":[{"@type":"WebPage","@id":"https:\/\/babgyaloglo.hu\/hu\/termek\/medve\/","url":"https:\/\/babgyaloglo.hu\/hu\/termek\/medve\/","name":"Medve - B\u00e1bgyalogl\u00f3","isPartOf":{"@id":"https:\/\/babgyaloglo.hu\/hu\/#website"},"primaryImageOfPage":{"@id":"https:\/\/babgyaloglo.hu\/hu\/termek\/medve\/#primaryimage"},"image":{"@id":"https:\/\/babgyaloglo.hu\/hu\/termek\/medve\/#primaryimage"},"thumbnailUrl":"https:\/\/babgyaloglo.hu\/wp-content\/uploads\/2023\/10\/maci3.jpg","datePublished":"2023-10-05T11:04:43+00:00","breadcrumb":{"@id":"https:\/\/babgyaloglo.hu\/hu\/termek\/medve\/#breadcrumb"},"inLanguage":"hu","potentialAction":[{"@type":"ReadAction","target":["https:\/\/babgyaloglo.hu\/hu\/termek\/medve\/"]}]},{"@type":"ImageObject","inLanguage":"hu","@id":"https:\/\/babgyaloglo.hu\/hu\/termek\/medve\/#primaryimage","url":"https:\/\/babgyaloglo.hu\/wp-content\/uploads\/2023\/10\/maci3.jpg","contentUrl":"https:\/\/babgyaloglo.hu\/wp-content\/uploads\/2023\/10\/maci3.jpg","width":1024,"height":1024},{"@type":"BreadcrumbList","@id":"https:\/\/babgyaloglo.hu\/hu\/termek\/medve\/#breadcrumb","itemListElement":[{"@type":"ListItem","position":1,"name":"Home","item":"https:\/\/babgyaloglo.hu\/hu\/"},{"@type":"ListItem","position":2,"name":"Webshop","item":"https:\/\/babgyaloglo.hu\/webshop\/"},{"@type":"ListItem","position":3,"name":"Medve"}]},{"@type":"WebSite","@id":"https:\/\/babgyaloglo.hu\/hu\/#website","url":"https:\/\/babgyaloglo.hu\/hu\/","name":"B\u00e1bgyalogl\u00f3","description":"M\u0171v\u00e9szfalu","potentialAction":[{"@type":"SearchAction","target":{"@type":"EntryPoint","urlTemplate":"https:\/\/babgyaloglo.hu\/hu\/?s={search_term_string}"},"query-input":{"@type":"PropertyValueSpecification","valueRequired":true,"valueName":"search_term_string"}}],"inLanguage":"hu"}]}},"_links":{"self":[{"href":"https:\/\/babgyaloglo.hu\/hu\/wp-json\/wp\/v2\/product\/1466","targetHints":{"allow":["GET"]}}],"collection":[{"href":"https:\/\/babgyaloglo.hu\/hu\/wp-json\/wp\/v2\/product"}],"about":[{"href":"https:\/\/babgyaloglo.hu\/hu\/wp-json\/wp\/v2\/types\/product"}],"wp:featuredmedia":[{"embeddable":true,"href":"https:\/\/babgyaloglo.hu\/hu\/wp-json\/wp\/v2\/media\/1638"}],"wp:attachment":[{"href":"https:\/\/babgyaloglo.hu\/hu\/wp-json\/wp\/v2\/media?parent=1466"}],"wp:term":[{"taxonomy":"product_brand","embeddable":true,"href":"https:\/\/babgyaloglo.hu\/hu\/wp-json\/wp\/v2\/product_brand?post=1466"},{"taxonomy":"product_cat","embeddable":true,"href":"https:\/\/babgyaloglo.hu\/hu\/wp-json\/wp\/v2\/product_cat?post=1466"},{"taxonomy":"product_tag","embeddable":true,"href":"https:\/\/babgyaloglo.hu\/hu\/wp-json\/wp\/v2\/product_tag?post=1466"}],"curies":[{"name":"wp","href":"https:\/\/api.w.org\/{rel}","templated":true}]}}