{"id":1469,"date":"2023-10-05T13:30:49","date_gmt":"2023-10-05T11:30:49","guid":{"rendered":"https:\/\/babgyaloglo.hu\/product\/teszt-termek\/"},"modified":"2023-10-05T13:30:49","modified_gmt":"2023-10-05T11:30:49","slug":"teszt-termek","status":"publish","type":"product","link":"https:\/\/babgyaloglo.hu\/hu\/termek\/teszt-termek\/","title":{"rendered":"Teszt term\u00e9k"},"content":{"rendered":"<p>Teszt term\u00e9k<\/p>\n","protected":false},"excerpt":{"rendered":"<p>Teszt term\u00e9k<\/p>\n","protected":false},"featured_media":985,"template":"","meta":{"_et_pb_use_builder":"","_et_pb_old_content":"","_et_gb_content_width":""},"product_brand":[],"product_cat":[54],"product_tag":[],"class_list":{"0":"post-1469","1":"product","2":"type-product","3":"status-publish","4":"has-post-thumbnail","6":"product_cat-egyeb","8":"first","9":"instock","10":"virtual","11":"taxable","12":"purchasable","13":"product-type-simple"},"yoast_head":"<!-- This site is optimized with the Yoast SEO plugin v26.8 - https:\/\/yoast.com\/product\/yoast-seo-wordpress\/ -->\n<title>Teszt term\u00e9k - B\u00e1bgyalogl\u00f3<\/title>\n<meta name=\"robots\" content=\"index, follow, max-snippet:-1, max-image-preview:large, max-video-preview:-1\" \/>\n<link rel=\"canonical\" href=\"https:\/\/babgyaloglo.hu\/hu\/termek\/teszt-termek\/\" \/>\n<meta property=\"og:locale\" content=\"hu_HU\" \/>\n<meta property=\"og:type\" content=\"article\" \/>\n<meta property=\"og:title\" content=\"Teszt term\u00e9k - B\u00e1bgyalogl\u00f3\" \/>\n<meta property=\"og:description\" content=\"Teszt term\u00e9k\" \/>\n<meta property=\"og:url\" content=\"https:\/\/babgyaloglo.hu\/hu\/termek\/teszt-termek\/\" \/>\n<meta property=\"og:site_name\" content=\"B\u00e1bgyalogl\u00f3\" \/>\n<meta property=\"og:image\" content=\"https:\/\/babgyaloglo.hu\/wp-content\/uploads\/woocommerce-placeholder.png\" \/>\n\t<meta property=\"og:image:width\" content=\"1200\" \/>\n\t<meta property=\"og:image:height\" content=\"1200\" \/>\n\t<meta property=\"og:image:type\" content=\"image\/png\" \/>\n<meta name=\"twitter:card\" content=\"summary_large_image\" \/>\n<script type=\"application\/ld+json\" class=\"yoast-schema-graph\">{\"@context\":\"https:\/\/schema.org\",\"@graph\":[{\"@type\":\"WebPage\",\"@id\":\"https:\/\/babgyaloglo.hu\/hu\/termek\/teszt-termek\/\",\"url\":\"https:\/\/babgyaloglo.hu\/hu\/termek\/teszt-termek\/\",\"name\":\"Teszt term\u00e9k - B\u00e1bgyalogl\u00f3\",\"isPartOf\":{\"@id\":\"https:\/\/babgyaloglo.hu\/hu\/#website\"},\"primaryImageOfPage\":{\"@id\":\"https:\/\/babgyaloglo.hu\/hu\/termek\/teszt-termek\/#primaryimage\"},\"image\":{\"@id\":\"https:\/\/babgyaloglo.hu\/hu\/termek\/teszt-termek\/#primaryimage\"},\"thumbnailUrl\":\"https:\/\/babgyaloglo.hu\/wp-content\/uploads\/woocommerce-placeholder.png\",\"datePublished\":\"2023-10-05T11:30:49+00:00\",\"breadcrumb\":{\"@id\":\"https:\/\/babgyaloglo.hu\/hu\/termek\/teszt-termek\/#breadcrumb\"},\"inLanguage\":\"hu\",\"potentialAction\":[{\"@type\":\"ReadAction\",\"target\":[\"https:\/\/babgyaloglo.hu\/hu\/termek\/teszt-termek\/\"]}]},{\"@type\":\"ImageObject\",\"inLanguage\":\"hu\",\"@id\":\"https:\/\/babgyaloglo.hu\/hu\/termek\/teszt-termek\/#primaryimage\",\"url\":\"https:\/\/babgyaloglo.hu\/wp-content\/uploads\/woocommerce-placeholder.png\",\"contentUrl\":\"https:\/\/babgyaloglo.hu\/wp-content\/uploads\/woocommerce-placeholder.png\",\"width\":1200,\"height\":1200},{\"@type\":\"BreadcrumbList\",\"@id\":\"https:\/\/babgyaloglo.hu\/hu\/termek\/teszt-termek\/#breadcrumb\",\"itemListElement\":[{\"@type\":\"ListItem\",\"position\":1,\"name\":\"Home\",\"item\":\"https:\/\/babgyaloglo.hu\/hu\/\"},{\"@type\":\"ListItem\",\"position\":2,\"name\":\"Webshop\",\"item\":\"https:\/\/babgyaloglo.hu\/webshop\/\"},{\"@type\":\"ListItem\",\"position\":3,\"name\":\"Teszt term\u00e9k\"}]},{\"@type\":\"WebSite\",\"@id\":\"https:\/\/babgyaloglo.hu\/hu\/#website\",\"url\":\"https:\/\/babgyaloglo.hu\/hu\/\",\"name\":\"B\u00e1bgyalogl\u00f3\",\"description\":\"M\u0171v\u00e9szfalu\",\"potentialAction\":[{\"@type\":\"SearchAction\",\"target\":{\"@type\":\"EntryPoint\",\"urlTemplate\":\"https:\/\/babgyaloglo.hu\/hu\/?s={search_term_string}\"},\"query-input\":{\"@type\":\"PropertyValueSpecification\",\"valueRequired\":true,\"valueName\":\"search_term_string\"}}],\"inLanguage\":\"hu\"}]}<\/script>\n<!-- \/ Yoast SEO plugin. -->","yoast_head_json":{"title":"Teszt term\u00e9k - B\u00e1bgyalogl\u00f3","robots":{"index":"index","follow":"follow","max-snippet":"max-snippet:-1","max-image-preview":"max-image-preview:large","max-video-preview":"max-video-preview:-1"},"canonical":"https:\/\/babgyaloglo.hu\/hu\/termek\/teszt-termek\/","og_locale":"hu_HU","og_type":"article","og_title":"Teszt term\u00e9k - B\u00e1bgyalogl\u00f3","og_description":"Teszt term\u00e9k","og_url":"https:\/\/babgyaloglo.hu\/hu\/termek\/teszt-termek\/","og_site_name":"B\u00e1bgyalogl\u00f3","og_image":[{"width":1200,"height":1200,"url":"https:\/\/babgyaloglo.hu\/wp-content\/uploads\/woocommerce-placeholder.png","type":"image\/png"}],"twitter_card":"summary_large_image","schema":{"@context":"https:\/\/schema.org","@graph":[{"@type":"WebPage","@id":"https:\/\/babgyaloglo.hu\/hu\/termek\/teszt-termek\/","url":"https:\/\/babgyaloglo.hu\/hu\/termek\/teszt-termek\/","name":"Teszt term\u00e9k - B\u00e1bgyalogl\u00f3","isPartOf":{"@id":"https:\/\/babgyaloglo.hu\/hu\/#website"},"primaryImageOfPage":{"@id":"https:\/\/babgyaloglo.hu\/hu\/termek\/teszt-termek\/#primaryimage"},"image":{"@id":"https:\/\/babgyaloglo.hu\/hu\/termek\/teszt-termek\/#primaryimage"},"thumbnailUrl":"https:\/\/babgyaloglo.hu\/wp-content\/uploads\/woocommerce-placeholder.png","datePublished":"2023-10-05T11:30:49+00:00","breadcrumb":{"@id":"https:\/\/babgyaloglo.hu\/hu\/termek\/teszt-termek\/#breadcrumb"},"inLanguage":"hu","potentialAction":[{"@type":"ReadAction","target":["https:\/\/babgyaloglo.hu\/hu\/termek\/teszt-termek\/"]}]},{"@type":"ImageObject","inLanguage":"hu","@id":"https:\/\/babgyaloglo.hu\/hu\/termek\/teszt-termek\/#primaryimage","url":"https:\/\/babgyaloglo.hu\/wp-content\/uploads\/woocommerce-placeholder.png","contentUrl":"https:\/\/babgyaloglo.hu\/wp-content\/uploads\/woocommerce-placeholder.png","width":1200,"height":1200},{"@type":"BreadcrumbList","@id":"https:\/\/babgyaloglo.hu\/hu\/termek\/teszt-termek\/#breadcrumb","itemListElement":[{"@type":"ListItem","position":1,"name":"Home","item":"https:\/\/babgyaloglo.hu\/hu\/"},{"@type":"ListItem","position":2,"name":"Webshop","item":"https:\/\/babgyaloglo.hu\/webshop\/"},{"@type":"ListItem","position":3,"name":"Teszt term\u00e9k"}]},{"@type":"WebSite","@id":"https:\/\/babgyaloglo.hu\/hu\/#website","url":"https:\/\/babgyaloglo.hu\/hu\/","name":"B\u00e1bgyalogl\u00f3","description":"M\u0171v\u00e9szfalu","potentialAction":[{"@type":"SearchAction","target":{"@type":"EntryPoint","urlTemplate":"https:\/\/babgyaloglo.hu\/hu\/?s={search_term_string}"},"query-input":{"@type":"PropertyValueSpecification","valueRequired":true,"valueName":"search_term_string"}}],"inLanguage":"hu"}]}},"_links":{"self":[{"href":"https:\/\/babgyaloglo.hu\/hu\/wp-json\/wp\/v2\/product\/1469","targetHints":{"allow":["GET"]}}],"collection":[{"href":"https:\/\/babgyaloglo.hu\/hu\/wp-json\/wp\/v2\/product"}],"about":[{"href":"https:\/\/babgyaloglo.hu\/hu\/wp-json\/wp\/v2\/types\/product"}],"wp:featuredmedia":[{"embeddable":true,"href":"https:\/\/babgyaloglo.hu\/hu\/wp-json\/wp\/v2\/media\/985"}],"wp:attachment":[{"href":"https:\/\/babgyaloglo.hu\/hu\/wp-json\/wp\/v2\/media?parent=1469"}],"wp:term":[{"taxonomy":"product_brand","embeddable":true,"href":"https:\/\/babgyaloglo.hu\/hu\/wp-json\/wp\/v2\/product_brand?post=1469"},{"taxonomy":"product_cat","embeddable":true,"href":"https:\/\/babgyaloglo.hu\/hu\/wp-json\/wp\/v2\/product_cat?post=1469"},{"taxonomy":"product_tag","embeddable":true,"href":"https:\/\/babgyaloglo.hu\/hu\/wp-json\/wp\/v2\/product_tag?post=1469"}],"curies":[{"name":"wp","href":"https:\/\/api.w.org\/{rel}","templated":true}]}}