{"id":830,"date":"2023-08-09T17:06:07","date_gmt":"2023-08-09T15:06:07","guid":{"rendered":"https:\/\/babgyaloglo.hu\/product\/humbuk-es-bukhum-terapias-mesekonyv\/"},"modified":"2023-10-05T13:22:04","modified_gmt":"2023-10-05T11:22:04","slug":"humbuk-es-bukhum-konyv","status":"publish","type":"product","link":"https:\/\/babgyaloglo.hu\/hu\/termek\/humbuk-es-bukhum-konyv\/","title":{"rendered":"Humbuk \u00e9s Bukhum &#8211; ter\u00e1pi\u00e1s mesek\u00f6nyv"},"content":{"rendered":"<p>Egy hossz\u00fa &#8222;\u00e1lom&#8221; ut\u00e1n, ami tal\u00e1n a legszebb \u00e1lom volt, egy kis csoda sz\u00fcletett. Amit ez a k\u00e9t l\u00e9lek meg\u00e1lmodott, azt fogjuk ma felfedni, \u00e9s bemutatni a j\u00f3sz\u00edv\u0171 \u00e9s \u00e9rdekl\u0151d\u0151 k\u00f6z\u00f6ns\u00e9gnek. Megsz\u00fcletett egy ter\u00e1pi\u00e1s mesek\u00f6nyv, Humbuk \u00e9s Bukhum c\u00edmmel, amelyet Bir\u00f3 Eszti illusztr\u00e1lt sz\u00edvvel, l\u00e9lekkel \u00e9s m\u00e9ly odaad\u00e1ssal.<\/p>\n<p><strong>A k\u00f6nyv m\u00e9rete: 19&#215;19 cm<\/strong><br \/>\n<strong>Oldalak sz\u00e1ma: 36<\/strong><\/p>\n","protected":false},"excerpt":{"rendered":"<p>Ter\u00e1pi\u00e1s mesek\u00f6nyv csod\u00e1latos illusztr\u00e1ci\u00f3kkal gyerekeknek \u00e9s feln\u0151tteknek.<\/p>\n","protected":false},"featured_media":975,"template":"","meta":{"_et_pb_use_builder":"","_et_pb_old_content":"","_et_gb_content_width":""},"product_brand":[],"product_cat":[98],"product_tag":[56,55,57,58],"class_list":{"0":"post-830","1":"product","2":"type-product","3":"status-publish","4":"has-post-thumbnail","6":"product_cat-konyv","7":"product_tag-gyermekeknek","8":"product_tag-konyv","9":"product_tag-mese","10":"product_tag-terapias-osveny","12":"first","13":"instock","14":"taxable","15":"shipping-taxable","16":"purchasable","17":"product-type-simple"},"yoast_head":"<!-- This site is optimized with the Yoast SEO plugin v26.8 - https:\/\/yoast.com\/product\/yoast-seo-wordpress\/ -->\n<title>Humbuk \u00e9s Bukhum - ter\u00e1pi\u00e1s mesek\u00f6nyv - B\u00e1bgyalogl\u00f3<\/title>\n<meta name=\"robots\" content=\"index, follow, max-snippet:-1, max-image-preview:large, max-video-preview:-1\" \/>\n<link rel=\"canonical\" href=\"https:\/\/babgyaloglo.hu\/hu\/termek\/humbuk-es-bukhum-konyv\/\" \/>\n<meta property=\"og:locale\" content=\"hu_HU\" \/>\n<meta property=\"og:type\" content=\"article\" \/>\n<meta property=\"og:title\" content=\"Humbuk \u00e9s Bukhum - ter\u00e1pi\u00e1s mesek\u00f6nyv - B\u00e1bgyalogl\u00f3\" \/>\n<meta property=\"og:description\" content=\"Ter\u00e1pi\u00e1s mesek\u00f6nyv csod\u00e1latos illusztr\u00e1ci\u00f3kkal gyerekeknek \u00e9s feln\u0151tteknek.\" \/>\n<meta property=\"og:url\" content=\"https:\/\/babgyaloglo.hu\/hu\/termek\/humbuk-es-bukhum-konyv\/\" \/>\n<meta property=\"og:site_name\" content=\"B\u00e1bgyalogl\u00f3\" \/>\n<meta property=\"article:modified_time\" content=\"2023-10-05T11:22:04+00:00\" \/>\n<meta property=\"og:image\" content=\"https:\/\/babgyaloglo.hu\/wp-content\/uploads\/2023\/08\/konyv11.jpg\" \/>\n\t<meta property=\"og:image:width\" content=\"670\" \/>\n\t<meta property=\"og:image:height\" content=\"670\" \/>\n\t<meta property=\"og:image:type\" content=\"image\/jpeg\" \/>\n<meta name=\"twitter:card\" content=\"summary_large_image\" \/>\n<meta name=\"twitter:label1\" content=\"Becs\u00fclt olvas\u00e1si id\u0151\" \/>\n\t<meta name=\"twitter:data1\" content=\"1 perc\" \/>\n<script type=\"application\/ld+json\" class=\"yoast-schema-graph\">{\"@context\":\"https:\/\/schema.org\",\"@graph\":[{\"@type\":\"WebPage\",\"@id\":\"https:\/\/babgyaloglo.hu\/hu\/termek\/humbuk-es-bukhum-konyv\/\",\"url\":\"https:\/\/babgyaloglo.hu\/hu\/termek\/humbuk-es-bukhum-konyv\/\",\"name\":\"Humbuk \u00e9s Bukhum - ter\u00e1pi\u00e1s mesek\u00f6nyv - B\u00e1bgyalogl\u00f3\",\"isPartOf\":{\"@id\":\"https:\/\/babgyaloglo.hu\/hu\/#website\"},\"primaryImageOfPage\":{\"@id\":\"https:\/\/babgyaloglo.hu\/hu\/termek\/humbuk-es-bukhum-konyv\/#primaryimage\"},\"image\":{\"@id\":\"https:\/\/babgyaloglo.hu\/hu\/termek\/humbuk-es-bukhum-konyv\/#primaryimage\"},\"thumbnailUrl\":\"https:\/\/babgyaloglo.hu\/wp-content\/uploads\/2023\/08\/konyv11.jpg\",\"datePublished\":\"2023-08-09T15:06:07+00:00\",\"dateModified\":\"2023-10-05T11:22:04+00:00\",\"breadcrumb\":{\"@id\":\"https:\/\/babgyaloglo.hu\/hu\/termek\/humbuk-es-bukhum-konyv\/#breadcrumb\"},\"inLanguage\":\"hu\",\"potentialAction\":[{\"@type\":\"ReadAction\",\"target\":[\"https:\/\/babgyaloglo.hu\/hu\/termek\/humbuk-es-bukhum-konyv\/\"]}]},{\"@type\":\"ImageObject\",\"inLanguage\":\"hu\",\"@id\":\"https:\/\/babgyaloglo.hu\/hu\/termek\/humbuk-es-bukhum-konyv\/#primaryimage\",\"url\":\"https:\/\/babgyaloglo.hu\/wp-content\/uploads\/2023\/08\/konyv11.jpg\",\"contentUrl\":\"https:\/\/babgyaloglo.hu\/wp-content\/uploads\/2023\/08\/konyv11.jpg\",\"width\":670,\"height\":670},{\"@type\":\"BreadcrumbList\",\"@id\":\"https:\/\/babgyaloglo.hu\/hu\/termek\/humbuk-es-bukhum-konyv\/#breadcrumb\",\"itemListElement\":[{\"@type\":\"ListItem\",\"position\":1,\"name\":\"Home\",\"item\":\"https:\/\/babgyaloglo.hu\/hu\/\"},{\"@type\":\"ListItem\",\"position\":2,\"name\":\"Webshop\",\"item\":\"https:\/\/babgyaloglo.hu\/webshop\/\"},{\"@type\":\"ListItem\",\"position\":3,\"name\":\"Humbuk \u00e9s Bukhum &#8211; ter\u00e1pi\u00e1s mesek\u00f6nyv\"}]},{\"@type\":\"WebSite\",\"@id\":\"https:\/\/babgyaloglo.hu\/hu\/#website\",\"url\":\"https:\/\/babgyaloglo.hu\/hu\/\",\"name\":\"B\u00e1bgyalogl\u00f3\",\"description\":\"M\u0171v\u00e9szfalu\",\"potentialAction\":[{\"@type\":\"SearchAction\",\"target\":{\"@type\":\"EntryPoint\",\"urlTemplate\":\"https:\/\/babgyaloglo.hu\/hu\/?s={search_term_string}\"},\"query-input\":{\"@type\":\"PropertyValueSpecification\",\"valueRequired\":true,\"valueName\":\"search_term_string\"}}],\"inLanguage\":\"hu\"}]}<\/script>\n<!-- \/ Yoast SEO plugin. -->","yoast_head_json":{"title":"Humbuk \u00e9s Bukhum - ter\u00e1pi\u00e1s mesek\u00f6nyv - B\u00e1bgyalogl\u00f3","robots":{"index":"index","follow":"follow","max-snippet":"max-snippet:-1","max-image-preview":"max-image-preview:large","max-video-preview":"max-video-preview:-1"},"canonical":"https:\/\/babgyaloglo.hu\/hu\/termek\/humbuk-es-bukhum-konyv\/","og_locale":"hu_HU","og_type":"article","og_title":"Humbuk \u00e9s Bukhum - ter\u00e1pi\u00e1s mesek\u00f6nyv - B\u00e1bgyalogl\u00f3","og_description":"Ter\u00e1pi\u00e1s mesek\u00f6nyv csod\u00e1latos illusztr\u00e1ci\u00f3kkal gyerekeknek \u00e9s feln\u0151tteknek.","og_url":"https:\/\/babgyaloglo.hu\/hu\/termek\/humbuk-es-bukhum-konyv\/","og_site_name":"B\u00e1bgyalogl\u00f3","article_modified_time":"2023-10-05T11:22:04+00:00","og_image":[{"width":670,"height":670,"url":"https:\/\/babgyaloglo.hu\/wp-content\/uploads\/2023\/08\/konyv11.jpg","type":"image\/jpeg"}],"twitter_card":"summary_large_image","twitter_misc":{"Becs\u00fclt olvas\u00e1si id\u0151":"1 perc"},"schema":{"@context":"https:\/\/schema.org","@graph":[{"@type":"WebPage","@id":"https:\/\/babgyaloglo.hu\/hu\/termek\/humbuk-es-bukhum-konyv\/","url":"https:\/\/babgyaloglo.hu\/hu\/termek\/humbuk-es-bukhum-konyv\/","name":"Humbuk \u00e9s Bukhum - ter\u00e1pi\u00e1s mesek\u00f6nyv - B\u00e1bgyalogl\u00f3","isPartOf":{"@id":"https:\/\/babgyaloglo.hu\/hu\/#website"},"primaryImageOfPage":{"@id":"https:\/\/babgyaloglo.hu\/hu\/termek\/humbuk-es-bukhum-konyv\/#primaryimage"},"image":{"@id":"https:\/\/babgyaloglo.hu\/hu\/termek\/humbuk-es-bukhum-konyv\/#primaryimage"},"thumbnailUrl":"https:\/\/babgyaloglo.hu\/wp-content\/uploads\/2023\/08\/konyv11.jpg","datePublished":"2023-08-09T15:06:07+00:00","dateModified":"2023-10-05T11:22:04+00:00","breadcrumb":{"@id":"https:\/\/babgyaloglo.hu\/hu\/termek\/humbuk-es-bukhum-konyv\/#breadcrumb"},"inLanguage":"hu","potentialAction":[{"@type":"ReadAction","target":["https:\/\/babgyaloglo.hu\/hu\/termek\/humbuk-es-bukhum-konyv\/"]}]},{"@type":"ImageObject","inLanguage":"hu","@id":"https:\/\/babgyaloglo.hu\/hu\/termek\/humbuk-es-bukhum-konyv\/#primaryimage","url":"https:\/\/babgyaloglo.hu\/wp-content\/uploads\/2023\/08\/konyv11.jpg","contentUrl":"https:\/\/babgyaloglo.hu\/wp-content\/uploads\/2023\/08\/konyv11.jpg","width":670,"height":670},{"@type":"BreadcrumbList","@id":"https:\/\/babgyaloglo.hu\/hu\/termek\/humbuk-es-bukhum-konyv\/#breadcrumb","itemListElement":[{"@type":"ListItem","position":1,"name":"Home","item":"https:\/\/babgyaloglo.hu\/hu\/"},{"@type":"ListItem","position":2,"name":"Webshop","item":"https:\/\/babgyaloglo.hu\/webshop\/"},{"@type":"ListItem","position":3,"name":"Humbuk \u00e9s Bukhum &#8211; ter\u00e1pi\u00e1s mesek\u00f6nyv"}]},{"@type":"WebSite","@id":"https:\/\/babgyaloglo.hu\/hu\/#website","url":"https:\/\/babgyaloglo.hu\/hu\/","name":"B\u00e1bgyalogl\u00f3","description":"M\u0171v\u00e9szfalu","potentialAction":[{"@type":"SearchAction","target":{"@type":"EntryPoint","urlTemplate":"https:\/\/babgyaloglo.hu\/hu\/?s={search_term_string}"},"query-input":{"@type":"PropertyValueSpecification","valueRequired":true,"valueName":"search_term_string"}}],"inLanguage":"hu"}]}},"_links":{"self":[{"href":"https:\/\/babgyaloglo.hu\/hu\/wp-json\/wp\/v2\/product\/830","targetHints":{"allow":["GET"]}}],"collection":[{"href":"https:\/\/babgyaloglo.hu\/hu\/wp-json\/wp\/v2\/product"}],"about":[{"href":"https:\/\/babgyaloglo.hu\/hu\/wp-json\/wp\/v2\/types\/product"}],"wp:featuredmedia":[{"embeddable":true,"href":"https:\/\/babgyaloglo.hu\/hu\/wp-json\/wp\/v2\/media\/975"}],"wp:attachment":[{"href":"https:\/\/babgyaloglo.hu\/hu\/wp-json\/wp\/v2\/media?parent=830"}],"wp:term":[{"taxonomy":"product_brand","embeddable":true,"href":"https:\/\/babgyaloglo.hu\/hu\/wp-json\/wp\/v2\/product_brand?post=830"},{"taxonomy":"product_cat","embeddable":true,"href":"https:\/\/babgyaloglo.hu\/hu\/wp-json\/wp\/v2\/product_cat?post=830"},{"taxonomy":"product_tag","embeddable":true,"href":"https:\/\/babgyaloglo.hu\/hu\/wp-json\/wp\/v2\/product_tag?post=830"}],"curies":[{"name":"wp","href":"https:\/\/api.w.org\/{rel}","templated":true}]}}