{"id":1291,"date":"2023-08-09T20:16:32","date_gmt":"2023-08-09T18:16:32","guid":{"rendered":"https:\/\/babgyaloglo.hu\/politica-de-confidentialitate\/"},"modified":"2023-10-03T15:35:43","modified_gmt":"2023-10-03T13:35:43","slug":"politica-de-confidentialitate","status":"publish","type":"page","link":"https:\/\/babgyaloglo.hu\/ro\/politica-de-confidentialitate\/","title":{"rendered":"Politica de confiden\u021bialitate"},"content":{"rendered":"<p>[et_pb_section fb_built=&#8221;1&#8243; custom_padding_last_edited=&#8221;off|desktop&#8221; admin_label=&#8221;Header&#8221; _builder_version=&#8221;4.21.2&#8243; background_enable_color=&#8221;off&#8221; background_image=&#8221;https:\/\/babgyaloglo.hu\/wp-content\/uploads\/2023\/08\/csik-transp-light.png&#8221; background_size=&#8221;contain&#8221; background_position=&#8221;top_right&#8221; custom_padding=&#8221;||3px|||&#8221; custom_padding_tablet=&#8221;||0px||false|false&#8221; background_last_edited=&#8221;on|phone&#8221; background_image_phone=&#8221;https:\/\/babgyaloglo.hu\/wp-content\/uploads\/2023\/08\/varacska.png&#8221; background_enable_image_phone=&#8221;on&#8221; locked=&#8221;off&#8221; global_colors_info=&#8221;{}&#8221;][et_pb_row _builder_version=&#8221;4.16&#8243; custom_padding=&#8221;16px|||||&#8221; global_colors_info=&#8221;{}&#8221;][et_pb_column type=&#8221;4_4&#8243; _builder_version=&#8221;4.16&#8243; global_colors_info=&#8221;{}&#8221;][et_pb_image src=&#8221;https:\/\/babgyaloglo.hu\/wp-content\/uploads\/2023\/08\/web-logo-figura.jpg&#8221; title_text=&#8221;babgyaloglo_logo_final&#8221; align=&#8221;center&#8221; _builder_version=&#8221;4.21.2&#8243; _module_preset=&#8221;default&#8221; width=&#8221;22%&#8221; width_tablet=&#8221;34%&#8221; width_phone=&#8221;58%&#8221; width_last_edited=&#8221;on|tablet&#8221; custom_margin=&#8221;25px||||false|false&#8221; custom_margin_tablet=&#8221;-47px||||false|false&#8221; custom_margin_phone=&#8221;9px||||false|false&#8221; custom_margin_last_edited=&#8221;on|phone&#8221; custom_padding=&#8221;52px|||||&#8221; custom_padding_tablet=&#8221;0px||||false|false&#8221; custom_padding_phone=&#8221;0px||||false|false&#8221; custom_padding_last_edited=&#8221;on|tablet&#8221; animation_style=&#8221;roll&#8221; animation_delay=&#8221;250ms&#8221; animation_intensity_roll=&#8221;10%&#8221; border_radii=&#8221;on|454px|454px|454px|454px&#8221; box_shadow_style=&#8221;preset1&#8243; box_shadow_vertical=&#8221;-12px&#8221; box_shadow_blur=&#8221;46px&#8221; box_shadow_color=&#8221;rgba(0,0,0,0.26)&#8221; global_colors_info=&#8221;{}&#8221;][\/et_pb_image][et_pb_text _builder_version=&#8221;4.21.2&#8243; _module_preset=&#8221;default&#8221; text_font_size=&#8221;63px&#8221; header_3_text_color=&#8221;#874773&#8243; text_orientation=&#8221;center&#8221; text_font_size_tablet=&#8221;50px&#8221; text_font_size_phone=&#8221;40px&#8221; text_font_size_last_edited=&#8221;on|desktop&#8221; global_colors_info=&#8221;{}&#8221;]<\/p>\n<h1>Politica de confiden\u021bialitate<\/h1>\n<p>[\/et_pb_text][\/et_pb_column][\/et_pb_row][\/et_pb_section][et_pb_section fb_built=&#8221;1&#8243; admin_label=&#8221;section&#8221; _builder_version=&#8221;4.16&#8243; global_colors_info=&#8221;{}&#8221;][et_pb_row admin_label=&#8221;r\u00e2nd&#8221; _builder_version=&#8221;4.16&#8243; background_size=&#8221;initial&#8221; background_position=&#8221;top_left&#8221; background_repeat=&#8221;repeat&#8221; global_colors_info=&#8221;{}&#8221;][et_pb_column type=&#8221;4_4&#8243; _builder_version=&#8221;4.16&#8243; custom_padding=&#8221;|||&#8221; global_colors_info=&#8221;{}&#8221; custom_padding__hover=&#8221;|||&#8221;][et_pb_text admin_label=&#8221;Text&#8221; _builder_version=&#8221;4.22.1&#8243; background_size=&#8221;initial&#8221; background_position=&#8221;top_left&#8221; background_repeat=&#8221;repeat&#8221; hover_enabled=&#8221;0&#8243; global_colors_info=&#8221;{}&#8221; header_4_text_color=&#8221;#874773&#8243; header_4_line_height=&#8221;1.5em&#8221; header_4_font_size=&#8221;24px&#8221; header_4_font_size_last_edited=&#8221;on|phone&#8221; sticky_enabled=&#8221;0&#8243; header_4_font_size_phone=&#8221;20px&#8221; header_4_font_size_tablet=&#8221;24px&#8221;]<\/p>\n<h4>Publicarea prospectului<\/h4>\n<p>Aceste informa\u021bii intr\u0103 \u00een vigoare la 15 august 2023.<\/p>\n<h4>Operatorul de date 1<\/h4>\n<p><strong>Numele:<\/strong><span> <\/span>Barbara Rus<br \/>Sediul <strong>principal:<\/strong> 5600 B\u00e9k\u00e9scsaba, <span>Mariassy utca 73<\/span>.<br \/><strong>Adresa po\u0219tal\u0103:<\/strong><span> 5600 B\u00e9k\u00e9scsaba, Mariassy utca 73.<\/span><br \/><strong>Email:<\/strong><span> <\/span>info [at] babgyaloglo [dot] hu<br \/><strong>Pagina web:<\/strong><span> <\/span><a href=\"https:\/\/kataianiko.com\/\">https:\/\/babgyaloglo.hu<\/a><\/p>\n<h4>Operatorul de date 2<\/h4>\n<p><strong>Numele:<\/strong><span> <\/span>Paul Rus Ovidiu<br \/>Sediul <strong>principal:<\/strong> 5600 B\u00e9k\u00e9scsaba, <span>Mariassy utca 73<\/span>.<br \/><strong>Adresa po\u0219tal\u0103:<\/strong><span> 5600 B\u00e9k\u00e9scsaba, Mariassy utca 73.<\/span><br \/><strong>Email:<\/strong><span> <\/span>info [at] babgyaloglo [dot] hu<br \/><strong>Pagina web:<\/strong><span> <\/span><a href=\"https:\/\/kataianiko.com\/\">https:\/\/babgyaloglo.hu<\/a><\/p>\n<h4>Webhost<\/h4>\n<p><strong>Denumirea societ\u0103\u021bii:<\/strong><span> <\/span>DotRoll Kft.<br \/><strong>Adres\u0103:<\/strong><span> <\/span>1148, Budapesta, Fogarasi \u00fat 3-5, Ungaria<br \/><strong>Codul de identificare fiscal\u0103:<\/strong><span> <\/span>13962982-2-42<br \/><strong>Telefon:<\/strong><span> <\/span>+36-1-432-3232<br \/><strong>Email:<\/strong><span> <\/span><a href=\"mailto:support@dotroll.com\">support@dotroll.com<\/a><\/p>\n<h4>Buletin informativ<\/h4>\n<p><strong>Denumirea societ\u0103\u021bii:<\/strong><span> Webagile SAS<br \/><strong>Proiect <\/strong>: <\/span><a href=\"https:\/\/www.thenewsletterplugin.com\/legal\/privacy\" target=\"_blank\" rel=\"noopener\">Plugin pentru buletinul informativ.<\/a><br \/><strong><br \/>\n  <span>Operatorul de date: <\/span><br \/>\n<\/strong>Web Agile Sas di Fietta Roberto, cu sediul \u00een Mussolente (VI), via Trieste 8.<br \/><strong>Codul de identificare fiscal\u0103:<\/strong><span> 03809490240<\/span><br \/><strong>Telefon:<\/strong><span> <\/span>+36-1-432-3232<br \/><strong>Email:<\/strong><span> <a href=\"mailto:privacy@thenewsletterplugin.com\">privacy@thenewsletterplugin.com<\/a><\/span><\/p>\n<h4>Categorii de date prelucrate<\/h4>\n<p>\u00cen timpul vizion\u0103rii site-ului web (babgyaloglo.hu), cu ajutorul cookie-urilor pot fi \u00eenregistrate automat ora de \u00eenceput \u0219i de sf\u00e2r\u0219it a vizitei utilizatorului, adresa IP \u0219i, \u00een unele cazuri &#8211; \u00een func\u021bie de set\u0103rile computerului utilizatorului &#8211; versiunea browserului, tipul \u0219i limba sistemului de operare, parametrii dispozitivului utilizatorului, set\u0103rile specificate de utilizator pe site, subpaginile vizitate \u0219i timpul petrecut pe acestea. Operatorul site-ului nu leag\u0103 (\u0219i nu poate lega) aceste date cu date cu caracter personal. Utilizatorul decide s\u0103 le \u00eemp\u0103rt\u0103\u0219easc\u0103 prin specificarea autoriza\u021biei explicite pe care ne-a acordat-o \u0219i a set\u0103rilor cookie-urilor specificate \u00een browserul s\u0103u. Alte date furnizate \u00een timpul utiliz\u0103rii site-ului (nume, adres\u0103 de e-mail, num\u0103r de telefon etc.) sunt, de asemenea, prelucrate cu acordul voluntar al utilizatorului.<\/p>\n<p>Operatorul site-ului solicit\u0103 ca minorii, astfel cum sunt defini\u021bi \u00een IV. titlu \u00a7 2:10 din Legea V din 2013 privind Codul civil nu poate face o declara\u021bie legal\u0103 f\u0103r\u0103 permisiunea unui p\u0103rinte sau a unui reprezentant legal.<\/p>\n<h4>Scopul gestion\u0103rii datelor<\/h4>\n<p>Prelucrarea datelor serve\u0219te la rela\u021bia continu\u0103 dintre utilizatorii care completeaz\u0103 un formular de testare sau de trimitere a mesajelor prin intermediul site-ului \u0219i operatorul site-ului, precum \u0219i la gestionarea datelor legate de utilizarea serviciilor conexe.<\/p>\n<p>Cu ajutorul cookie-urilor, sistemul genereaz\u0103 automat date privind durata vizitei \u0219i num\u0103rul de pagini vizitate, astfel \u00eenc\u00e2t operatorul site-ului web s\u0103 poat\u0103 dezvolta \u0219i optimiza \u00een continuare serviciile site-ului web. De asemenea, Operatorul utilizeaz\u0103 cookie-uri pentru a face mai convenabil\u0103 utilizarea site-ului web \u00een timpul urm\u0103toarei vizite. Alte date furnizate de utilizator sunt utilizate \u0219i gestionate de c\u0103tre operatorul site-ului web numai \u00een scopul de a oferi un nivel mai ridicat de servicii pentru utilizator.<\/p>\n<p>Operatorul site-ului poate contacta utilizatorul prin e-mail, telefon sau po\u0219t\u0103, cu excep\u021bia cazului \u00een care utilizatorul a marcat ca preferin\u021b\u0103 una dintre aceste modalit\u0103\u021bi. Operatorul site-ului nu utilizeaz\u0103 datele cu caracter personal \u00een alte scopuri dec\u00e2t cele indicate. Datele furnizate pe site-ul web sunt prelucrate cu acordul voluntar al utilizatorului. F\u0103r\u0103 consim\u021b\u0103m\u00e2ntul utilizatorului, operatorul site-ului web nu va transmite, publica, vinde, \u00eenchiria sau pune la dispozi\u021bia unor ter\u021be p\u0103r\u021bi datele cu caracter personal, cu condi\u021bia ca acest lucru s\u0103 nu fie impus de lege.<\/p>\n<h4>Durata de gestionare a datelor<\/h4>\n<p>ID-urile de sesiune sunt \u0219terse automat atunci c\u00e2nd p\u0103r\u0103si\u021bi site-ul web, dar o alt\u0103 parte a modulelor cookie ajut\u0103 operatorul site-ului, \u00een sensul c\u0103, prin utilizarea acestora, operatorul site-ului cunoa\u0219te set\u0103rile anterioare ale utilizatorului, datele \u0219i informa\u021biile furnizate de acesta \u0219i alte aspecte ale utiliz\u0103rii site-ului web. cu caracteristicile sale, astfel \u00eenc\u00e2t s\u0103 nu mai fie nevoie s\u0103 le introduce\u021bi din nou la urm\u0103toarea vizit\u0103, iar set\u0103rile dumneavoastr\u0103 sunt \u00eenc\u0103rcate automat pentru a ob\u021bine o experien\u021b\u0103 de utilizare mai pl\u0103cut\u0103. Data de expirare a acestor module cookie variaz\u0103, dar, de obicei, acestea sunt prezente pe dispozitivul utilizatorului p\u00e2n\u0103 c\u00e2nd acesta le \u0219terge.<\/p>\n<h4>Accesul la date<\/h4>\n<p>Datele cu caracter personal furnizate de utilizatori nu pot fi accesate de nimeni altcineva \u00een afar\u0103 de operatorul site-ului.<\/p>\n<p>Operatorul site-ului web nu transfer\u0103 date cu caracter personal c\u0103tre alte p\u0103r\u021bi ter\u021be dec\u00e2t cele indicate. Acest lucru nu se aplic\u0103 transmiterilor de date solicitate de orice autoritate legal\u0103, obligatorie, instan\u021b\u0103, procuror, autoritate de anchet\u0103, autoritate de \u00eenc\u0103lcare a legii, autoritate administrativ\u0103 public\u0103, Autoritatea Na\u021bional\u0103 pentru Protec\u021bia Datelor \u0219i Libertatea Informa\u021biei sau alte autorit\u0103\u021bi \u00een baza autoriz\u0103rii legisla\u021biei, care pot avea loc numai \u00een cazuri excep\u021bionale. \u00cenainte de a da curs fiec\u0103rei solicit\u0103ri oficiale de date, operatorul site-ului verific\u0103, pentru fiecare dat\u0103 individual\u0103, dac\u0103 exist\u0103 \u00eentr-adev\u0103r temeiul juridic pentru transmiterea datelor. Reprezentantul legal al operatorului site-ului poate, de asemenea, s\u0103 ia cuno\u0219tin\u021b\u0103 de datele cu caracter personal \u00een cazul \u00een care exist\u0103 un litigiu juridic \u00eentre persoana \u00een cauz\u0103 \u0219i operatorul site-ului.<\/p>\n<h4>Drepturile persoanei vizate \u00een leg\u0103tur\u0103 cu gestionarea datelor<\/h4>\n<p>Baza juridic\u0103 pentru gestionarea datelor este consim\u021b\u0103m\u00e2ntul voluntar al utilizatorilor. Utilizatorii pot solicita informa\u021bii despre prelucrarea datelor lor personale. La cerere, operatorul site-ului furnizeaz\u0103 persoanei vizate informa\u021bii cu privire la datele pe care le gestioneaz\u0103, scopul, temeiul juridic \u0219i durata gestion\u0103rii datelor, numele \u0219i adresa operatorului site-ului \u0219i activit\u0103\u021bile sale legate de gestionarea datelor, precum \u0219i cine prime\u0219te sau a primit datele \u0219i \u00een ce scop. Informa\u021biile pot fi solicitate la adresa po\u0219tal\u0103 a operatorului site-ului sau la adresa de e-mail info@babgyaloglo.hu.<\/p>\n<p>Utilizatorul poate ini\u021bia, de asemenea, corectarea \u0219i \u0219tergerea datelor sale personale la acelea\u0219i contacte. \u00cen cazul utiliz\u0103rii necorespunz\u0103toare a serviciilor site-ului web, precum \u0219i la cererea utilizatorului, datele asociate vor fi \u0219terse. \u0218tergerea are loc \u00een termen de maximum 7 zile lucr\u0103toare de la ini\u021bierea cererii de \u0219tergere.<\/p>\n<p>F\u0103c\u00e2nd clic pe linkul de dezabonare din buletinul informativ trimis de operatorul site-ului web, utilizatorul poate \u0219terge \u00een mod independent datele cu caracter personal \u00eenregistrate despre el f\u0103r\u0103 o cerere separat\u0103.<\/p>\n<h4>Asigurarea respect\u0103rii drepturilor legate de gestionarea datelor<\/h4>\n<p>Un utilizator care consider\u0103 c\u0103 operatorul site-ului a \u00eenc\u0103lcat dreptul s\u0103u la protec\u021bia datelor cu caracter personal \u00ee\u0219i poate exercita drepturile \u00een baza legisla\u021biei maghiare \u00een vigoare \u00een orice moment sau poate solicita, de asemenea, ajutorul Autorit\u0103\u021bii Na\u021bionale pentru Protec\u021bia Datelor \u0219i Libertatea Informa\u021biei (NAIH). Prevederile detaliate \u00een acest sens, precum \u0219i obliga\u021biile operatorului site-ului web, sunt prev\u0103zute \u00een Regulamentul (UE) 2016\/679 al Parlamentului European \u0219i al Consiliului din 27 aprilie 2016 privind protec\u021bia persoanelor fizice \u00een ceea ce prive\u0219te prelucrarea datelor cu caracter personal \u0219i privind libera circula\u021bie a acestor date, precum \u0219i abrogarea Directivei \/46\/95\/CE \u0219i \u00een Legea CXII din 2011 privind protec\u021bia datelor cu caracter personal \u0219i divulgarea datelor de interes public.<\/p>\n<p>La crearea Declara\u021biei privind protec\u021bia datelor, au fost luate \u00een considerare Regulamentul Parlamentului European \u0219i al Consiliului din 27 aprilie 2016 (UE) 2016\/ 679, Legea CXII din 2011 privind autodeterminarea informa\u021bional\u0103 \u0219i libertatea de informare \u0219i Legea VI din 1998 privind promulgarea Conven\u021biei pentru protec\u021bia persoanelor cu privire la prelucrarea automatizat\u0103 a datelor cu caracter personal. Operatorul site-ului va investiga pl\u00e2ngerile \u00een termen de maximum 30 de zile. \u00cen cazul \u00een care persoana vizat\u0103 nu este de acord cu acest lucru, aceasta are dreptul de a contacta Autoritatea Na\u021bional\u0103 pentru Protec\u021bia Datelor \u0219i Informare.<\/p>\n<p><strong>Autoritatea Na\u021bional\u0103 pentru Protec\u021bia Datelor \u0219i Informa\u021bii<\/strong><\/p>\n<p><strong>Adres\u0103:<\/strong><span> <\/span>1125 Budapesta, Szil\u00e1gyi Erzs\u00e9bet fasor 22\/c.<br \/><strong>Adresa po\u0219tal\u0103:<\/strong><span> <\/span>1530 Budapesta, pf. 5.<br \/><strong>Email:<\/strong><span> <\/span><a href=\"mailto:ugyfelszolgalat@naih.hu\">ugyfelszolgalat@naih.hu<\/a><br \/><strong>Site web:<\/strong><span> <\/span><a href=\"http:\/\/www.naih.hu\/\">www.naih.hu<\/a><br \/><strong>Telefon:<\/strong><span> <\/span>+36-1-391-1400<br \/><strong>Fax:<\/strong><span> <\/span>+36-1-391-1410<\/p>\n<h4>Legisla\u021bia relevant\u0103<\/h4>\n<ul>\n<li>Legea CXII din 2011 privind autodeterminarea informa\u021bional\u0103 \u0219i libertatea de informare<\/li>\n<li>Legea CVIII din 2001 privind comer\u021bul electronic \u0219i serviciile societ\u0103\u021bii informa\u021bionale (cf. \u00a713\/A).<\/li>\n<li>Legea XLVII din 2008 privind interzicerea practicilor comerciale neloiale fa\u021b\u0103 de consumatori,<\/li>\n<li>Legea XLVIII din 2008 privind cerin\u021bele de baz\u0103 \u0219i anumite restric\u021bii ale activit\u0103\u021bilor de publicitate comercial\u0103<\/li>\n<li>Legea XC din 2005 privind libertatea serviciilor electronice de informare,<\/li>\n<li>Legea C din 2003 privind comunica\u021biile electronice (cf. \u00a7155)<\/li>\n<li>Avizul 16\/2011 al Grupului de lucru al articolului 29 privind recomandarea EASA\/IAB privind cele mai bune practici \u00een materie de publicitate comportamental\u0103 online (EASA\/IAB Best Practice Recommendation on Online Behavioral Advertising)<\/li>\n<\/ul>\n<p>Barbara Rus \u0219i Paul Rus Ovidiu responsabil cu gestionarea datelor, \u00ee\u0219i rezerv\u0103 dreptul de a modifica sau completa aceast\u0103 declara\u021bie. V\u0103 rug\u0103m s\u0103 vizita\u021bi periodic acest site web pentru a consulta aceste reguli \u0219i orice informa\u021bii noi.<\/p>\n<p>[\/et_pb_text][\/et_pb_column][\/et_pb_row][\/et_pb_section]<\/p>\n","protected":false},"excerpt":{"rendered":"<p>Politica de confiden\u021bialitatePublicarea prospectului Aceste informa\u021bii intr\u0103 \u00een vigoare la 15 august 2023. Operatorul de date 1 Numele: Barbara RusSediul principal: 5600 B\u00e9k\u00e9scsaba, Mariassy utca 73.Adresa po\u0219tal\u0103: 5600 B\u00e9k\u00e9scsaba, Mariassy utca 73.Email: info [at] babgyaloglo [dot] huPagina web: https:\/\/babgyaloglo.hu Operatorul de date 2 Numele: Paul Rus OvidiuSediul principal: 5600 B\u00e9k\u00e9scsaba, Mariassy utca 73.Adresa po\u0219tal\u0103: 5600 [&hellip;]<\/p>\n","protected":false},"author":2,"featured_media":0,"parent":0,"menu_order":0,"comment_status":"closed","ping_status":"closed","template":"","meta":{"_et_pb_use_builder":"on","_et_pb_old_content":"","_et_gb_content_width":"","footnotes":""},"class_list":["post-1291","page","type-page","status-publish","hentry"],"yoast_head":"<!-- This site is optimized with the Yoast SEO plugin v26.8 - https:\/\/yoast.com\/product\/yoast-seo-wordpress\/ -->\n<title>Politica de confiden\u021bialitate - B\u00e1bgyalogl\u00f3<\/title>\n<meta name=\"robots\" content=\"index, follow, max-snippet:-1, max-image-preview:large, max-video-preview:-1\" \/>\n<link rel=\"canonical\" href=\"https:\/\/babgyaloglo.hu\/ro\/politica-de-confidentialitate\/\" \/>\n<meta property=\"og:locale\" content=\"ro_RO\" \/>\n<meta property=\"og:type\" content=\"article\" \/>\n<meta property=\"og:title\" content=\"Politica de confiden\u021bialitate - B\u00e1bgyalogl\u00f3\" \/>\n<meta property=\"og:description\" content=\"Politica de confiden\u021bialitatePublicarea prospectului Aceste informa\u021bii intr\u0103 \u00een vigoare la 15 august 2023. Operatorul de date 1 Numele: Barbara RusSediul principal: 5600 B\u00e9k\u00e9scsaba, Mariassy utca 73.Adresa po\u0219tal\u0103: 5600 B\u00e9k\u00e9scsaba, Mariassy utca 73.Email: info [at] babgyaloglo [dot] huPagina web: https:\/\/babgyaloglo.hu Operatorul de date 2 Numele: Paul Rus OvidiuSediul principal: 5600 B\u00e9k\u00e9scsaba, Mariassy utca 73.Adresa po\u0219tal\u0103: 5600 [&hellip;]\" \/>\n<meta property=\"og:url\" content=\"https:\/\/babgyaloglo.hu\/ro\/politica-de-confidentialitate\/\" \/>\n<meta property=\"og:site_name\" content=\"B\u00e1bgyalogl\u00f3\" \/>\n<meta property=\"article:modified_time\" content=\"2023-10-03T13:35:43+00:00\" \/>\n<meta name=\"twitter:card\" content=\"summary_large_image\" \/>\n<meta name=\"twitter:label1\" content=\"Timp estimat pentru citire\" \/>\n\t<meta name=\"twitter:data1\" content=\"9 minute\" \/>\n<script type=\"application\/ld+json\" class=\"yoast-schema-graph\">{\"@context\":\"https:\/\/schema.org\",\"@graph\":[{\"@type\":\"WebPage\",\"@id\":\"https:\/\/babgyaloglo.hu\/ro\/politica-de-confidentialitate\/\",\"url\":\"https:\/\/babgyaloglo.hu\/ro\/politica-de-confidentialitate\/\",\"name\":\"Politica de confiden\u021bialitate - B\u00e1bgyalogl\u00f3\",\"isPartOf\":{\"@id\":\"https:\/\/babgyaloglo.hu\/ro\/#website\"},\"datePublished\":\"2023-08-09T18:16:32+00:00\",\"dateModified\":\"2023-10-03T13:35:43+00:00\",\"breadcrumb\":{\"@id\":\"https:\/\/babgyaloglo.hu\/ro\/politica-de-confidentialitate\/#breadcrumb\"},\"inLanguage\":\"ro-RO\",\"potentialAction\":[{\"@type\":\"ReadAction\",\"target\":[\"https:\/\/babgyaloglo.hu\/ro\/politica-de-confidentialitate\/\"]}]},{\"@type\":\"BreadcrumbList\",\"@id\":\"https:\/\/babgyaloglo.hu\/ro\/politica-de-confidentialitate\/#breadcrumb\",\"itemListElement\":[{\"@type\":\"ListItem\",\"position\":1,\"name\":\"Home\",\"item\":\"https:\/\/babgyaloglo.hu\/ro\/\"},{\"@type\":\"ListItem\",\"position\":2,\"name\":\"Politica de confiden\u021bialitate\"}]},{\"@type\":\"WebSite\",\"@id\":\"https:\/\/babgyaloglo.hu\/ro\/#website\",\"url\":\"https:\/\/babgyaloglo.hu\/ro\/\",\"name\":\"B\u00e1bgyalogl\u00f3\",\"description\":\"Art Village\",\"potentialAction\":[{\"@type\":\"SearchAction\",\"target\":{\"@type\":\"EntryPoint\",\"urlTemplate\":\"https:\/\/babgyaloglo.hu\/ro\/?s={search_term_string}\"},\"query-input\":{\"@type\":\"PropertyValueSpecification\",\"valueRequired\":true,\"valueName\":\"search_term_string\"}}],\"inLanguage\":\"ro-RO\"}]}<\/script>\n<!-- \/ Yoast SEO plugin. -->","yoast_head_json":{"title":"Politica de confiden\u021bialitate - B\u00e1bgyalogl\u00f3","robots":{"index":"index","follow":"follow","max-snippet":"max-snippet:-1","max-image-preview":"max-image-preview:large","max-video-preview":"max-video-preview:-1"},"canonical":"https:\/\/babgyaloglo.hu\/ro\/politica-de-confidentialitate\/","og_locale":"ro_RO","og_type":"article","og_title":"Politica de confiden\u021bialitate - B\u00e1bgyalogl\u00f3","og_description":"Politica de confiden\u021bialitatePublicarea prospectului Aceste informa\u021bii intr\u0103 \u00een vigoare la 15 august 2023. Operatorul de date 1 Numele: Barbara RusSediul principal: 5600 B\u00e9k\u00e9scsaba, Mariassy utca 73.Adresa po\u0219tal\u0103: 5600 B\u00e9k\u00e9scsaba, Mariassy utca 73.Email: info [at] babgyaloglo [dot] huPagina web: https:\/\/babgyaloglo.hu Operatorul de date 2 Numele: Paul Rus OvidiuSediul principal: 5600 B\u00e9k\u00e9scsaba, Mariassy utca 73.Adresa po\u0219tal\u0103: 5600 [&hellip;]","og_url":"https:\/\/babgyaloglo.hu\/ro\/politica-de-confidentialitate\/","og_site_name":"B\u00e1bgyalogl\u00f3","article_modified_time":"2023-10-03T13:35:43+00:00","twitter_card":"summary_large_image","twitter_misc":{"Timp estimat pentru citire":"9 minute"},"schema":{"@context":"https:\/\/schema.org","@graph":[{"@type":"WebPage","@id":"https:\/\/babgyaloglo.hu\/ro\/politica-de-confidentialitate\/","url":"https:\/\/babgyaloglo.hu\/ro\/politica-de-confidentialitate\/","name":"Politica de confiden\u021bialitate - B\u00e1bgyalogl\u00f3","isPartOf":{"@id":"https:\/\/babgyaloglo.hu\/ro\/#website"},"datePublished":"2023-08-09T18:16:32+00:00","dateModified":"2023-10-03T13:35:43+00:00","breadcrumb":{"@id":"https:\/\/babgyaloglo.hu\/ro\/politica-de-confidentialitate\/#breadcrumb"},"inLanguage":"ro-RO","potentialAction":[{"@type":"ReadAction","target":["https:\/\/babgyaloglo.hu\/ro\/politica-de-confidentialitate\/"]}]},{"@type":"BreadcrumbList","@id":"https:\/\/babgyaloglo.hu\/ro\/politica-de-confidentialitate\/#breadcrumb","itemListElement":[{"@type":"ListItem","position":1,"name":"Home","item":"https:\/\/babgyaloglo.hu\/ro\/"},{"@type":"ListItem","position":2,"name":"Politica de confiden\u021bialitate"}]},{"@type":"WebSite","@id":"https:\/\/babgyaloglo.hu\/ro\/#website","url":"https:\/\/babgyaloglo.hu\/ro\/","name":"B\u00e1bgyalogl\u00f3","description":"Art Village","potentialAction":[{"@type":"SearchAction","target":{"@type":"EntryPoint","urlTemplate":"https:\/\/babgyaloglo.hu\/ro\/?s={search_term_string}"},"query-input":{"@type":"PropertyValueSpecification","valueRequired":true,"valueName":"search_term_string"}}],"inLanguage":"ro-RO"}]}},"_links":{"self":[{"href":"https:\/\/babgyaloglo.hu\/ro\/wp-json\/wp\/v2\/pages\/1291","targetHints":{"allow":["GET"]}}],"collection":[{"href":"https:\/\/babgyaloglo.hu\/ro\/wp-json\/wp\/v2\/pages"}],"about":[{"href":"https:\/\/babgyaloglo.hu\/ro\/wp-json\/wp\/v2\/types\/page"}],"author":[{"embeddable":true,"href":"https:\/\/babgyaloglo.hu\/ro\/wp-json\/wp\/v2\/users\/2"}],"replies":[{"embeddable":true,"href":"https:\/\/babgyaloglo.hu\/ro\/wp-json\/wp\/v2\/comments?post=1291"}],"version-history":[{"count":3,"href":"https:\/\/babgyaloglo.hu\/ro\/wp-json\/wp\/v2\/pages\/1291\/revisions"}],"predecessor-version":[{"id":1294,"href":"https:\/\/babgyaloglo.hu\/ro\/wp-json\/wp\/v2\/pages\/1291\/revisions\/1294"}],"wp:attachment":[{"href":"https:\/\/babgyaloglo.hu\/ro\/wp-json\/wp\/v2\/media?parent=1291"}],"curies":[{"name":"wp","href":"https:\/\/api.w.org\/{rel}","templated":true}]}}