{"id":1302,"date":"2023-08-11T11:37:35","date_gmt":"2023-08-11T09:37:35","guid":{"rendered":"https:\/\/babgyaloglo.hu\/feedback\/"},"modified":"2023-10-03T15:48:24","modified_gmt":"2023-10-03T13:48:24","slug":"feedback","status":"publish","type":"page","link":"https:\/\/babgyaloglo.hu\/ro\/feedback\/","title":{"rendered":"Feedback"},"content":{"rendered":"<p>[et_pb_section fb_built=&#8221;1&#8243; custom_padding_last_edited=&#8221;on|phone&#8221; next_background_color=&#8221;#ffffff&#8221; admin_label=&#8221;Hero&#8221; _builder_version=&#8221;4.21.2&#8243; background_enable_color=&#8221;off&#8221; background_image=&#8221;https:\/\/babgyaloglo.hu\/wp-content\/uploads\/2023\/08\/alnyomat4.jpg&#8221; background_enable_pattern_style=&#8221;on&#8221; background_pattern_color=&#8221;rgba(233,215,191,0.69)&#8221; background_pattern_size=&#8221;custom&#8221; background_pattern_width=&#8221;12px&#8221; background_pattern_blend_mode=&#8221;multiply&#8221; overflow-x=&#8221;hidden&#8221; overflow-y=&#8221;hidden&#8221; custom_padding=&#8221;2vw||2vw||true|false&#8221; custom_padding_tablet=&#8221;||120px||false|false&#8221; custom_padding_phone=&#8221;&#8221; bottom_divider_style=&#8221;wave2&#8243; bottom_divider_height=&#8221;130px&#8221; bottom_divider_flip=&#8221;horizontal&#8221; bottom_divider_height_tablet=&#8221;130px&#8221; bottom_divider_height_phone=&#8221;60px&#8221; bottom_divider_height_last_edited=&#8221;on|phone&#8221; background_last_edited=&#8221;on|phone&#8221; background_position_phone=&#8221;center_right&#8221; locked=&#8221;off&#8221; global_colors_info=&#8221;{}&#8221;][et_pb_row use_custom_gutter=&#8221;on&#8221; gutter_width=&#8221;2&#8243; custom_padding_last_edited=&#8221;on|tablet&#8221; padding_top_bottom_link_1=&#8221;true&#8221; padding_left_right_link_1=&#8221;true&#8221; _builder_version=&#8221;4.21.2&#8243; background_enable_color=&#8221;off&#8221; use_background_color_gradient=&#8221;on&#8221; background_color_gradient_direction=&#8221;90deg&#8221; background_color_gradient_stops=&#8221;rgba(255,255,255,0) 1%|rgba(255,255,255,0) 98%&#8221; background_enable_image=&#8221;off&#8221; background_position=&#8221;bottom_center&#8221; max_width=&#8221;1200px&#8221; custom_margin_tablet=&#8221;&#8221; custom_margin_phone=&#8221;46px||-48px||false|false&#8221; custom_margin_last_edited=&#8221;on|phone&#8221; custom_padding=&#8221;|60px||60px|false|true&#8221; custom_padding_tablet=&#8221;|30px||30px|false|true&#8221; custom_padding_phone=&#8221;|20px|7px|20px|false|true&#8221; use_custom_width=&#8221;on&#8221; width_unit=&#8221;off&#8221; custom_width_percent=&#8221;100%&#8221; global_colors_info=&#8221;{}&#8221;][et_pb_column type=&#8221;4_4&#8243; _builder_version=&#8221;4.16&#8243; custom_padding=&#8221;10%||||false|false&#8221; custom_padding_tablet=&#8221;0%||||false|false&#8221; custom_padding_phone=&#8221;&#8221; custom_padding_last_edited=&#8221;on|tablet&#8221; global_colors_info=&#8221;{}&#8221;][et_pb_text _builder_version=&#8221;4.21.2&#8243; header_font=&#8221;||||||||&#8221; header_text_align=&#8221;left&#8221; header_text_color=&#8221;#4A413D&#8221; header_font_size=&#8221;6vw&#8221; header_line_height=&#8221;1.5em&#8221; header_2_font=&#8221;Pacifico||||||||&#8221; header_2_text_color=&#8221;#596c5e&#8221; header_2_font_size=&#8221;3vw&#8221; header_2_line_height=&#8221;1.6em&#8221; max_width_tablet=&#8221;70%&#8221; max_width_last_edited=&#8221;off|phone&#8221; custom_margin=&#8221;-28px||72px||false|false&#8221; custom_margin_tablet=&#8221;||-6px||false|false&#8221; custom_margin_phone=&#8221;-28px||-26px||false|false&#8221; custom_margin_last_edited=&#8221;on|phone&#8221; custom_padding=&#8221;||||false|false&#8221; header_text_align_tablet=&#8221;center&#8221; header_text_align_phone=&#8221;center&#8221; header_text_align_last_edited=&#8221;on|phone&#8221; header_font_size_tablet=&#8221;82px&#8221; header_font_size_phone=&#8221;46px&#8221; header_font_size_last_edited=&#8221;on|phone&#8221; header_2_text_align_tablet=&#8221;center&#8221; header_2_text_align_phone=&#8221;center&#8221; header_2_text_align_last_edited=&#8221;on|phone&#8221; header_2_font_size_tablet=&#8221;40px&#8221; header_2_font_size_phone=&#8221;24px&#8221; header_2_font_size_last_edited=&#8221;on|tablet&#8221; global_colors_info=&#8221;{}&#8221;]<\/p>\n<h1 style=\"text-align: center;\">Feedback<\/h1>\n<h2 style=\"text-align: center;\">Scris despre noi<\/h2>\n<p>[\/et_pb_text][\/et_pb_column][\/et_pb_row][\/et_pb_section][et_pb_section fb_built=&#8221;1&#8243; admin_label=&#8221;About&#8221; _builder_version=&#8221;4.21.2&#8243; background_enable_color=&#8221;off&#8221; background_enable_image=&#8221;off&#8221; background_size=&#8221;initial&#8221; background_position=&#8221;top_center&#8221; overflow-x=&#8221;hidden&#8221; overflow-y=&#8221;hidden&#8221; custom_padding=&#8221;4px|||||&#8221; global_colors_info=&#8221;{}&#8221;][et_pb_row column_structure=&#8221;1_2,1_2&#8243; custom_padding_last_edited=&#8221;on|desktop&#8221; _builder_version=&#8221;4.22.0&#8243; use_background_color_gradient=&#8221;on&#8221; background_color_gradient_stops=&#8221;rgba(255,255,255,0) 0%|#e9d7bf 30%|#f0e4d3 61%|rgba(255,255,255,0) 99%&#8221; background_enable_pattern_style=&#8221;on&#8221; background_pattern_color=&#8221;#ffffff&#8221; background_pattern_size=&#8221;custom&#8221; background_pattern_width=&#8221;13px&#8221; width=&#8221;100%&#8221; custom_margin=&#8221;||||false|false&#8221; custom_margin_tablet=&#8221;||||false|false&#8221; custom_margin_phone=&#8221;|||0px|false|false&#8221; custom_margin_last_edited=&#8221;on|tablet&#8221; custom_padding=&#8221;|20px||20px|false|true&#8221; custom_padding_tablet=&#8221;|20px||20px|false|true&#8221; custom_padding_phone=&#8221;|20px||20px|false|true&#8221; global_colors_info=&#8221;{}&#8221;][et_pb_column type=&#8221;1_2&#8243; _builder_version=&#8221;4.21.2&#8243; global_colors_info=&#8221;{}&#8221;][et_pb_testimonial author=&#8221;Eszter Bir\u00f3&#8221; job_title=&#8221;  designer grafic, ilustrator&#8221; _builder_version=&#8221;4.22.2&#8243; _module_preset=&#8221;default&#8221; position_font=&#8221;||on||||||&#8221; global_colors_info=&#8221;{}&#8221;]<\/p>\n<p><span style=\"font-weight: 400;\">Barbi a creat o lume unic\u0103 \u00een Art Village, pe care a\u0219 prescrie-o oamenilor. Ea a creat o atmosfer\u0103 sigur\u0103 \u0219i hr\u0103nitoare \u00een care este pur \u0219i simplu bine s\u0103 tr\u0103ie\u0219ti: copiii \u0219i adul\u021bii deopotriv\u0103 se pot relaxa, re\u00eenc\u0103rca \u0219i relaxa \u00een mijlocul agita\u021biei \u0219i stresului vie\u021bii de zi cu zi &#8211; iar Paul este o fort\u0103rea\u021b\u0103, care o sus\u021bine \u0219i o \u021bine pe ea \u0219i pe toate acestea. Ei formeaz\u0103 o echip\u0103 minunat\u0103 \u0219i datorez foarte mult celor de la Art Village &#8211; dac\u0103 nu m-ar fi sprijinit a\u0219a cum au f\u0103cut-o, nu a\u0219 fi fost unde sunt ast\u0103zi &#8211; nici profesional, nici ca om. V\u0103 mul\u021bumesc!<\/span><\/p>\n<p>[\/et_pb_testimonial][et_pb_testimonial author=&#8221;Anett Kom\u00e1romi&#8221; job_title=&#8221;actri\u021b\u0103&#8221; _builder_version=&#8221;4.22.2&#8243; _module_preset=&#8221;default&#8221; position_font=&#8221;||on||||||&#8221; global_colors_info=&#8221;{}&#8221;]<\/p>\n<p><span style=\"font-weight: 400;\">Drag\u0103 Barbi! Sunte\u021bi m\u0103rturia vie c\u0103 minunile exist\u0103&#8230;Sunte\u021bi un miracol!!!<\/span><\/p>\n<p>[\/et_pb_testimonial][\/et_pb_column][et_pb_column type=&#8221;1_2&#8243; _builder_version=&#8221;4.21.2&#8243; global_colors_info=&#8221;{}&#8221;][et_pb_testimonial author=&#8221;Erika Zeleny\u00e1nszki&#8221; job_title=&#8221;o mam\u0103 drag\u0103 din Art Village&#8221; _builder_version=&#8221;4.22.2&#8243; _module_preset=&#8221;default&#8221; position_font=&#8221;||on||||||&#8221; global_colors_info=&#8221;{}&#8221;]<\/p>\n<p><span style=\"font-weight: 400;\">Drag\u0103 Barbi! Am citit povestea de mai multe ori, mai \u00eent\u00e2i cu voce tare, \u00eempreun\u0103 cu Andorka. Ar fi trebuit s\u0103 vede\u021bi z\u00e2mbetul de pe fa\u021ba lui c\u00e2nd am \u00eenceput s\u0103 o citim. La sf\u00e2r\u0219it, l-am rugat s\u0103-mi spun\u0103 despre ce este vorba. Mi-a povestit despre spiridu\u0219i \u0219i despre ce s-a \u00eent\u00e2mplat, pe scurt, dar foarte exact. Eu, pe de alt\u0103 parte, puteam vedea \u00een spatele ei, foarte mult. Descrii foarte bine via\u021ba real\u0103 \u00een aceast\u0103 lume de basm, se vede clar cine sunt spiridu\u0219ii, ce \u00eenseamn\u0103 valizele, visele \u00eendr\u0103zne\u021be, c\u0103l\u0103toria \u00een sine, \u00eendr\u0103zneala&#8230; totul d\u0103 de g\u00e2ndit, cu siguran\u021b\u0103 voi reflecta mult mai mult asupra ei. Pentru cei mari, acest basm \u00eenseamn\u0103 cu totul altceva dec\u00e2t pentru copii. Le poate da oamenilor bolnavi un sentiment de speran\u021b\u0103, puterea de a suporta povara, pentru c\u0103 pot rezista. O recomand din toat\u0103 inima tuturor celor care se str\u0103duiesc, dar \u0219i celor care nu se str\u0103duiesc, pentru c\u0103 de multe ori gen\u021bile u\u0219oare zboar\u0103 \u0219i deodat\u0103 ne trezim c\u0103 purt\u0103m valize grele.  <\/span><\/p>\n<p>[\/et_pb_testimonial][\/et_pb_column][\/et_pb_row][et_pb_row _builder_version=&#8221;4.22.0&#8243; _module_preset=&#8221;default&#8221; global_colors_info=&#8221;{}&#8221;][et_pb_column type=&#8221;4_4&#8243; _builder_version=&#8221;4.22.0&#8243; _module_preset=&#8221;default&#8221; global_colors_info=&#8221;{}&#8221;][et_pb_image src=&#8221;https:\/\/babgyaloglo.hu\/wp-content\/uploads\/2023\/08\/web-logo-figura.jpg&#8221; title_text=&#8221;babgyaloglo_logo_final&#8221; align=&#8221;center&#8221; _builder_version=&#8221;4.22.0&#8243; _module_preset=&#8221;default&#8221; width=&#8221;13vw&#8221; width_tablet=&#8221;43%&#8221; width_phone=&#8221;59%&#8221; width_last_edited=&#8221;on|phone&#8221; custom_margin=&#8221;-32px||-32px||true|false&#8221; custom_margin_tablet=&#8221;-55px||-44px||false|false&#8221; custom_margin_phone=&#8221;-64px||||false|false&#8221; custom_margin_last_edited=&#8221;on|desktop&#8221; animation_style=&#8221;roll&#8221; animation_delay=&#8221;150ms&#8221; animation_intensity_roll=&#8221;6%&#8221; global_colors_info=&#8221;{}&#8221;][\/et_pb_image][\/et_pb_column][\/et_pb_row][et_pb_row _builder_version=&#8221;4.22.0&#8243; _module_preset=&#8221;default&#8221; use_background_color_gradient=&#8221;on&#8221; background_color_gradient_stops=&#8221;rgba(255,255,255,0) 1%|#e9d7bf 49%|rgba(255,255,255,0) 100%&#8221; background_enable_pattern_style=&#8221;on&#8221; background_pattern_color=&#8221;#ffffff&#8221; background_pattern_size=&#8221;custom&#8221; background_pattern_width=&#8221;13px&#8221; global_colors_info=&#8221;{}&#8221;][et_pb_column type=&#8221;4_4&#8243; _builder_version=&#8221;4.22.0&#8243; _module_preset=&#8221;default&#8221; global_colors_info=&#8221;{}&#8221;][et_pb_testimonial author=&#8221;S\u00e1ra Guly\u00e1s&#8221; job_title=&#8221;elev al Satului de Art\u0103 al P\u0103pu\u0219ilor Umbl\u0103tori&#8221; _builder_version=&#8221;4.22.2&#8243; _module_preset=&#8221;default&#8221; position_font=&#8221;||on||||||&#8221; width=&#8221;84%&#8221; module_alignment=&#8221;center&#8221; global_colors_info=&#8221;{}&#8221;]<\/p>\n<p><span style=\"font-weight: 400;\">Am cunoscut-o pe Nan Barbi la \u0218coala Waldorf c\u00e2nd eram \u00een anul trei. Am sim\u021bit imediat c\u0103 ceea ce avea s\u0103 ne ofere nou\u0103, copiilor, era ceva foarte special \u0219i foarte diferit. Am sim\u021bit c\u0103, \u00een calitate de adult, a \u00een\u021beles acea lume de basm \u00een care \u00eemi pl\u0103cea s\u0103 m\u0103 aventurez c\u00e2nd aveam 10 ani. Apoi, c\u00e2nd am intrat pentru prima dat\u0103 \u00een sat, am fost imediat fermecat de lumea minunat\u0103 pe care am v\u0103zut-o acolo. Dup\u0103 aceea, mi-am petrecut toate vacan\u021bele de var\u0103 \u0219i dup\u0103-amiezile de miercuri \u00een satul arti\u0219tilor, p\u00e2n\u0103 c\u00e2nd am crescut. A devenit a doua mea cas\u0103 \u0219i a doua mea familie. Acele experien\u021be pe care le-am tr\u0103it acolo, al\u0103turi de ceilal\u021bi copii din Satul de Art\u0103, sau cum ne spunem noi, &#8222;s\u0103tenii&#8221;, au devenit cele mai frumoase momente ale copil\u0103riei mele. Acolo am dob\u00e2ndit o bun\u0103 parte din valorile mele morale actuale \u0219i \u00eencrederea \u00een sine pentru a crea. M\u0103tu\u0219a Barbi mi-a oferit o funda\u021bie \u0219i un fundal suficient de sigur pentru a-mi deschide aripile, pentru a evolua \u0219i pentru a m\u0103 putea ar\u0103ta lumii. Ea m-a \u00eencurajat mereu, a crezut \u00een mine, iar f\u0103r\u0103 asta, simt c\u0103 nu a\u0219 fi reu\u0219it s\u0103 reu\u0219esc \u00een lumea adul\u021bilor. M\u0103tu\u0219a Barbi va fi \u00eentotdeauna un exemplu \u0219i o prieten\u0103 de poveste pentru mine. Iar Art Village este un loc \u00een care pot g\u0103si \u00eentotdeauna lini\u0219te, \u00een\u021belegere, prieteni vechi \u0219i afec\u021biune. \u00cei sunt foarte-foarte recunosc\u0103toare pentru c\u0103 m-a f\u0103cut s\u0103 o cunosc \u0219i pentru c\u0103 mi-a oferit o copil\u0103rie at\u00e2t de frumoas\u0103 \u00een sat.<\/span><\/p>\n<p>[\/et_pb_testimonial][et_pb_testimonial author=&#8221;Greta Perei&#8221; job_title=&#8221;o perl\u0103&#8221; _builder_version=&#8221;4.22.2&#8243; _module_preset=&#8221;default&#8221; position_font=&#8221;||on||||||&#8221; width=&#8221;84%&#8221; module_alignment=&#8221;center&#8221; global_colors_info=&#8221;{}&#8221;]<\/p>\n<p><span style=\"font-weight: 400;\">\u0218i ce \u00eenseamn\u0103 pentru mine Satul Arti\u0219tilor? Trecutul meu, prezentul \u0219i viitorul meu. Barbi \u0219i cu mine am fost adu\u0219i \u00eempreun\u0103 de z\u00e2ne acum mai bine de 10 ani. M-am \u00eentors la ea ca spectator, apoi ca mic elf instructor de yoga, apoi ca femeie \u00eens\u0103rcinat\u0103, apoi ca mam\u0103. Acolo, \u00een fort\u0103rea\u021ba care a prins via\u021b\u0103 pentru prima dat\u0103 \u00een propria cas\u0103, iar mai t\u00e2rziu a crescut \u0219i a devenit un Art Village. Este amuzant s\u0103 m\u0103 g\u00e2ndesc la faptul c\u0103, \u00een diferite etape ale vie\u021bii mele \u0219i \u00een diferite calit\u0103\u021bi ale fiin\u021bei mele, am reu\u0219it s\u0103 fac parte din ceea ce ea a d\u0103ruit \u0219i continu\u0103 s\u0103 d\u0103ruiasc\u0103 p\u00e2n\u0103 \u00een ziua de azi. Nu este altceva dec\u00e2t existen\u021ba pa\u0219nic\u0103, echilibrat\u0103. S\u0103 fii \u00een prezent. S\u0103 fii \u00een prezentul fericit. Acesta este poate cel mai greu lucru din via\u021ba de azi, s\u0103 fii prezent, dar am reu\u0219it s\u0103 o fac, \u00eentotdeauna. E\u0219ti vr\u0103jit de momentul \u00een care intri pe u\u0219\u0103 \u0219i vezi primul spiridu\u0219, de felul \u00een care z\u00e2nele at\u00e2rn\u0103 peste tot, de felul \u00een care melcii se t\u00e2r\u0103sc \u0219i z\u00e2nele \u00ee\u021bi z\u00e2mbesc \u0219i apoi, deodat\u0103, sim\u021bi mirosul de lavand\u0103. Este ca o oaz\u0103 magnific\u0103 \u00een de\u0219ert, dup\u0103 care toat\u0103 lumea t\u00e2nje\u0219te, \u0219i sufletul \u00eensetat al fiec\u0103ruia s-ar sc\u0103lda \u00een aceast\u0103 ap\u0103. Sunt nespus de recunosc\u0103tor c\u0103 m\u0103 pot bucura s\u0103 \u00eenot \u00een aceast\u0103 existen\u021b\u0103 timp de mul\u021bi, mul\u021bi ani, \u00een acest nor de iubire, atunci c\u00e2nd sunt acolo. \u00cei doresc \u00eenc\u0103 mul\u021bi ani acestui regat de z\u00e2ne, pentru ca mai mul\u021bi copii \u0219i adul\u021bi, mari \u0219i mici, s\u0103 poat\u0103 continua s\u0103 experimenteze ceea ce este greu de descris \u00een cuvinte: o fiin\u021b\u0103 plin\u0103 de bucurie.<\/span><\/p>\n<p>[\/et_pb_testimonial][\/et_pb_column][\/et_pb_row][\/et_pb_section][et_pb_section fb_built=&#8221;1&#8243; admin_label=&#8221;gal\u00e9ria&#8221; module_id=&#8221;galerie&#8221; _builder_version=&#8221;4.22.2&#8243; _module_preset=&#8221;default&#8221; custom_padding=&#8221;14px||24px|||&#8221; hover_enabled=&#8221;0&#8243; saved_tabs=&#8221;all&#8221; global_colors_info=&#8221;{}&#8221; sticky_enabled=&#8221;0&#8243;][et_pb_row _builder_version=&#8221;4.21.2&#8243; _module_preset=&#8221;default&#8221; global_colors_info=&#8221;{}&#8221;][et_pb_column type=&#8221;4_4&#8243; _builder_version=&#8221;4.21.2&#8243; _module_preset=&#8221;default&#8221; global_colors_info=&#8221;{}&#8221;][et_pb_divider color=&#8221;rgba(135,71,115,0.77)&#8221; divider_weight=&#8221;15px&#8221; _builder_version=&#8221;4.21.2&#8243; _module_preset=&#8221;default&#8221; width=&#8221;20%&#8221; width_tablet=&#8221;20%&#8221; width_phone=&#8221;46%&#8221; width_last_edited=&#8221;on|tablet&#8221; module_alignment=&#8221;center&#8221; custom_margin=&#8221;||51px|||&#8221; global_colors_info=&#8221;{}&#8221;][\/et_pb_divider][et_pb_text module_id=&#8221;gallery&#8221; _builder_version=&#8221;4.21.2&#8243; _module_preset=&#8221;default&#8221; header_text_align=&#8221;center&#8221; header_font_size=&#8221;63px&#8221; custom_padding=&#8221;||22px|||&#8221; header_font_size_tablet=&#8221;50px&#8221; header_font_size_phone=&#8221;40px&#8221; header_font_size_last_edited=&#8221;on|phone&#8221; global_colors_info=&#8221;{}&#8221;]<\/p>\n<h1>Galerie<\/h1>\n<p>[\/et_pb_text][\/et_pb_column][\/et_pb_row][et_pb_row _builder_version=&#8221;4.22.0&#8243; _module_preset=&#8221;default&#8221; width=&#8221;54%&#8221; width_tablet=&#8221;79%&#8221; width_phone=&#8221;100%&#8221; width_last_edited=&#8221;on|phone&#8221; module_alignment=&#8221;center&#8221; custom_padding=&#8221;2px||4px|||&#8221; global_colors_info=&#8221;{}&#8221;][et_pb_column type=&#8221;4_4&#8243; _builder_version=&#8221;4.21.2&#8243; _module_preset=&#8221;default&#8221; global_colors_info=&#8221;{}&#8221;][et_pb_gallery gallery_ids=&#8221;276,270,280,114,115,119,273,308,309,310,311,312,313,314,315,316,317,318,319,320,321,322,323,324,325&#8243; gallery_orderby=&#8221;rand&#8221; fullwidth=&#8221;on&#8221; _builder_version=&#8221;4.22.0&#8243; _module_preset=&#8221;default&#8221; module_alignment=&#8221;center&#8221; animation_style=&#8221;slide&#8221; animation_direction=&#8221;top&#8221; animation_delay=&#8221;100ms&#8221; animation_intensity_slide=&#8221;5%&#8221; global_colors_info=&#8221;{}&#8221;][\/et_pb_gallery][\/et_pb_column][\/et_pb_row][\/et_pb_section]<\/p>\n","protected":false},"excerpt":{"rendered":"<p>Feedback Scris despre noiBarbi a creat o lume unic\u0103 \u00een Art Village, pe care a\u0219 prescrie-o oamenilor. Ea a creat o atmosfer\u0103 sigur\u0103 \u0219i hr\u0103nitoare \u00een care este pur \u0219i simplu bine s\u0103 tr\u0103ie\u0219ti: copiii \u0219i adul\u021bii deopotriv\u0103 se pot relaxa, re\u00eenc\u0103rca \u0219i relaxa \u00een mijlocul agita\u021biei \u0219i stresului vie\u021bii de zi cu zi &#8211; [&hellip;]<\/p>\n","protected":false},"author":2,"featured_media":0,"parent":0,"menu_order":0,"comment_status":"closed","ping_status":"closed","template":"","meta":{"_et_pb_use_builder":"on","_et_pb_old_content":"","_et_gb_content_width":"","footnotes":""},"class_list":["post-1302","page","type-page","status-publish","hentry"],"yoast_head":"<!-- This site is optimized with the Yoast SEO plugin v26.8 - https:\/\/yoast.com\/product\/yoast-seo-wordpress\/ -->\n<title>Feedback - B\u00e1bgyalogl\u00f3<\/title>\n<meta name=\"robots\" content=\"index, follow, max-snippet:-1, max-image-preview:large, max-video-preview:-1\" \/>\n<link rel=\"canonical\" href=\"https:\/\/babgyaloglo.hu\/ro\/feedback\/\" \/>\n<meta property=\"og:locale\" content=\"ro_RO\" \/>\n<meta property=\"og:type\" content=\"article\" \/>\n<meta property=\"og:title\" content=\"Feedback - B\u00e1bgyalogl\u00f3\" \/>\n<meta property=\"og:description\" content=\"Feedback Scris despre noiBarbi a creat o lume unic\u0103 \u00een Art Village, pe care a\u0219 prescrie-o oamenilor. Ea a creat o atmosfer\u0103 sigur\u0103 \u0219i hr\u0103nitoare \u00een care este pur \u0219i simplu bine s\u0103 tr\u0103ie\u0219ti: copiii \u0219i adul\u021bii deopotriv\u0103 se pot relaxa, re\u00eenc\u0103rca \u0219i relaxa \u00een mijlocul agita\u021biei \u0219i stresului vie\u021bii de zi cu zi - [&hellip;]\" \/>\n<meta property=\"og:url\" content=\"https:\/\/babgyaloglo.hu\/ro\/feedback\/\" \/>\n<meta property=\"og:site_name\" content=\"B\u00e1bgyalogl\u00f3\" \/>\n<meta property=\"article:modified_time\" content=\"2023-10-03T13:48:24+00:00\" \/>\n<meta name=\"twitter:card\" content=\"summary_large_image\" \/>\n<meta name=\"twitter:label1\" content=\"Timp estimat pentru citire\" \/>\n\t<meta name=\"twitter:data1\" content=\"10 minute\" \/>\n<script type=\"application\/ld+json\" class=\"yoast-schema-graph\">{\"@context\":\"https:\/\/schema.org\",\"@graph\":[{\"@type\":\"WebPage\",\"@id\":\"https:\/\/babgyaloglo.hu\/ro\/feedback\/\",\"url\":\"https:\/\/babgyaloglo.hu\/ro\/feedback\/\",\"name\":\"Feedback - B\u00e1bgyalogl\u00f3\",\"isPartOf\":{\"@id\":\"https:\/\/babgyaloglo.hu\/ro\/#website\"},\"datePublished\":\"2023-08-11T09:37:35+00:00\",\"dateModified\":\"2023-10-03T13:48:24+00:00\",\"breadcrumb\":{\"@id\":\"https:\/\/babgyaloglo.hu\/ro\/feedback\/#breadcrumb\"},\"inLanguage\":\"ro-RO\",\"potentialAction\":[{\"@type\":\"ReadAction\",\"target\":[\"https:\/\/babgyaloglo.hu\/ro\/feedback\/\"]}]},{\"@type\":\"BreadcrumbList\",\"@id\":\"https:\/\/babgyaloglo.hu\/ro\/feedback\/#breadcrumb\",\"itemListElement\":[{\"@type\":\"ListItem\",\"position\":1,\"name\":\"Home\",\"item\":\"https:\/\/babgyaloglo.hu\/ro\/\"},{\"@type\":\"ListItem\",\"position\":2,\"name\":\"Feedback\"}]},{\"@type\":\"WebSite\",\"@id\":\"https:\/\/babgyaloglo.hu\/ro\/#website\",\"url\":\"https:\/\/babgyaloglo.hu\/ro\/\",\"name\":\"B\u00e1bgyalogl\u00f3\",\"description\":\"Art Village\",\"potentialAction\":[{\"@type\":\"SearchAction\",\"target\":{\"@type\":\"EntryPoint\",\"urlTemplate\":\"https:\/\/babgyaloglo.hu\/ro\/?s={search_term_string}\"},\"query-input\":{\"@type\":\"PropertyValueSpecification\",\"valueRequired\":true,\"valueName\":\"search_term_string\"}}],\"inLanguage\":\"ro-RO\"}]}<\/script>\n<!-- \/ Yoast SEO plugin. -->","yoast_head_json":{"title":"Feedback - B\u00e1bgyalogl\u00f3","robots":{"index":"index","follow":"follow","max-snippet":"max-snippet:-1","max-image-preview":"max-image-preview:large","max-video-preview":"max-video-preview:-1"},"canonical":"https:\/\/babgyaloglo.hu\/ro\/feedback\/","og_locale":"ro_RO","og_type":"article","og_title":"Feedback - B\u00e1bgyalogl\u00f3","og_description":"Feedback Scris despre noiBarbi a creat o lume unic\u0103 \u00een Art Village, pe care a\u0219 prescrie-o oamenilor. Ea a creat o atmosfer\u0103 sigur\u0103 \u0219i hr\u0103nitoare \u00een care este pur \u0219i simplu bine s\u0103 tr\u0103ie\u0219ti: copiii \u0219i adul\u021bii deopotriv\u0103 se pot relaxa, re\u00eenc\u0103rca \u0219i relaxa \u00een mijlocul agita\u021biei \u0219i stresului vie\u021bii de zi cu zi - [&hellip;]","og_url":"https:\/\/babgyaloglo.hu\/ro\/feedback\/","og_site_name":"B\u00e1bgyalogl\u00f3","article_modified_time":"2023-10-03T13:48:24+00:00","twitter_card":"summary_large_image","twitter_misc":{"Timp estimat pentru citire":"10 minute"},"schema":{"@context":"https:\/\/schema.org","@graph":[{"@type":"WebPage","@id":"https:\/\/babgyaloglo.hu\/ro\/feedback\/","url":"https:\/\/babgyaloglo.hu\/ro\/feedback\/","name":"Feedback - B\u00e1bgyalogl\u00f3","isPartOf":{"@id":"https:\/\/babgyaloglo.hu\/ro\/#website"},"datePublished":"2023-08-11T09:37:35+00:00","dateModified":"2023-10-03T13:48:24+00:00","breadcrumb":{"@id":"https:\/\/babgyaloglo.hu\/ro\/feedback\/#breadcrumb"},"inLanguage":"ro-RO","potentialAction":[{"@type":"ReadAction","target":["https:\/\/babgyaloglo.hu\/ro\/feedback\/"]}]},{"@type":"BreadcrumbList","@id":"https:\/\/babgyaloglo.hu\/ro\/feedback\/#breadcrumb","itemListElement":[{"@type":"ListItem","position":1,"name":"Home","item":"https:\/\/babgyaloglo.hu\/ro\/"},{"@type":"ListItem","position":2,"name":"Feedback"}]},{"@type":"WebSite","@id":"https:\/\/babgyaloglo.hu\/ro\/#website","url":"https:\/\/babgyaloglo.hu\/ro\/","name":"B\u00e1bgyalogl\u00f3","description":"Art Village","potentialAction":[{"@type":"SearchAction","target":{"@type":"EntryPoint","urlTemplate":"https:\/\/babgyaloglo.hu\/ro\/?s={search_term_string}"},"query-input":{"@type":"PropertyValueSpecification","valueRequired":true,"valueName":"search_term_string"}}],"inLanguage":"ro-RO"}]}},"_links":{"self":[{"href":"https:\/\/babgyaloglo.hu\/ro\/wp-json\/wp\/v2\/pages\/1302","targetHints":{"allow":["GET"]}}],"collection":[{"href":"https:\/\/babgyaloglo.hu\/ro\/wp-json\/wp\/v2\/pages"}],"about":[{"href":"https:\/\/babgyaloglo.hu\/ro\/wp-json\/wp\/v2\/types\/page"}],"author":[{"embeddable":true,"href":"https:\/\/babgyaloglo.hu\/ro\/wp-json\/wp\/v2\/users\/2"}],"replies":[{"embeddable":true,"href":"https:\/\/babgyaloglo.hu\/ro\/wp-json\/wp\/v2\/comments?post=1302"}],"version-history":[{"count":4,"href":"https:\/\/babgyaloglo.hu\/ro\/wp-json\/wp\/v2\/pages\/1302\/revisions"}],"predecessor-version":[{"id":1354,"href":"https:\/\/babgyaloglo.hu\/ro\/wp-json\/wp\/v2\/pages\/1302\/revisions\/1354"}],"wp:attachment":[{"href":"https:\/\/babgyaloglo.hu\/ro\/wp-json\/wp\/v2\/media?parent=1302"}],"curies":[{"name":"wp","href":"https:\/\/api.w.org\/{rel}","templated":true}]}}