{"id":1371,"date":"2023-08-09T17:06:07","date_gmt":"2023-08-09T15:06:07","guid":{"rendered":"https:\/\/babgyaloglo.hu\/product\/humbuk-bukhum-carte-terapeutica\/"},"modified":"2023-10-05T13:26:48","modified_gmt":"2023-10-05T11:26:48","slug":"humbuk-bukhum-carte","status":"publish","type":"product","link":"https:\/\/babgyaloglo.hu\/ro\/produs\/humbuk-bukhum-carte\/","title":{"rendered":"Humbuk &amp; Bukhum &#8211; carte terapeutic\u0103"},"content":{"rendered":"<p>Dup\u0103 un lung &#8222;vis&#8221;, care a fost poate cel mai frumos vis, s-a n\u0103scut un mic miracol. Ceea ce au visat aceste dou\u0103 suflete este ceea ce vom dezv\u0103lui ast\u0103zi, prezent\u00e2ndu-l unui public corect \u0219i interesat. S-a n\u0103scut o carte de pove\u0219ti terapeutic\u0103, intitulat\u0103 Humbuk \u0219i Bukhum, ilustrat\u0103 de Est\u00ed Bir\u00f3 cu inim\u0103, suflet \u0219i devotament profund.<\/p>\n<p><strong>Dimensiunea c\u0103r\u021bii: 19&#215;19 cm<\/strong><br \/>\n<strong>Num\u0103r de pagini: 36<\/strong><\/p>\n","protected":false},"excerpt":{"rendered":"<p>Carte de pove\u0219ti terapeutice cu ilustra\u021bii uimitoare pentru copii \u0219i adul\u021bi.<\/p>\n","protected":false},"featured_media":976,"template":"","meta":{"_et_pb_use_builder":"","_et_pb_old_content":"","_et_gb_content_width":""},"product_brand":[],"product_cat":[103],"product_tag":[86,87,84,85],"class_list":{"0":"post-1371","1":"product","2":"type-product","3":"status-publish","4":"has-post-thumbnail","6":"product_cat-carte","7":"product_tag-basm","8":"product_tag-calea-terapeutica","9":"product_tag-carte","10":"product_tag-pentru-copii","12":"first","13":"instock","14":"taxable","15":"shipping-taxable","16":"purchasable","17":"product-type-simple"},"yoast_head":"<!-- This site is optimized with the Yoast SEO plugin v26.8 - https:\/\/yoast.com\/product\/yoast-seo-wordpress\/ -->\n<title>Humbuk &amp; Bukhum - carte terapeutic\u0103 - B\u00e1bgyalogl\u00f3<\/title>\n<meta name=\"robots\" content=\"index, follow, max-snippet:-1, max-image-preview:large, max-video-preview:-1\" \/>\n<link rel=\"canonical\" href=\"https:\/\/babgyaloglo.hu\/ro\/produs\/humbuk-bukhum-carte\/\" \/>\n<meta property=\"og:locale\" content=\"ro_RO\" \/>\n<meta property=\"og:type\" content=\"article\" \/>\n<meta property=\"og:title\" content=\"Humbuk &amp; Bukhum - carte terapeutic\u0103 - B\u00e1bgyalogl\u00f3\" \/>\n<meta property=\"og:description\" content=\"Carte de pove\u0219ti terapeutice cu ilustra\u021bii uimitoare pentru copii \u0219i adul\u021bi.\" \/>\n<meta property=\"og:url\" content=\"https:\/\/babgyaloglo.hu\/ro\/produs\/humbuk-bukhum-carte\/\" \/>\n<meta property=\"og:site_name\" content=\"B\u00e1bgyalogl\u00f3\" \/>\n<meta property=\"article:modified_time\" content=\"2023-10-05T11:26:48+00:00\" \/>\n<meta property=\"og:image\" content=\"https:\/\/babgyaloglo.hu\/wp-content\/uploads\/2023\/08\/konyv11.jpg\" \/>\n\t<meta property=\"og:image:width\" content=\"670\" \/>\n\t<meta property=\"og:image:height\" content=\"670\" \/>\n\t<meta property=\"og:image:type\" content=\"image\/jpeg\" \/>\n<meta name=\"twitter:card\" content=\"summary_large_image\" \/>\n<meta name=\"twitter:label1\" content=\"Timp estimat pentru citire\" \/>\n\t<meta name=\"twitter:data1\" content=\"1 minut\" \/>\n<script type=\"application\/ld+json\" class=\"yoast-schema-graph\">{\"@context\":\"https:\/\/schema.org\",\"@graph\":[{\"@type\":\"WebPage\",\"@id\":\"https:\/\/babgyaloglo.hu\/ro\/produs\/humbuk-bukhum-carte\/\",\"url\":\"https:\/\/babgyaloglo.hu\/ro\/produs\/humbuk-bukhum-carte\/\",\"name\":\"Humbuk &amp; Bukhum - carte terapeutic\u0103 - B\u00e1bgyalogl\u00f3\",\"isPartOf\":{\"@id\":\"https:\/\/babgyaloglo.hu\/ro\/#website\"},\"primaryImageOfPage\":{\"@id\":\"https:\/\/babgyaloglo.hu\/ro\/produs\/humbuk-bukhum-carte\/#primaryimage\"},\"image\":{\"@id\":\"https:\/\/babgyaloglo.hu\/ro\/produs\/humbuk-bukhum-carte\/#primaryimage\"},\"thumbnailUrl\":\"https:\/\/babgyaloglo.hu\/wp-content\/uploads\/2023\/08\/konyv11.jpg\",\"datePublished\":\"2023-08-09T15:06:07+00:00\",\"dateModified\":\"2023-10-05T11:26:48+00:00\",\"breadcrumb\":{\"@id\":\"https:\/\/babgyaloglo.hu\/ro\/produs\/humbuk-bukhum-carte\/#breadcrumb\"},\"inLanguage\":\"ro-RO\",\"potentialAction\":[{\"@type\":\"ReadAction\",\"target\":[\"https:\/\/babgyaloglo.hu\/ro\/produs\/humbuk-bukhum-carte\/\"]}]},{\"@type\":\"ImageObject\",\"inLanguage\":\"ro-RO\",\"@id\":\"https:\/\/babgyaloglo.hu\/ro\/produs\/humbuk-bukhum-carte\/#primaryimage\",\"url\":\"https:\/\/babgyaloglo.hu\/wp-content\/uploads\/2023\/08\/konyv11.jpg\",\"contentUrl\":\"https:\/\/babgyaloglo.hu\/wp-content\/uploads\/2023\/08\/konyv11.jpg\",\"width\":670,\"height\":670},{\"@type\":\"BreadcrumbList\",\"@id\":\"https:\/\/babgyaloglo.hu\/ro\/produs\/humbuk-bukhum-carte\/#breadcrumb\",\"itemListElement\":[{\"@type\":\"ListItem\",\"position\":1,\"name\":\"Home\",\"item\":\"https:\/\/babgyaloglo.hu\/ro\/\"},{\"@type\":\"ListItem\",\"position\":2,\"name\":\"Webshop\",\"item\":\"https:\/\/babgyaloglo.hu\/webshop\/\"},{\"@type\":\"ListItem\",\"position\":3,\"name\":\"Humbuk &amp; Bukhum &#8211; carte terapeutic\u0103\"}]},{\"@type\":\"WebSite\",\"@id\":\"https:\/\/babgyaloglo.hu\/ro\/#website\",\"url\":\"https:\/\/babgyaloglo.hu\/ro\/\",\"name\":\"B\u00e1bgyalogl\u00f3\",\"description\":\"Art Village\",\"potentialAction\":[{\"@type\":\"SearchAction\",\"target\":{\"@type\":\"EntryPoint\",\"urlTemplate\":\"https:\/\/babgyaloglo.hu\/ro\/?s={search_term_string}\"},\"query-input\":{\"@type\":\"PropertyValueSpecification\",\"valueRequired\":true,\"valueName\":\"search_term_string\"}}],\"inLanguage\":\"ro-RO\"}]}<\/script>\n<!-- \/ Yoast SEO plugin. -->","yoast_head_json":{"title":"Humbuk &amp; Bukhum - carte terapeutic\u0103 - B\u00e1bgyalogl\u00f3","robots":{"index":"index","follow":"follow","max-snippet":"max-snippet:-1","max-image-preview":"max-image-preview:large","max-video-preview":"max-video-preview:-1"},"canonical":"https:\/\/babgyaloglo.hu\/ro\/produs\/humbuk-bukhum-carte\/","og_locale":"ro_RO","og_type":"article","og_title":"Humbuk &amp; Bukhum - carte terapeutic\u0103 - B\u00e1bgyalogl\u00f3","og_description":"Carte de pove\u0219ti terapeutice cu ilustra\u021bii uimitoare pentru copii \u0219i adul\u021bi.","og_url":"https:\/\/babgyaloglo.hu\/ro\/produs\/humbuk-bukhum-carte\/","og_site_name":"B\u00e1bgyalogl\u00f3","article_modified_time":"2023-10-05T11:26:48+00:00","og_image":[{"width":670,"height":670,"url":"https:\/\/babgyaloglo.hu\/wp-content\/uploads\/2023\/08\/konyv11.jpg","type":"image\/jpeg"}],"twitter_card":"summary_large_image","twitter_misc":{"Timp estimat pentru citire":"1 minut"},"schema":{"@context":"https:\/\/schema.org","@graph":[{"@type":"WebPage","@id":"https:\/\/babgyaloglo.hu\/ro\/produs\/humbuk-bukhum-carte\/","url":"https:\/\/babgyaloglo.hu\/ro\/produs\/humbuk-bukhum-carte\/","name":"Humbuk &amp; Bukhum - carte terapeutic\u0103 - B\u00e1bgyalogl\u00f3","isPartOf":{"@id":"https:\/\/babgyaloglo.hu\/ro\/#website"},"primaryImageOfPage":{"@id":"https:\/\/babgyaloglo.hu\/ro\/produs\/humbuk-bukhum-carte\/#primaryimage"},"image":{"@id":"https:\/\/babgyaloglo.hu\/ro\/produs\/humbuk-bukhum-carte\/#primaryimage"},"thumbnailUrl":"https:\/\/babgyaloglo.hu\/wp-content\/uploads\/2023\/08\/konyv11.jpg","datePublished":"2023-08-09T15:06:07+00:00","dateModified":"2023-10-05T11:26:48+00:00","breadcrumb":{"@id":"https:\/\/babgyaloglo.hu\/ro\/produs\/humbuk-bukhum-carte\/#breadcrumb"},"inLanguage":"ro-RO","potentialAction":[{"@type":"ReadAction","target":["https:\/\/babgyaloglo.hu\/ro\/produs\/humbuk-bukhum-carte\/"]}]},{"@type":"ImageObject","inLanguage":"ro-RO","@id":"https:\/\/babgyaloglo.hu\/ro\/produs\/humbuk-bukhum-carte\/#primaryimage","url":"https:\/\/babgyaloglo.hu\/wp-content\/uploads\/2023\/08\/konyv11.jpg","contentUrl":"https:\/\/babgyaloglo.hu\/wp-content\/uploads\/2023\/08\/konyv11.jpg","width":670,"height":670},{"@type":"BreadcrumbList","@id":"https:\/\/babgyaloglo.hu\/ro\/produs\/humbuk-bukhum-carte\/#breadcrumb","itemListElement":[{"@type":"ListItem","position":1,"name":"Home","item":"https:\/\/babgyaloglo.hu\/ro\/"},{"@type":"ListItem","position":2,"name":"Webshop","item":"https:\/\/babgyaloglo.hu\/webshop\/"},{"@type":"ListItem","position":3,"name":"Humbuk &amp; Bukhum &#8211; carte terapeutic\u0103"}]},{"@type":"WebSite","@id":"https:\/\/babgyaloglo.hu\/ro\/#website","url":"https:\/\/babgyaloglo.hu\/ro\/","name":"B\u00e1bgyalogl\u00f3","description":"Art Village","potentialAction":[{"@type":"SearchAction","target":{"@type":"EntryPoint","urlTemplate":"https:\/\/babgyaloglo.hu\/ro\/?s={search_term_string}"},"query-input":{"@type":"PropertyValueSpecification","valueRequired":true,"valueName":"search_term_string"}}],"inLanguage":"ro-RO"}]}},"_links":{"self":[{"href":"https:\/\/babgyaloglo.hu\/ro\/wp-json\/wp\/v2\/product\/1371","targetHints":{"allow":["GET"]}}],"collection":[{"href":"https:\/\/babgyaloglo.hu\/ro\/wp-json\/wp\/v2\/product"}],"about":[{"href":"https:\/\/babgyaloglo.hu\/ro\/wp-json\/wp\/v2\/types\/product"}],"wp:featuredmedia":[{"embeddable":true,"href":"https:\/\/babgyaloglo.hu\/ro\/wp-json\/wp\/v2\/media\/976"}],"wp:attachment":[{"href":"https:\/\/babgyaloglo.hu\/ro\/wp-json\/wp\/v2\/media?parent=1371"}],"wp:term":[{"taxonomy":"product_brand","embeddable":true,"href":"https:\/\/babgyaloglo.hu\/ro\/wp-json\/wp\/v2\/product_brand?post=1371"},{"taxonomy":"product_cat","embeddable":true,"href":"https:\/\/babgyaloglo.hu\/ro\/wp-json\/wp\/v2\/product_cat?post=1371"},{"taxonomy":"product_tag","embeddable":true,"href":"https:\/\/babgyaloglo.hu\/ro\/wp-json\/wp\/v2\/product_tag?post=1371"}],"curies":[{"name":"wp","href":"https:\/\/api.w.org\/{rel}","templated":true}]}}