{"id":1419,"date":"2023-10-03T17:57:25","date_gmt":"2023-10-03T15:57:25","guid":{"rendered":"https:\/\/babgyaloglo.hu\/product\/sacul-magic-al-soricelului\/"},"modified":"2023-10-05T13:23:45","modified_gmt":"2023-10-05T11:23:45","slug":"mouse-magic-sack","status":"publish","type":"product","link":"https:\/\/babgyaloglo.hu\/ro\/produs\/mouse-magic-sack\/","title":{"rendered":"Sacul magic al \u0219oricelului."},"content":{"rendered":"<p><span style=\"font-weight: 400;\">Sac din bumbac cu un design unic. <\/span><\/p>\n<p><span style=\"font-weight: 400;\">Detalii despre produs: <\/span><span style=\"font-weight: 400;\">100% bumbac<\/span><\/p>\n<p><span style=\"font-weight: 400;\">&#8211; Dimensiune: 32.5 cm x 37.5 cm<\/span><\/p>\n<p><span style=\"font-weight: 400;\">Grafic\u0103 realizat\u0103 de Eszter Bir\u00f3, grafician \u0219i ilustrator<\/span><\/p>\n","protected":false},"excerpt":{"rendered":"<p><span style=\"font-weight: 400;\">Sac din bumbac cu un design unic. <\/span><\/p>\n<p><span style=\"font-weight: 400;\">Detalii despre produs: <\/span><span style=\"font-weight: 400;\">100% bumbac<\/span><\/p>\n<p><span style=\"font-weight: 400;\">&#8211; Dimensiune: 32.5 cm x 37.5 cm<\/span><\/p>\n<p><span style=\"font-weight: 400;\">Grafic\u0103 realizat\u0103 de Eszter Bir\u00f3, grafician \u0219i ilustrator<\/span><\/p>\n","protected":false},"featured_media":1612,"template":"","meta":{"_et_pb_use_builder":"","_et_pb_old_content":"","_et_gb_content_width":""},"product_brand":[],"product_cat":[102],"product_tag":[],"class_list":{"0":"post-1419","1":"product","2":"type-product","3":"status-publish","4":"has-post-thumbnail","6":"product_cat-genti-si-saci","8":"first","9":"instock","10":"taxable","11":"shipping-taxable","12":"purchasable","13":"product-type-simple"},"yoast_head":"<!-- This site is optimized with the Yoast SEO plugin v26.8 - https:\/\/yoast.com\/product\/yoast-seo-wordpress\/ -->\n<title>Sacul magic al \u0219oricelului. - B\u00e1bgyalogl\u00f3<\/title>\n<meta name=\"robots\" content=\"index, follow, max-snippet:-1, max-image-preview:large, max-video-preview:-1\" \/>\n<link rel=\"canonical\" href=\"https:\/\/babgyaloglo.hu\/ro\/produs\/mouse-magic-sack\/\" \/>\n<meta property=\"og:locale\" content=\"ro_RO\" \/>\n<meta property=\"og:type\" content=\"article\" \/>\n<meta property=\"og:title\" content=\"Sacul magic al \u0219oricelului. - B\u00e1bgyalogl\u00f3\" \/>\n<meta property=\"og:description\" content=\"Sac din bumbac cu un design unic.  Detalii despre produs: 100% bumbac - Dimensiune: 32.5 cm x 37.5 cm Grafic\u0103 realizat\u0103 de Eszter Bir\u00f3, grafician \u0219i ilustrator\" \/>\n<meta property=\"og:url\" content=\"https:\/\/babgyaloglo.hu\/ro\/produs\/mouse-magic-sack\/\" \/>\n<meta property=\"og:site_name\" content=\"B\u00e1bgyalogl\u00f3\" \/>\n<meta property=\"article:modified_time\" content=\"2023-10-05T11:23:45+00:00\" \/>\n<meta property=\"og:image\" content=\"https:\/\/babgyaloglo.hu\/wp-content\/uploads\/2023\/10\/Egeres-zsak-.jpg\" \/>\n\t<meta property=\"og:image:width\" content=\"1000\" \/>\n\t<meta property=\"og:image:height\" content=\"1000\" \/>\n\t<meta property=\"og:image:type\" content=\"image\/jpeg\" \/>\n<meta name=\"twitter:card\" content=\"summary_large_image\" \/>\n<meta name=\"twitter:label1\" content=\"Timp estimat pentru citire\" \/>\n\t<meta name=\"twitter:data1\" content=\"1 minut\" \/>\n<script type=\"application\/ld+json\" class=\"yoast-schema-graph\">{\"@context\":\"https:\/\/schema.org\",\"@graph\":[{\"@type\":\"WebPage\",\"@id\":\"https:\/\/babgyaloglo.hu\/ro\/produs\/mouse-magic-sack\/\",\"url\":\"https:\/\/babgyaloglo.hu\/ro\/produs\/mouse-magic-sack\/\",\"name\":\"Sacul magic al \u0219oricelului. - B\u00e1bgyalogl\u00f3\",\"isPartOf\":{\"@id\":\"https:\/\/babgyaloglo.hu\/ro\/#website\"},\"primaryImageOfPage\":{\"@id\":\"https:\/\/babgyaloglo.hu\/ro\/produs\/mouse-magic-sack\/#primaryimage\"},\"image\":{\"@id\":\"https:\/\/babgyaloglo.hu\/ro\/produs\/mouse-magic-sack\/#primaryimage\"},\"thumbnailUrl\":\"https:\/\/babgyaloglo.hu\/wp-content\/uploads\/2023\/10\/bezs-zsak.jpg\",\"datePublished\":\"2023-10-03T15:57:25+00:00\",\"dateModified\":\"2023-10-05T11:23:45+00:00\",\"breadcrumb\":{\"@id\":\"https:\/\/babgyaloglo.hu\/ro\/produs\/mouse-magic-sack\/#breadcrumb\"},\"inLanguage\":\"ro-RO\",\"potentialAction\":[{\"@type\":\"ReadAction\",\"target\":[\"https:\/\/babgyaloglo.hu\/ro\/produs\/mouse-magic-sack\/\"]}]},{\"@type\":\"ImageObject\",\"inLanguage\":\"ro-RO\",\"@id\":\"https:\/\/babgyaloglo.hu\/ro\/produs\/mouse-magic-sack\/#primaryimage\",\"url\":\"https:\/\/babgyaloglo.hu\/wp-content\/uploads\/2023\/10\/bezs-zsak.jpg\",\"contentUrl\":\"https:\/\/babgyaloglo.hu\/wp-content\/uploads\/2023\/10\/bezs-zsak.jpg\",\"width\":1024,\"height\":1024},{\"@type\":\"BreadcrumbList\",\"@id\":\"https:\/\/babgyaloglo.hu\/ro\/produs\/mouse-magic-sack\/#breadcrumb\",\"itemListElement\":[{\"@type\":\"ListItem\",\"position\":1,\"name\":\"Home\",\"item\":\"https:\/\/babgyaloglo.hu\/ro\/\"},{\"@type\":\"ListItem\",\"position\":2,\"name\":\"Webshop\",\"item\":\"https:\/\/babgyaloglo.hu\/webshop\/\"},{\"@type\":\"ListItem\",\"position\":3,\"name\":\"Sacul magic al \u0219oricelului\"}]},{\"@type\":\"WebSite\",\"@id\":\"https:\/\/babgyaloglo.hu\/ro\/#website\",\"url\":\"https:\/\/babgyaloglo.hu\/ro\/\",\"name\":\"B\u00e1bgyalogl\u00f3\",\"description\":\"Art Village\",\"potentialAction\":[{\"@type\":\"SearchAction\",\"target\":{\"@type\":\"EntryPoint\",\"urlTemplate\":\"https:\/\/babgyaloglo.hu\/ro\/?s={search_term_string}\"},\"query-input\":{\"@type\":\"PropertyValueSpecification\",\"valueRequired\":true,\"valueName\":\"search_term_string\"}}],\"inLanguage\":\"ro-RO\"}]}<\/script>\n<!-- \/ Yoast SEO plugin. -->","yoast_head_json":{"title":"Sacul magic al \u0219oricelului. - B\u00e1bgyalogl\u00f3","robots":{"index":"index","follow":"follow","max-snippet":"max-snippet:-1","max-image-preview":"max-image-preview:large","max-video-preview":"max-video-preview:-1"},"canonical":"https:\/\/babgyaloglo.hu\/ro\/produs\/mouse-magic-sack\/","og_locale":"ro_RO","og_type":"article","og_title":"Sacul magic al \u0219oricelului. - B\u00e1bgyalogl\u00f3","og_description":"Sac din bumbac cu un design unic.  Detalii despre produs: 100% bumbac - Dimensiune: 32.5 cm x 37.5 cm Grafic\u0103 realizat\u0103 de Eszter Bir\u00f3, grafician \u0219i ilustrator","og_url":"https:\/\/babgyaloglo.hu\/ro\/produs\/mouse-magic-sack\/","og_site_name":"B\u00e1bgyalogl\u00f3","article_modified_time":"2023-10-05T11:23:45+00:00","og_image":[{"width":1000,"height":1000,"url":"https:\/\/babgyaloglo.hu\/wp-content\/uploads\/2023\/10\/Egeres-zsak-.jpg","type":"image\/jpeg"}],"twitter_card":"summary_large_image","twitter_misc":{"Timp estimat pentru citire":"1 minut"},"schema":{"@context":"https:\/\/schema.org","@graph":[{"@type":"WebPage","@id":"https:\/\/babgyaloglo.hu\/ro\/produs\/mouse-magic-sack\/","url":"https:\/\/babgyaloglo.hu\/ro\/produs\/mouse-magic-sack\/","name":"Sacul magic al \u0219oricelului. - B\u00e1bgyalogl\u00f3","isPartOf":{"@id":"https:\/\/babgyaloglo.hu\/ro\/#website"},"primaryImageOfPage":{"@id":"https:\/\/babgyaloglo.hu\/ro\/produs\/mouse-magic-sack\/#primaryimage"},"image":{"@id":"https:\/\/babgyaloglo.hu\/ro\/produs\/mouse-magic-sack\/#primaryimage"},"thumbnailUrl":"https:\/\/babgyaloglo.hu\/wp-content\/uploads\/2023\/10\/bezs-zsak.jpg","datePublished":"2023-10-03T15:57:25+00:00","dateModified":"2023-10-05T11:23:45+00:00","breadcrumb":{"@id":"https:\/\/babgyaloglo.hu\/ro\/produs\/mouse-magic-sack\/#breadcrumb"},"inLanguage":"ro-RO","potentialAction":[{"@type":"ReadAction","target":["https:\/\/babgyaloglo.hu\/ro\/produs\/mouse-magic-sack\/"]}]},{"@type":"ImageObject","inLanguage":"ro-RO","@id":"https:\/\/babgyaloglo.hu\/ro\/produs\/mouse-magic-sack\/#primaryimage","url":"https:\/\/babgyaloglo.hu\/wp-content\/uploads\/2023\/10\/bezs-zsak.jpg","contentUrl":"https:\/\/babgyaloglo.hu\/wp-content\/uploads\/2023\/10\/bezs-zsak.jpg","width":1024,"height":1024},{"@type":"BreadcrumbList","@id":"https:\/\/babgyaloglo.hu\/ro\/produs\/mouse-magic-sack\/#breadcrumb","itemListElement":[{"@type":"ListItem","position":1,"name":"Home","item":"https:\/\/babgyaloglo.hu\/ro\/"},{"@type":"ListItem","position":2,"name":"Webshop","item":"https:\/\/babgyaloglo.hu\/webshop\/"},{"@type":"ListItem","position":3,"name":"Sacul magic al \u0219oricelului"}]},{"@type":"WebSite","@id":"https:\/\/babgyaloglo.hu\/ro\/#website","url":"https:\/\/babgyaloglo.hu\/ro\/","name":"B\u00e1bgyalogl\u00f3","description":"Art Village","potentialAction":[{"@type":"SearchAction","target":{"@type":"EntryPoint","urlTemplate":"https:\/\/babgyaloglo.hu\/ro\/?s={search_term_string}"},"query-input":{"@type":"PropertyValueSpecification","valueRequired":true,"valueName":"search_term_string"}}],"inLanguage":"ro-RO"}]}},"_links":{"self":[{"href":"https:\/\/babgyaloglo.hu\/ro\/wp-json\/wp\/v2\/product\/1419","targetHints":{"allow":["GET"]}}],"collection":[{"href":"https:\/\/babgyaloglo.hu\/ro\/wp-json\/wp\/v2\/product"}],"about":[{"href":"https:\/\/babgyaloglo.hu\/ro\/wp-json\/wp\/v2\/types\/product"}],"wp:featuredmedia":[{"embeddable":true,"href":"https:\/\/babgyaloglo.hu\/ro\/wp-json\/wp\/v2\/media\/1612"}],"wp:attachment":[{"href":"https:\/\/babgyaloglo.hu\/ro\/wp-json\/wp\/v2\/media?parent=1419"}],"wp:term":[{"taxonomy":"product_brand","embeddable":true,"href":"https:\/\/babgyaloglo.hu\/ro\/wp-json\/wp\/v2\/product_brand?post=1419"},{"taxonomy":"product_cat","embeddable":true,"href":"https:\/\/babgyaloglo.hu\/ro\/wp-json\/wp\/v2\/product_cat?post=1419"},{"taxonomy":"product_tag","embeddable":true,"href":"https:\/\/babgyaloglo.hu\/ro\/wp-json\/wp\/v2\/product_tag?post=1419"}],"curies":[{"name":"wp","href":"https:\/\/api.w.org\/{rel}","templated":true}]}}