{"id":1455,"date":"2023-10-05T11:53:19","date_gmt":"2023-10-05T09:53:19","guid":{"rendered":"https:\/\/babgyaloglo.hu\/product\/bagheta-magica\/"},"modified":"2023-10-05T11:53:19","modified_gmt":"2023-10-05T09:53:19","slug":"bagheta-magica","status":"publish","type":"product","link":"https:\/\/babgyaloglo.hu\/ro\/produs\/bagheta-magica\/","title":{"rendered":"Baghet\u0103 magic\u0103"},"content":{"rendered":"<p><span style=\"font-weight: 400;\">Baghet\u0103 magic\u0103 realizat\u0103 manual, brodat\u0103 \u00een mod unic.  <\/span><\/p>\n<p><span style=\"font-weight: 400;\">Detalii despre produs:<\/span><span style=\"font-weight: 400;\">&#8211; p\u00e2sl\u0103 de l\u00e2n\u0103<\/span><\/p>\n<p><span style=\"font-weight: 400;\">&#8211; Dimensiune: 50 cm lungime<\/span><\/p>\n<p><span style=\"font-weight: 400;\">Baghetele sunt concepute \u0219i realizate de Barbara Rus.<\/span><\/p>\n","protected":false},"excerpt":{"rendered":"<p><span style=\"font-weight: 400;\">Baghet\u0103 magic\u0103 realizat\u0103 manual, brodat\u0103 \u00een mod unic.  <\/span><\/p>\n<p><span style=\"font-weight: 400;\">Detalii despre produs:<\/span><span style=\"font-weight: 400;\">&#8211; p\u00e2sl\u0103 de l\u00e2n\u0103<\/span><\/p>\n<p><span style=\"font-weight: 400;\">&#8211; Dimensiune: 50 cm lungime<\/span><\/p>\n<p><span style=\"font-weight: 400;\">Baghetele sunt concepute \u0219i realizate de Barbara Rus.<\/span><\/p>\n","protected":false},"featured_media":1627,"template":"","meta":{"_et_pb_use_builder":"","_et_pb_old_content":"","_et_gb_content_width":""},"product_brand":[],"product_cat":[106],"product_tag":[],"class_list":{"0":"post-1455","1":"product","2":"type-product","3":"status-publish","4":"has-post-thumbnail","6":"product_cat-jucarie","8":"first","9":"instock","10":"taxable","11":"shipping-taxable","12":"purchasable","13":"product-type-simple"},"yoast_head":"<!-- This site is optimized with the Yoast SEO plugin v26.8 - https:\/\/yoast.com\/product\/yoast-seo-wordpress\/ -->\n<title>Baghet\u0103 magic\u0103 - B\u00e1bgyalogl\u00f3<\/title>\n<meta name=\"robots\" content=\"index, follow, max-snippet:-1, max-image-preview:large, max-video-preview:-1\" \/>\n<link rel=\"canonical\" href=\"https:\/\/babgyaloglo.hu\/ro\/produs\/bagheta-magica\/\" \/>\n<meta property=\"og:locale\" content=\"ro_RO\" \/>\n<meta property=\"og:type\" content=\"article\" \/>\n<meta property=\"og:title\" content=\"Baghet\u0103 magic\u0103 - B\u00e1bgyalogl\u00f3\" \/>\n<meta property=\"og:description\" content=\"Baghet\u0103 magic\u0103 realizat\u0103 manual, brodat\u0103 \u00een mod unic.  Detalii despre produs:- p\u00e2sl\u0103 de l\u00e2n\u0103 - Dimensiune: 50 cm lungime Baghetele sunt concepute \u0219i realizate de Barbara Rus.\" \/>\n<meta property=\"og:url\" content=\"https:\/\/babgyaloglo.hu\/ro\/produs\/bagheta-magica\/\" \/>\n<meta property=\"og:site_name\" content=\"B\u00e1bgyalogl\u00f3\" \/>\n<meta property=\"og:image\" content=\"https:\/\/babgyaloglo.hu\/wp-content\/uploads\/2023\/10\/palca.jpg\" \/>\n\t<meta property=\"og:image:width\" content=\"1024\" \/>\n\t<meta property=\"og:image:height\" content=\"1024\" \/>\n\t<meta property=\"og:image:type\" content=\"image\/jpeg\" \/>\n<meta name=\"twitter:card\" content=\"summary_large_image\" \/>\n<script type=\"application\/ld+json\" class=\"yoast-schema-graph\">{\"@context\":\"https:\/\/schema.org\",\"@graph\":[{\"@type\":\"WebPage\",\"@id\":\"https:\/\/babgyaloglo.hu\/ro\/produs\/bagheta-magica\/\",\"url\":\"https:\/\/babgyaloglo.hu\/ro\/produs\/bagheta-magica\/\",\"name\":\"Baghet\u0103 magic\u0103 - B\u00e1bgyalogl\u00f3\",\"isPartOf\":{\"@id\":\"https:\/\/babgyaloglo.hu\/ro\/#website\"},\"primaryImageOfPage\":{\"@id\":\"https:\/\/babgyaloglo.hu\/ro\/produs\/bagheta-magica\/#primaryimage\"},\"image\":{\"@id\":\"https:\/\/babgyaloglo.hu\/ro\/produs\/bagheta-magica\/#primaryimage\"},\"thumbnailUrl\":\"https:\/\/babgyaloglo.hu\/wp-content\/uploads\/2023\/10\/palca.jpg\",\"datePublished\":\"2023-10-05T09:53:19+00:00\",\"breadcrumb\":{\"@id\":\"https:\/\/babgyaloglo.hu\/ro\/produs\/bagheta-magica\/#breadcrumb\"},\"inLanguage\":\"ro-RO\",\"potentialAction\":[{\"@type\":\"ReadAction\",\"target\":[\"https:\/\/babgyaloglo.hu\/ro\/produs\/bagheta-magica\/\"]}]},{\"@type\":\"ImageObject\",\"inLanguage\":\"ro-RO\",\"@id\":\"https:\/\/babgyaloglo.hu\/ro\/produs\/bagheta-magica\/#primaryimage\",\"url\":\"https:\/\/babgyaloglo.hu\/wp-content\/uploads\/2023\/10\/palca.jpg\",\"contentUrl\":\"https:\/\/babgyaloglo.hu\/wp-content\/uploads\/2023\/10\/palca.jpg\",\"width\":1024,\"height\":1024},{\"@type\":\"BreadcrumbList\",\"@id\":\"https:\/\/babgyaloglo.hu\/ro\/produs\/bagheta-magica\/#breadcrumb\",\"itemListElement\":[{\"@type\":\"ListItem\",\"position\":1,\"name\":\"Home\",\"item\":\"https:\/\/babgyaloglo.hu\/ro\/\"},{\"@type\":\"ListItem\",\"position\":2,\"name\":\"Webshop\",\"item\":\"https:\/\/babgyaloglo.hu\/webshop\/\"},{\"@type\":\"ListItem\",\"position\":3,\"name\":\"Baghet\u0103 magic\u0103\"}]},{\"@type\":\"WebSite\",\"@id\":\"https:\/\/babgyaloglo.hu\/ro\/#website\",\"url\":\"https:\/\/babgyaloglo.hu\/ro\/\",\"name\":\"B\u00e1bgyalogl\u00f3\",\"description\":\"Art Village\",\"potentialAction\":[{\"@type\":\"SearchAction\",\"target\":{\"@type\":\"EntryPoint\",\"urlTemplate\":\"https:\/\/babgyaloglo.hu\/ro\/?s={search_term_string}\"},\"query-input\":{\"@type\":\"PropertyValueSpecification\",\"valueRequired\":true,\"valueName\":\"search_term_string\"}}],\"inLanguage\":\"ro-RO\"}]}<\/script>\n<!-- \/ Yoast SEO plugin. -->","yoast_head_json":{"title":"Baghet\u0103 magic\u0103 - B\u00e1bgyalogl\u00f3","robots":{"index":"index","follow":"follow","max-snippet":"max-snippet:-1","max-image-preview":"max-image-preview:large","max-video-preview":"max-video-preview:-1"},"canonical":"https:\/\/babgyaloglo.hu\/ro\/produs\/bagheta-magica\/","og_locale":"ro_RO","og_type":"article","og_title":"Baghet\u0103 magic\u0103 - B\u00e1bgyalogl\u00f3","og_description":"Baghet\u0103 magic\u0103 realizat\u0103 manual, brodat\u0103 \u00een mod unic.  Detalii despre produs:- p\u00e2sl\u0103 de l\u00e2n\u0103 - Dimensiune: 50 cm lungime Baghetele sunt concepute \u0219i realizate de Barbara Rus.","og_url":"https:\/\/babgyaloglo.hu\/ro\/produs\/bagheta-magica\/","og_site_name":"B\u00e1bgyalogl\u00f3","og_image":[{"width":1024,"height":1024,"url":"https:\/\/babgyaloglo.hu\/wp-content\/uploads\/2023\/10\/palca.jpg","type":"image\/jpeg"}],"twitter_card":"summary_large_image","schema":{"@context":"https:\/\/schema.org","@graph":[{"@type":"WebPage","@id":"https:\/\/babgyaloglo.hu\/ro\/produs\/bagheta-magica\/","url":"https:\/\/babgyaloglo.hu\/ro\/produs\/bagheta-magica\/","name":"Baghet\u0103 magic\u0103 - B\u00e1bgyalogl\u00f3","isPartOf":{"@id":"https:\/\/babgyaloglo.hu\/ro\/#website"},"primaryImageOfPage":{"@id":"https:\/\/babgyaloglo.hu\/ro\/produs\/bagheta-magica\/#primaryimage"},"image":{"@id":"https:\/\/babgyaloglo.hu\/ro\/produs\/bagheta-magica\/#primaryimage"},"thumbnailUrl":"https:\/\/babgyaloglo.hu\/wp-content\/uploads\/2023\/10\/palca.jpg","datePublished":"2023-10-05T09:53:19+00:00","breadcrumb":{"@id":"https:\/\/babgyaloglo.hu\/ro\/produs\/bagheta-magica\/#breadcrumb"},"inLanguage":"ro-RO","potentialAction":[{"@type":"ReadAction","target":["https:\/\/babgyaloglo.hu\/ro\/produs\/bagheta-magica\/"]}]},{"@type":"ImageObject","inLanguage":"ro-RO","@id":"https:\/\/babgyaloglo.hu\/ro\/produs\/bagheta-magica\/#primaryimage","url":"https:\/\/babgyaloglo.hu\/wp-content\/uploads\/2023\/10\/palca.jpg","contentUrl":"https:\/\/babgyaloglo.hu\/wp-content\/uploads\/2023\/10\/palca.jpg","width":1024,"height":1024},{"@type":"BreadcrumbList","@id":"https:\/\/babgyaloglo.hu\/ro\/produs\/bagheta-magica\/#breadcrumb","itemListElement":[{"@type":"ListItem","position":1,"name":"Home","item":"https:\/\/babgyaloglo.hu\/ro\/"},{"@type":"ListItem","position":2,"name":"Webshop","item":"https:\/\/babgyaloglo.hu\/webshop\/"},{"@type":"ListItem","position":3,"name":"Baghet\u0103 magic\u0103"}]},{"@type":"WebSite","@id":"https:\/\/babgyaloglo.hu\/ro\/#website","url":"https:\/\/babgyaloglo.hu\/ro\/","name":"B\u00e1bgyalogl\u00f3","description":"Art Village","potentialAction":[{"@type":"SearchAction","target":{"@type":"EntryPoint","urlTemplate":"https:\/\/babgyaloglo.hu\/ro\/?s={search_term_string}"},"query-input":{"@type":"PropertyValueSpecification","valueRequired":true,"valueName":"search_term_string"}}],"inLanguage":"ro-RO"}]}},"_links":{"self":[{"href":"https:\/\/babgyaloglo.hu\/ro\/wp-json\/wp\/v2\/product\/1455","targetHints":{"allow":["GET"]}}],"collection":[{"href":"https:\/\/babgyaloglo.hu\/ro\/wp-json\/wp\/v2\/product"}],"about":[{"href":"https:\/\/babgyaloglo.hu\/ro\/wp-json\/wp\/v2\/types\/product"}],"wp:featuredmedia":[{"embeddable":true,"href":"https:\/\/babgyaloglo.hu\/ro\/wp-json\/wp\/v2\/media\/1627"}],"wp:attachment":[{"href":"https:\/\/babgyaloglo.hu\/ro\/wp-json\/wp\/v2\/media?parent=1455"}],"wp:term":[{"taxonomy":"product_brand","embeddable":true,"href":"https:\/\/babgyaloglo.hu\/ro\/wp-json\/wp\/v2\/product_brand?post=1455"},{"taxonomy":"product_cat","embeddable":true,"href":"https:\/\/babgyaloglo.hu\/ro\/wp-json\/wp\/v2\/product_cat?post=1455"},{"taxonomy":"product_tag","embeddable":true,"href":"https:\/\/babgyaloglo.hu\/ro\/wp-json\/wp\/v2\/product_tag?post=1455"}],"curies":[{"name":"wp","href":"https:\/\/api.w.org\/{rel}","templated":true}]}}