{"id":1461,"date":"2023-10-05T12:05:02","date_gmt":"2023-10-05T10:05:02","guid":{"rendered":"https:\/\/babgyaloglo.hu\/product\/carti-postale-humbuk-si-bukhum\/"},"modified":"2023-10-05T12:47:37","modified_gmt":"2023-10-05T10:47:37","slug":"humbuk-and-bukhum-postcards","status":"publish","type":"product","link":"https:\/\/babgyaloglo.hu\/ro\/produs\/humbuk-and-bukhum-postcards\/","title":{"rendered":"Humbuk \u0219i Bukhum c\u0103r\u021bi po\u0219tale, tatuaj, autocolant"},"content":{"rendered":"<p>Acest pachet se bazeaz\u0103 pe povestea lui Humbuk \u0219i Bukhum. Include 3 c\u0103r\u021bi po\u0219tale cu scenele preferate, 1 foaie de colec\u021bie de autocolante din plastic cu model negru \u0219i 1 foaie de colec\u021bie de tatuaje temporare lavabile, prietenoase cu pielea.<\/p>\n<p>Dimensiunea celor 3 c\u0103r\u021bi po\u0219tale: A6 &#8211; 148&#215;105 mm<br \/>\n1 foaie de autocolante dimensiune colec\u021bie: A6 &#8211; 148&#215;105 mm<br \/>\nDimensiunea unei foi de tatuaje: A6 &#8211; 148&#215;105 mm<\/p>\n<p>Grafica este realizat\u0103 de Eszter Bir\u00f3, grafician \u0219i ilustrator.<\/p>\n<p>Utilizarea tatuajelor:<br \/>\n\u00cenainte de utilizare, t\u0103ia\u021bi \u00een jurul desenului, apoi cur\u0103\u021ba\u021bi zona de piele pe care o aplica\u021bi cu ap\u0103 cu s\u0103pun. Desprinde\u021bi folia de plastic de pe model \u0219i pune\u021bi-l pe suprafa\u021ba curat\u0103 a pielii, cu h\u00e2rtia \u00een sus \u0219i cu partea lipicioas\u0103 \u00een contact cu pielea. Apoi umezi\u021bi h\u00e2rtia, a\u0219tepta\u021bi pu\u021bin p\u00e2n\u0103 c\u00e2nd aceasta alunec\u0103 sau se desprinde de pe prob\u0103. A\u021bi terminat.<\/p>\n","protected":false},"excerpt":{"rendered":"<p>Acest pachet se bazeaz\u0103 pe povestea lui Humbuk \u0219i Bukhum. Include 3 c\u0103r\u021bi po\u0219tale cu scenele preferate, 1 foaie de colec\u021bie de autocolante din plastic cu model negru \u0219i 1 foaie de colec\u021bie de tatuaje temporare lavabile, prietenoase cu pielea.<\/p>\n","protected":false},"featured_media":1582,"template":"","meta":{"_et_pb_use_builder":"","_et_pb_old_content":"","_et_gb_content_width":""},"product_brand":[],"product_cat":[105,104,106],"product_tag":[],"class_list":{"0":"post-1461","1":"product","2":"type-product","3":"status-publish","4":"has-post-thumbnail","6":"product_cat-carti-postale","7":"product_cat-decor","8":"product_cat-jucarie","10":"first","11":"instock","12":"taxable","13":"shipping-taxable","14":"purchasable","15":"product-type-simple"},"yoast_head":"<!-- This site is optimized with the Yoast SEO plugin v26.8 - https:\/\/yoast.com\/product\/yoast-seo-wordpress\/ -->\n<title>Humbuk \u0219i Bukhum c\u0103r\u021bi po\u0219tale, tatuaj, autocolant - B\u00e1bgyalogl\u00f3<\/title>\n<meta name=\"robots\" content=\"index, follow, max-snippet:-1, max-image-preview:large, max-video-preview:-1\" \/>\n<link rel=\"canonical\" href=\"https:\/\/babgyaloglo.hu\/ro\/produs\/humbuk-and-bukhum-postcards\/\" \/>\n<meta property=\"og:locale\" content=\"ro_RO\" \/>\n<meta property=\"og:type\" content=\"article\" \/>\n<meta property=\"og:title\" content=\"Humbuk \u0219i Bukhum c\u0103r\u021bi po\u0219tale, tatuaj, autocolant - B\u00e1bgyalogl\u00f3\" \/>\n<meta property=\"og:description\" content=\"Acest pachet se bazeaz\u0103 pe povestea lui Humbuk \u0219i Bukhum. Include 3 c\u0103r\u021bi po\u0219tale cu scenele preferate, 1 foaie de colec\u021bie de autocolante din plastic cu model negru \u0219i 1 foaie de colec\u021bie de tatuaje temporare lavabile, prietenoase cu pielea.\" \/>\n<meta property=\"og:url\" content=\"https:\/\/babgyaloglo.hu\/ro\/produs\/humbuk-and-bukhum-postcards\/\" \/>\n<meta property=\"og:site_name\" content=\"B\u00e1bgyalogl\u00f3\" \/>\n<meta property=\"article:modified_time\" content=\"2023-10-05T10:47:37+00:00\" \/>\n<meta property=\"og:image\" content=\"https:\/\/babgyaloglo.hu\/wp-content\/uploads\/2023\/10\/matricacsomag.jpg\" \/>\n\t<meta property=\"og:image:width\" content=\"1024\" \/>\n\t<meta property=\"og:image:height\" content=\"1024\" \/>\n\t<meta property=\"og:image:type\" content=\"image\/jpeg\" \/>\n<meta name=\"twitter:card\" content=\"summary_large_image\" \/>\n<meta name=\"twitter:label1\" content=\"Timp estimat pentru citire\" \/>\n\t<meta name=\"twitter:data1\" content=\"1 minut\" \/>\n<script type=\"application\/ld+json\" class=\"yoast-schema-graph\">{\"@context\":\"https:\/\/schema.org\",\"@graph\":[{\"@type\":\"WebPage\",\"@id\":\"https:\/\/babgyaloglo.hu\/ro\/produs\/humbuk-and-bukhum-postcards\/\",\"url\":\"https:\/\/babgyaloglo.hu\/ro\/produs\/humbuk-and-bukhum-postcards\/\",\"name\":\"Humbuk \u0219i Bukhum c\u0103r\u021bi po\u0219tale, tatuaj, autocolant - B\u00e1bgyalogl\u00f3\",\"isPartOf\":{\"@id\":\"https:\/\/babgyaloglo.hu\/ro\/#website\"},\"primaryImageOfPage\":{\"@id\":\"https:\/\/babgyaloglo.hu\/ro\/produs\/humbuk-and-bukhum-postcards\/#primaryimage\"},\"image\":{\"@id\":\"https:\/\/babgyaloglo.hu\/ro\/produs\/humbuk-and-bukhum-postcards\/#primaryimage\"},\"thumbnailUrl\":\"https:\/\/babgyaloglo.hu\/wp-content\/uploads\/2023\/10\/matricacsomag.jpg\",\"datePublished\":\"2023-10-05T10:05:02+00:00\",\"dateModified\":\"2023-10-05T10:47:37+00:00\",\"breadcrumb\":{\"@id\":\"https:\/\/babgyaloglo.hu\/ro\/produs\/humbuk-and-bukhum-postcards\/#breadcrumb\"},\"inLanguage\":\"ro-RO\",\"potentialAction\":[{\"@type\":\"ReadAction\",\"target\":[\"https:\/\/babgyaloglo.hu\/ro\/produs\/humbuk-and-bukhum-postcards\/\"]}]},{\"@type\":\"ImageObject\",\"inLanguage\":\"ro-RO\",\"@id\":\"https:\/\/babgyaloglo.hu\/ro\/produs\/humbuk-and-bukhum-postcards\/#primaryimage\",\"url\":\"https:\/\/babgyaloglo.hu\/wp-content\/uploads\/2023\/10\/matricacsomag.jpg\",\"contentUrl\":\"https:\/\/babgyaloglo.hu\/wp-content\/uploads\/2023\/10\/matricacsomag.jpg\",\"width\":1024,\"height\":1024},{\"@type\":\"BreadcrumbList\",\"@id\":\"https:\/\/babgyaloglo.hu\/ro\/produs\/humbuk-and-bukhum-postcards\/#breadcrumb\",\"itemListElement\":[{\"@type\":\"ListItem\",\"position\":1,\"name\":\"Home\",\"item\":\"https:\/\/babgyaloglo.hu\/ro\/\"},{\"@type\":\"ListItem\",\"position\":2,\"name\":\"Webshop\",\"item\":\"https:\/\/babgyaloglo.hu\/webshop\/\"},{\"@type\":\"ListItem\",\"position\":3,\"name\":\"Humbuk \u0219i Bukhum c\u0103r\u021bi po\u0219tale, tatuaj, autocolant\"}]},{\"@type\":\"WebSite\",\"@id\":\"https:\/\/babgyaloglo.hu\/ro\/#website\",\"url\":\"https:\/\/babgyaloglo.hu\/ro\/\",\"name\":\"B\u00e1bgyalogl\u00f3\",\"description\":\"Art Village\",\"potentialAction\":[{\"@type\":\"SearchAction\",\"target\":{\"@type\":\"EntryPoint\",\"urlTemplate\":\"https:\/\/babgyaloglo.hu\/ro\/?s={search_term_string}\"},\"query-input\":{\"@type\":\"PropertyValueSpecification\",\"valueRequired\":true,\"valueName\":\"search_term_string\"}}],\"inLanguage\":\"ro-RO\"}]}<\/script>\n<!-- \/ Yoast SEO plugin. -->","yoast_head_json":{"title":"Humbuk \u0219i Bukhum c\u0103r\u021bi po\u0219tale, tatuaj, autocolant - B\u00e1bgyalogl\u00f3","robots":{"index":"index","follow":"follow","max-snippet":"max-snippet:-1","max-image-preview":"max-image-preview:large","max-video-preview":"max-video-preview:-1"},"canonical":"https:\/\/babgyaloglo.hu\/ro\/produs\/humbuk-and-bukhum-postcards\/","og_locale":"ro_RO","og_type":"article","og_title":"Humbuk \u0219i Bukhum c\u0103r\u021bi po\u0219tale, tatuaj, autocolant - B\u00e1bgyalogl\u00f3","og_description":"Acest pachet se bazeaz\u0103 pe povestea lui Humbuk \u0219i Bukhum. Include 3 c\u0103r\u021bi po\u0219tale cu scenele preferate, 1 foaie de colec\u021bie de autocolante din plastic cu model negru \u0219i 1 foaie de colec\u021bie de tatuaje temporare lavabile, prietenoase cu pielea.","og_url":"https:\/\/babgyaloglo.hu\/ro\/produs\/humbuk-and-bukhum-postcards\/","og_site_name":"B\u00e1bgyalogl\u00f3","article_modified_time":"2023-10-05T10:47:37+00:00","og_image":[{"width":1024,"height":1024,"url":"https:\/\/babgyaloglo.hu\/wp-content\/uploads\/2023\/10\/matricacsomag.jpg","type":"image\/jpeg"}],"twitter_card":"summary_large_image","twitter_misc":{"Timp estimat pentru citire":"1 minut"},"schema":{"@context":"https:\/\/schema.org","@graph":[{"@type":"WebPage","@id":"https:\/\/babgyaloglo.hu\/ro\/produs\/humbuk-and-bukhum-postcards\/","url":"https:\/\/babgyaloglo.hu\/ro\/produs\/humbuk-and-bukhum-postcards\/","name":"Humbuk \u0219i Bukhum c\u0103r\u021bi po\u0219tale, tatuaj, autocolant - B\u00e1bgyalogl\u00f3","isPartOf":{"@id":"https:\/\/babgyaloglo.hu\/ro\/#website"},"primaryImageOfPage":{"@id":"https:\/\/babgyaloglo.hu\/ro\/produs\/humbuk-and-bukhum-postcards\/#primaryimage"},"image":{"@id":"https:\/\/babgyaloglo.hu\/ro\/produs\/humbuk-and-bukhum-postcards\/#primaryimage"},"thumbnailUrl":"https:\/\/babgyaloglo.hu\/wp-content\/uploads\/2023\/10\/matricacsomag.jpg","datePublished":"2023-10-05T10:05:02+00:00","dateModified":"2023-10-05T10:47:37+00:00","breadcrumb":{"@id":"https:\/\/babgyaloglo.hu\/ro\/produs\/humbuk-and-bukhum-postcards\/#breadcrumb"},"inLanguage":"ro-RO","potentialAction":[{"@type":"ReadAction","target":["https:\/\/babgyaloglo.hu\/ro\/produs\/humbuk-and-bukhum-postcards\/"]}]},{"@type":"ImageObject","inLanguage":"ro-RO","@id":"https:\/\/babgyaloglo.hu\/ro\/produs\/humbuk-and-bukhum-postcards\/#primaryimage","url":"https:\/\/babgyaloglo.hu\/wp-content\/uploads\/2023\/10\/matricacsomag.jpg","contentUrl":"https:\/\/babgyaloglo.hu\/wp-content\/uploads\/2023\/10\/matricacsomag.jpg","width":1024,"height":1024},{"@type":"BreadcrumbList","@id":"https:\/\/babgyaloglo.hu\/ro\/produs\/humbuk-and-bukhum-postcards\/#breadcrumb","itemListElement":[{"@type":"ListItem","position":1,"name":"Home","item":"https:\/\/babgyaloglo.hu\/ro\/"},{"@type":"ListItem","position":2,"name":"Webshop","item":"https:\/\/babgyaloglo.hu\/webshop\/"},{"@type":"ListItem","position":3,"name":"Humbuk \u0219i Bukhum c\u0103r\u021bi po\u0219tale, tatuaj, autocolant"}]},{"@type":"WebSite","@id":"https:\/\/babgyaloglo.hu\/ro\/#website","url":"https:\/\/babgyaloglo.hu\/ro\/","name":"B\u00e1bgyalogl\u00f3","description":"Art Village","potentialAction":[{"@type":"SearchAction","target":{"@type":"EntryPoint","urlTemplate":"https:\/\/babgyaloglo.hu\/ro\/?s={search_term_string}"},"query-input":{"@type":"PropertyValueSpecification","valueRequired":true,"valueName":"search_term_string"}}],"inLanguage":"ro-RO"}]}},"_links":{"self":[{"href":"https:\/\/babgyaloglo.hu\/ro\/wp-json\/wp\/v2\/product\/1461","targetHints":{"allow":["GET"]}}],"collection":[{"href":"https:\/\/babgyaloglo.hu\/ro\/wp-json\/wp\/v2\/product"}],"about":[{"href":"https:\/\/babgyaloglo.hu\/ro\/wp-json\/wp\/v2\/types\/product"}],"wp:featuredmedia":[{"embeddable":true,"href":"https:\/\/babgyaloglo.hu\/ro\/wp-json\/wp\/v2\/media\/1582"}],"wp:attachment":[{"href":"https:\/\/babgyaloglo.hu\/ro\/wp-json\/wp\/v2\/media?parent=1461"}],"wp:term":[{"taxonomy":"product_brand","embeddable":true,"href":"https:\/\/babgyaloglo.hu\/ro\/wp-json\/wp\/v2\/product_brand?post=1461"},{"taxonomy":"product_cat","embeddable":true,"href":"https:\/\/babgyaloglo.hu\/ro\/wp-json\/wp\/v2\/product_cat?post=1461"},{"taxonomy":"product_tag","embeddable":true,"href":"https:\/\/babgyaloglo.hu\/ro\/wp-json\/wp\/v2\/product_tag?post=1461"}],"curies":[{"name":"wp","href":"https:\/\/api.w.org\/{rel}","templated":true}]}}